{"id":101,"date":"2016-02-12T19:44:17","date_gmt":"2016-02-12T18:44:17","guid":{"rendered":"http:\/\/cadetfrancelibre.fr\/?page_id=101"},"modified":"2019-01-29T09:52:06","modified_gmt":"2019-01-29T08:52:06","slug":"1940-2","status":"publish","type":"page","link":"https:\/\/cadetfrancelibre.fr\/index.php\/1940-2\/","title":{"rendered":"1940"},"content":{"rendered":"<h3><strong>1940, l&rsquo;ann\u00e9e noire o\u00f9 tout bascule<\/strong><\/h3>\n<p>Il y a beaucoup de choses \u00e0 dire sur cette ann\u00e9e 1940.<br \/>\nLe contexte de l&rsquo;\u00e9poque permet de mieux comprendre l&rsquo;ambiance dans laquelle les futurs Cadets se trouvaient<br \/>\nLes quelques th\u00e8mes \u00e9voqu\u00e9s ci-apr\u00e8s ouvrent sur des liens plus sp\u00e9cialis\u00e9s<\/p>\n<p>Tout d&rsquo;abord, la <a href=\"https:\/\/fr.wikipedia.org\/wiki\/1940_en_France\">chronologie<\/a><\/p>\n<h3><strong>La d\u00e9b\u00e2cle militaire<\/strong><\/h3>\n<ul>\n<li>La <a href=\"https:\/\/fr.wikipedia.org\/wiki\/Bataille_de_France\">bataille de France<\/a><\/li>\n<li>\u00a0Les blind\u00e9s allemands <a href=\"https:\/\/www.youtube.com\/watch?v=EKNyczL4U3Q\">char<\/a><\/li>\n<li>\u00a0La bataille de <a href=\"https:\/\/fr.wikipedia.org\/wiki\/Bataille_de_Montcornet\">Montcornet<\/a><\/li>\n<li>\u00a0Les g\u00e9n\u00e9raux prisonniers<\/li>\n<li><a href=\"https:\/\/www.youtube.com\/watch?v=EAVvAnPN85E\">Le chaos<\/a><\/li>\n<\/ul>\n<h3><strong>La d\u00e9b\u00e2cle intellectuelle<\/strong><\/h3>\n<p>Les intellectuels s&rsquo;engagent dans les partis et les oppositions d&rsquo;id\u00e9es alimentent des oppositions plus mat\u00e9rielles.<br \/>\nHaines de races ou haines de classes, pacifistes, r\u00e9alistes, n\u00e9o-royalistes, Radicaux, communistes et socialistes sans compter les fascistes \u00ab\u00a0\u00e0 la fran\u00e7aise\u00a0\u00bb\u00a0, belle cacophonie\u00a0(<a href=\"http:\/\/www.philisto.fr\/cours-111-l-entre-deux-guerres-culturel-en-france.html\">lire<\/a>)<\/p>\n<p>Avec l&rsquo;occupation allemande, beaucoup d&rsquo;intellectuels se mettent avec le nouveau r\u00e9gime<br \/>\nJean Gu\u00e9ehenno en fait un portrait cinglant dans son \u00ab\u00a0<a href=\"http:\/\/www.babelio.com\/livres\/Guehenno-Journal-des-annees-noires-1940-1944\/83347\" target=\"_blank\">journal des ann\u00e9es noires<\/a>\u00a0\u00bb<\/p>\n<h3><strong>La d\u00e9b\u00e2cle politique<\/strong><\/h3>\n<p>Apr\u00e8s la grande Guerre, la crise \u00e9conomique frappe la 3\u00e8me r\u00e9publique qui sombre dans une p\u00e9riode d&rsquo;instabilit\u00e9 parlementaire \u00e0 partir de 1931 (<a href=\"http:\/\/www.senat.fr\/histoire\/1875-1940\/histoire\/valse.htm\">lire<\/a>\u00a0)<\/p>\n<p>L&rsquo;entr\u00e9e en guerre donne lieu \u00e0 l&rsquo;interdiction du parti communiste qui comportait 72 d\u00e9put\u00e9s (<a href=\"https:\/\/fr.wikipedia.org\/wiki\/Parti_communiste_fran%C3%A7ais_pendant_la_dr%C3%B4le_de_guerre\">lire<\/a>)<\/p>\n<h3><strong>La fin\u00a0de la 3\u00e8me R\u00e9publique<\/strong><\/h3>\n<p>D\u00e9mission du Pr\u00e9sident, d\u00e9m\u00e9nagement \u00e0 Vichy et modification de la constitution, puis ajournement des assembl\u00e9es &#8230; <a href=\"http:\/\/www.senat.fr\/histoire\/1875-1940\/histoire\/lafin.htm\">(la fin)<\/a><\/p>\n<h3><strong>Le Mar\u00e9chal P\u00e9tain<\/strong><\/h3>\n<p>Adul\u00e9 officiellement par 98% des Fran\u00e7ais durant l&rsquo;occupation,<br \/>\nson gouvernement ent\u00e9rine le pillage \u00e9conomique de la France,<br \/>\nla politique anti-juive,\u00a0et la condamnation des \u00ab\u00a0Fran\u00e7ais libres\u00a0\u00bb<br \/>\nCharles De Gaulle dira de lui \u00ab\u00a0toute vieillesse est un naufrage\u00a0\u00bb (<a href=\"https:\/\/www.youtube.com\/watch?v=due4avh81h4\">l&rsquo;annonce de l&rsquo;armistice<\/a>)<br \/>\nLa voix tremblotante de son discours du 17 juin d\u00e9cide un certain nombre de Fran\u00e7ais \u00e0 passer en Angleterre avant m\u00eame d&rsquo;entendre l&rsquo;appel de Charles De Gaulle<\/p>\n<h3><strong>L&rsquo;alliance Anglaise<\/strong><\/h3>\n<p>Alliance politique et militaire, dans la continuit\u00e9 des alliances de 1914-18, L&rsquo;alliance avait m\u00eame donn\u00e9 un projet <a href=\"https:\/\/fr.wikipedia.org\/wiki\/Union_franco-britannique\">d&rsquo;union politique<\/a>, un projet imagin\u00e9 par Jean MONNET et Winston CHURCHILL. La d\u00e9b\u00e2cle de 1940 emporta le projet et amena m\u00eame la <a href=\"http:\/\/www.persee.fr\/doc\/xxs_0294-1759_1990_num_25_1_2223\" target=\"_blank\">rupture de l&rsquo;alliance<\/a><\/p>\n<h3><strong>L&rsquo;appel du G\u00e9n\u00e9ral De Gaulle<\/strong><\/h3>\n<p><a href=\"https:\/\/www.youtube.com\/watch?v=uRo-3Y1MdwQ\">Le discours<\/a> &#8211; <a href=\"http:\/\/fresques.ina.fr\/de-gaulle\/fiche-media\/Gaulle00300\/appel-du-22-juin-1940.html\">Le texte du 22\/6<\/a>\u00a0&#8211; <a href=\"https:\/\/cadetfrancelibre.fr\/wp-content\/uploads\/2017\/07\/FCDG_CIT02_18juin.pdf\" target=\"_blank\">Le texte du 18\/6<\/a><\/p>\n<h3><strong>Les Fran\u00e7ais r\u00e9fugi\u00e9s en Angleterre<\/strong><\/h3>\n<h3><strong>Les Fran\u00e7ais r\u00e9fugi\u00e9s en Am\u00e9rique<\/strong><\/h3>\n<p><a href=\"https:\/\/cadetfrancelibre.fr\/index.php\/levasion\/\"><img loading=\"lazy\" decoding=\"async\" class=\"alignright wp-image-1393 size-full\" src=\"https:\/\/cadetfrancelibre.fr\/wp-content\/uploads\/2019\/01\/lien_page.jpg\" alt=\"lien_page\" width=\"98\" height=\"54\" \/><\/a><\/p>\n<p>&nbsp;<\/p>\n","protected":false},"excerpt":{"rendered":"<p>1940, l&rsquo;ann\u00e9e noire o\u00f9 tout bascule Il y a beaucoup de choses \u00e0 dire sur cette ann\u00e9e 1940. Le contexte de l&rsquo;\u00e9poque permet de mieux comprendre l&rsquo;ambiance dans laquelle les futurs Cadets se trouvaient Les quelques th\u00e8mes \u00e9voqu\u00e9s ci-apr\u00e8s ouvrent &hellip; <a href=\"https:\/\/cadetfrancelibre.fr\/index.php\/1940-2\/\">Continuer la lecture <span class=\"meta-nav\">&rarr;<\/span><\/a><\/p>\n","protected":false},"author":1,"featured_media":0,"parent":0,"menu_order":1,"comment_status":"closed","ping_status":"closed","template":"","meta":{"footnotes":""},"class_list":["post-101","page","type-page","status-publish","hentry"],"_links":{"self":[{"href":"https:\/\/cadetfrancelibre.fr\/index.php\/wp-json\/wp\/v2\/pages\/101","targetHints":{"allow":["GET"]}}],"collection":[{"href":"https:\/\/cadetfrancelibre.fr\/index.php\/wp-json\/wp\/v2\/pages"}],"about":[{"href":"https:\/\/cadetfrancelibre.fr\/index.php\/wp-json\/wp\/v2\/types\/page"}],"author":[{"embeddable":true,"href":"https:\/\/cadetfrancelibre.fr\/index.php\/wp-json\/wp\/v2\/users\/1"}],"replies":[{"embeddable":true,"href":"https:\/\/cadetfrancelibre.fr\/index.php\/wp-json\/wp\/v2\/comments?post=101"}],"version-history":[{"count":21,"href":"https:\/\/cadetfrancelibre.fr\/index.php\/wp-json\/wp\/v2\/pages\/101\/revisions"}],"predecessor-version":[{"id":1397,"href":"https:\/\/cadetfrancelibre.fr\/index.php\/wp-json\/wp\/v2\/pages\/101\/revisions\/1397"}],"wp:attachment":[{"href":"https:\/\/cadetfrancelibre.fr\/index.php\/wp-json\/wp\/v2\/media?parent=101"}],"curies":[{"name":"wp","href":"https:\/\/api.w.org\/{rel}","templated":true}]}}