{"id":1053,"date":"2017-08-20T18:14:58","date_gmt":"2017-08-20T17:14:58","guid":{"rendered":"http:\/\/cadetfrancelibre.fr\/?page_id=1053"},"modified":"2022-01-29T18:35:02","modified_gmt":"2022-01-29T17:35:02","slug":"les-parachutistes-des-3eme-et-4eme-s-a-s-2eme-et-4eme-rcp","status":"publish","type":"page","link":"https:\/\/cadetfrancelibre.fr\/index.php\/laction\/les-parachutistes-des-3eme-et-4eme-s-a-s-2eme-et-4eme-rcp\/","title":{"rendered":"Les parachutistes des 3rd et 4th S.A.S. (3eRCP et 4eRCP)"},"content":{"rendered":"<p><strong>22 Cadets ont suivi la formation SAS<br \/>\n<\/strong>Vingt deux Cadets de la France Libre (soit pr\u00e8s de 10% des Cadets issus des cinq Promotions) ont rejoint les unit\u00e9s SAS apr\u00e8s avoir \u00e9t\u00e9 brevet\u00e9s parachutistes \u00e0 RINGWAY et avoir suivi les stages commandos SAS en ECOSSE.<br \/>\nLes actions SAS correspondaient bien aux qualit\u00e9s des Cadets qui avaient rejoint l\u2019Angleterre dans des conditions souvent \u00e9prouvantes et difficiles. Le courage, le sens de l\u2019initiative en toutes circonstances, l\u2019engagement physique, la volont\u00e9 farouche de lib\u00e9rer leur pays occup\u00e9 \u00e9taient des caract\u00e9ristiques qui ont conduit de nombreux Cadets \u00e0 souhaiter rejoindre ces unit\u00e9s d\u2019\u00e9lite.<\/p>\n<p><strong>Ils sont en Normandie, en Bretagne, en Vend\u00e9e et\u00a0partout o\u00f9 il faut d\u00e9sorganiser les Allemands<\/strong><br \/>\nCes Cadets, certains dans le cadre du BCRA, puis des SAS, ont \u00e9t\u00e9 parachut\u00e9s derri\u00e8re les lignes ennemies afin de harceler les Allemands en retraite apr\u00e8s les d\u00e9barquements en Normandie et en Provence.<br \/>\nD\u00e8s le 5 juin, les SAS sont parachut\u00e9s en Bretagne afin de d\u00e9sorganiser les moyens de communication et d\u2019emp\u00eacher ainsi les renforts allemands. Ils interviendront ensuite en Vend\u00e9e, dans le Finist\u00e8re, le Limousin, les Monts du Lyonnais, et en Sa\u00f4ne et Loire, puis sur la Loire et prendront part \u00e0 la Lib\u00e9ration de Paris ;<\/p>\n<p><strong>Apr\u00e8s la France, en Belgique, au Luxembourg, en Hollande et en l&rsquo;Allemagne<\/strong><\/p>\n<ul>\n<li>En novembre 1944, ils interviendront\u00a0 dans les Ardennes belges lors de la bataille des Ardennes (<a href=\"https:\/\/fr.wikipedia.org\/wiki\/Bataille_des_Ardennes\" target=\"_blank\" rel=\"noopener noreferrer\">op\u00e9ration Franklin<\/a>)<\/li>\n<li>Les 3\u00e8me et 4\u00e8me SAS ont op\u00e9r\u00e9 ensuite d\u00e9but avril 1945 en Hollande dans le cadre de <a href=\"https:\/\/fr.wikipedia.org\/wiki\/Op%C3%A9ration_Amherst\" target=\"_blank\" rel=\"noopener noreferrer\">l\u2019op\u00e9ration AMHERST<\/a>.<\/li>\n<li>Certains interviendront aussi en Allemagne<\/li>\n<\/ul>\n<p><strong>Et plus tard en Indochine, en Cor\u00e9e et en Alg\u00e9rie<\/strong><br \/>\nDe nombreux Cadets SAS ont poursuivi une carri\u00e8re militaire apr\u00e8s la 2\u00e8me guerre mondiale, en Indochine, en Cor\u00e9e avec le Bataillon fran\u00e7ais de Cor\u00e9e, en Alg\u00e9rie et plus largement sur tous les th\u00e9\u00e2tres d\u2019op\u00e9rations ext\u00e9rieurs o\u00f9 la France a \u00e9t\u00e9 engag\u00e9e.<\/p>\n<p>Sur les 22 Cadets SAS, 1 appartenait \u00e0 la promotion Lib\u00e9ration, 4 \u00e0 la promotion BIR HAKEIM, 3 \u00e0 FEZZAN TUNISIE, 9 \u00e0 CORSE et SAVOIE et 5 \u00e0 la promotion 18 JUIN.<\/p>\n<p><strong>8 des Cadets sont \u00ab\u00a0Morts pour la France\u00a0\u00bb<\/strong><br \/>\n8 sont \u00ab morts pour la France \u00bb, 5 en 1944 pour la lib\u00e9ration de la France (F. ARCILLE dit MARIANI, J.CHATENAY, JC DIAMANT- BERGER, G. GAULTIER de CARVILLE, G. LYON-CAEN), 1 en Hollande au cours de l\u2019op\u00e9ration AMHERST (G. TAYLOR), 1 en Indochine en 1947 (PA. METZ) et le dernier Claude BARRES est mort en Alg\u00e9rie en 1959.<\/p>\n<p><strong>Le capitaine Robert MOULIE, instructeur \u00e0 Ribbesford rejoint aussi les SAS<br \/>\n<\/strong>Le capitaine Robert MOULIE, instructeur des Cadets a entrain\u00e9 avec lui des Cadets \u00e0 le suivre au BCRA puis dans les SAS. Ainsi dans le cadre du BCRA, il a \u00e9t\u00e9 parachut\u00e9 dans le Jura avec les Cadets Marcel EDME et Raymond CASSEL pour encadrer un bataillon FFI et ralentir la remont\u00e9e des troupes allemandes vers le Nord. Puis en tant qu\u2019adjoint du Commandant le 4\u00e8me SAS, il a particip\u00e9 \u00e0 l\u2019op\u00e9ration AMHERST en Hollande en avril 1945 avec 10 anciens Cadets. Comme beaucoup d\u2019entre eux, il poursuit une carri\u00e8re militaire parachutiste en Indochine, \u00e0 SUEZ , en Alg\u00e9rie. Il a \u00e9t\u00e9 le 1er chef de corps du 1er RPIMa en 1960, r\u00e9giment qui est aujourd\u2019hui le fer de lance des forces sp\u00e9ciales Terre et ainsi l\u2019h\u00e9ritier des unit\u00e9s SAS fran\u00e7ais de la deuxi\u00e8me Guerre mondiale.<br \/>\nPour de plus amples renseignements sur les cadets SAS, voir \u00ab Les Parachutistes SAS de la France Libre \u00bb par David PORTIER et aussi le livre \u00ab\u00a0b\u00e9rets rouges\u00a0\u00bb \u00e9crit par l&rsquo;un des cadets, Henry Coutant (alias Henry CORTA)<\/p>\n<p>On consultera aussi le site de l\u2019Association des familles de\u00a0Parachutistes SAS (AFPSAS).<br \/>\n(voir les liens ci-dessous)<\/p>\n<p><strong>Les aspirants<\/strong><br \/>\n<a href=\"https:\/\/memorial.afpsas.fr\/article602.html\" target=\"_blank\" rel=\"noopener noreferrer\">Gilles ANSPACH<\/a>,\u00a0 <a href=\"https:\/\/memorial.afpsas.fr\/article464.html\" target=\"_blank\" rel=\"noopener noreferrer\">Albert BACUEZ<\/a>,\u00a0 <a href=\"https:\/\/memorial.afpsas.fr\/article482.html\" target=\"_blank\" rel=\"noopener noreferrer\">Claude BARR\u00c8S<\/a>,\u00a0 <a href=\"https:\/\/memorial.afpsas.fr\/article533.html\" target=\"_blank\" rel=\"noopener noreferrer\">Jacques BOUFFARTIGUE<\/a>,<br \/>\n<a href=\"https:\/\/memorial.afpsas.fr\/article524.html\" target=\"_blank\" rel=\"noopener noreferrer\">Marc BOYE,<\/a>\u00a0 <a href=\"https:\/\/memorial.afpsas.fr\/article603.html\" target=\"_blank\" rel=\"noopener noreferrer\">Yves CANTIN<\/a>,\u00a0 <a href=\"https:\/\/memorial.afpsas.fr\/article604.html\" target=\"_blank\" rel=\"noopener noreferrer\">Raymond CASSEL<\/a>,\u00a0 <a href=\"https:\/\/memorial.afpsas.fr\/article605.html\" target=\"_blank\" rel=\"noopener noreferrer\">Jacques CHATENAY<\/a>,<br \/>\n<a href=\"https:\/\/memorial.afpsas.fr\/article566.html\" target=\"_blank\" rel=\"noopener noreferrer\">Henry COUTANT<\/a>,\u00a0 <a href=\"https:\/\/memorial.afpsas.fr\/article606.html\" target=\"_blank\" rel=\"noopener noreferrer\">Jean-Claude DIAMANT-BERGER<\/a>,\u00a0 <a href=\"https:\/\/memorial.afpsas.fr\/article491.html\" target=\"_blank\" rel=\"noopener noreferrer\">R\u00e9mi DREYFUS<\/a>,<br \/>\n<a href=\"https:\/\/memorial.afpsas.fr\/article179.html\" target=\"_blank\" rel=\"noopener noreferrer\">Maurice DUNO<\/a>,\u00a0 <a href=\"https:\/\/memorial.afpsas.fr\/article607.html\" target=\"_blank\" rel=\"noopener noreferrer\">Marcel EDME<\/a>,\u00a0 <a href=\"https:\/\/memorial.afpsas.fr\/article56.html\" target=\"_blank\" rel=\"noopener noreferrer\">G\u00e9rard GAULTIER de CARVILLE<\/a>,<br \/>\n<a href=\"https:\/\/memorial.afpsas.fr\/article308.html\" target=\"_blank\" rel=\"noopener noreferrer\">Pierre-Henri LAG\u00c8ZE<\/a>,\u00a0 <a href=\"https:\/\/memorial.afpsas.fr\/article411.html\" target=\"_blank\" rel=\"noopener noreferrer\">Georges LYON-CAEN<\/a>,\u00a0 <a href=\"https:\/\/memorial.afpsas.fr\/article118.html\" target=\"_blank\" rel=\"noopener noreferrer\">Fran\u00e7ois MARIANI<\/a>,<br \/>\n<a href=\"https:\/\/memorial.afpsas.fr\/article351.html\" target=\"_blank\" rel=\"noopener noreferrer\">Paul-Andr\u00e9 METZ<\/a> ,\u00a0 <a href=\"https:\/\/memorial.afpsas.fr\/article608.html\" target=\"_blank\" rel=\"noopener noreferrer\">Jean SERVI\u00c8RE<\/a>,\u00a0<a href=\"https:\/\/memorial.afpsas.fr\/article441.html\" target=\"_blank\" rel=\"noopener noreferrer\"> Georges TAYLOR<\/a><\/p>\n<p><b>Deux \u00e9l\u00e8ves<\/b><br \/>\nLes fr\u00e8res <a href=\"https:\/\/memorial.afpsas.fr\/article522.html\" target=\"_blank\" rel=\"noopener noreferrer\">Jean-Pierre<\/a> et <a href=\"https:\/\/memorial.afpsas.fr\/article521.html\" target=\"_blank\" rel=\"noopener noreferrer\">Fran\u00e7ois LA CLOCHE de VALLOMBREUSE<\/a>,<br \/>\n<strong>Deux instructeurs\u00a0<\/strong><br \/>\n<a href=\"https:\/\/memorial.afpsas.fr\/article484.html\" target=\"_blank\" rel=\"noopener noreferrer\">Robert MOULI\u00c9<\/a>, <a href=\"https:\/\/memorial.afpsas.fr\/article376.html\" target=\"_blank\" rel=\"noopener noreferrer\">Fran\u00e7ois Baconnais<\/a><br \/>\n<a href=\"https:\/\/cadetfrancelibre.fr\/index.php\/des-modeles\/\"><img loading=\"lazy\" decoding=\"async\" class=\"alignright wp-image-1393 size-full\" src=\"https:\/\/cadetfrancelibre.fr\/wp-content\/uploads\/2019\/01\/lien_page.jpg\" alt=\"lien_page\" width=\"98\" height=\"54\" \/><\/a><\/p>\n","protected":false},"excerpt":{"rendered":"<p>22 Cadets ont suivi la formation SAS Vingt deux Cadets de la France Libre (soit pr\u00e8s de 10% des Cadets issus des cinq Promotions) ont rejoint les unit\u00e9s SAS apr\u00e8s avoir \u00e9t\u00e9 brevet\u00e9s parachutistes \u00e0 RINGWAY et avoir suivi les &hellip; <a href=\"https:\/\/cadetfrancelibre.fr\/index.php\/laction\/les-parachutistes-des-3eme-et-4eme-s-a-s-2eme-et-4eme-rcp\/\">Continuer la lecture <span class=\"meta-nav\">&rarr;<\/span><\/a><\/p>\n","protected":false},"author":1,"featured_media":0,"parent":20,"menu_order":10,"comment_status":"closed","ping_status":"closed","template":"","meta":{"footnotes":""},"class_list":["post-1053","page","type-page","status-publish","hentry"],"_links":{"self":[{"href":"https:\/\/cadetfrancelibre.fr\/index.php\/wp-json\/wp\/v2\/pages\/1053","targetHints":{"allow":["GET"]}}],"collection":[{"href":"https:\/\/cadetfrancelibre.fr\/index.php\/wp-json\/wp\/v2\/pages"}],"about":[{"href":"https:\/\/cadetfrancelibre.fr\/index.php\/wp-json\/wp\/v2\/types\/page"}],"author":[{"embeddable":true,"href":"https:\/\/cadetfrancelibre.fr\/index.php\/wp-json\/wp\/v2\/users\/1"}],"replies":[{"embeddable":true,"href":"https:\/\/cadetfrancelibre.fr\/index.php\/wp-json\/wp\/v2\/comments?post=1053"}],"version-history":[{"count":10,"href":"https:\/\/cadetfrancelibre.fr\/index.php\/wp-json\/wp\/v2\/pages\/1053\/revisions"}],"predecessor-version":[{"id":2494,"href":"https:\/\/cadetfrancelibre.fr\/index.php\/wp-json\/wp\/v2\/pages\/1053\/revisions\/2494"}],"up":[{"embeddable":true,"href":"https:\/\/cadetfrancelibre.fr\/index.php\/wp-json\/wp\/v2\/pages\/20"}],"wp:attachment":[{"href":"https:\/\/cadetfrancelibre.fr\/index.php\/wp-json\/wp\/v2\/media?parent=1053"}],"curies":[{"name":"wp","href":"https:\/\/api.w.org\/{rel}","templated":true}]}}