{"id":116,"date":"2016-02-13T21:24:30","date_gmt":"2016-02-13T20:24:30","guid":{"rendered":"http:\/\/cadetfrancelibre.fr\/?page_id=116"},"modified":"2019-01-29T10:26:14","modified_gmt":"2019-01-29T09:26:14","slug":"le-college-de-malvern","status":"publish","type":"page","link":"https:\/\/cadetfrancelibre.fr\/index.php\/formation\/le-college-de-malvern\/","title":{"rendered":"Le Coll\u00e8ge de MALVERN"},"content":{"rendered":"<p><img loading=\"lazy\" decoding=\"async\" src=\"https:\/\/cadetfrancelibre.fr\/wp-content\/uploads\/2016\/02\/Ascfl_Malvern.jpg\" alt=\"Ascfl_Malvern\" width=\"906\" height=\"336\" class=\"alignleft size-full wp-image-162\" srcset=\"https:\/\/cadetfrancelibre.fr\/wp-content\/uploads\/2016\/02\/Ascfl_Malvern.jpg 906w, https:\/\/cadetfrancelibre.fr\/wp-content\/uploads\/2016\/02\/Ascfl_Malvern-300x111.jpg 300w, https:\/\/cadetfrancelibre.fr\/wp-content\/uploads\/2016\/02\/Ascfl_Malvern-768x285.jpg 768w\" sizes=\"auto, (max-width: 906px) 100vw, 906px\" \/><\/p>\n<h3>MALVERN COLLEGE<\/h3>\n<p>C&rsquo;est un grand coll\u00e8ge dans la tradition anglaises (<a href=\"http:\/\/www.malverncollege.org.uk\/\" target=\"_blank\">allez voir le site<\/a>)<br \/>\n<span style=\"color: #000000; font-family: Times New Roman;\">R\u00e9serv\u00e9 \u00e0 l&rsquo;\u00e9lite le coll\u00e8ge de Malvern est l&rsquo;un des \u00ab must \u00bb des \u00ab Public Schools \u00bb d&rsquo;Angleterre. La s\u00e9lection de ses \u00e9tudiants est draconienne. Les admis pr\u00e9parent les concours d&rsquo;entr\u00e9e de deux prestigieuses universit\u00e9s, Oxford et Cambridge.<\/span><\/p>\n<h4>Les locaux &#8211; le confort<\/h4>\n<p>Les cadets sont les invit\u00e9s de cette Public School avec son magnifique environnement de vertes pelouses, de jardins, d&rsquo;arbres et d&rsquo;all\u00e9es. La maison 5 du coll\u00e8ge est mise \u00e0 leur disposition, avec des salles de cours, d&rsquo;\u00e9tudes, de repos, de lecture, des r\u00e9fectoires, des dortoirs partag\u00e9s en \u00ab\u00a0cubicles\u00a0\u00bb (des espaces personnels), des douches et des sanitaires. Tout est parfaitement fonctionnel et confortable.<br \/>\nEnfin, pour le d\u00e9veloppement physique, les Cadets disposent d&rsquo;un gymnase \u00e9quip\u00e9 pour pratiquer toutes sortes de sports ainsi que la natation. En plein air il y a des terrains de football, de tennis, de rugby, de cricket. Bref, tout est en parfait \u00e9tat et au m\u00eame titre que pour les \u00e9tudiants anglais, les Cadets en ont le plein usage.<\/p>\n<h3>L&rsquo;arriv\u00e9e<\/h3>\n<p>L&rsquo;arriv\u00e9e des Cadets se fait le 4 f\u00e9vrier 1941. A cette date ils sont 43. Si les locaux font leur \u00e9merveillement, les nouveaux cadres les soumettent \u00e0 un entra\u00eenement intense aussi bien physique qu&rsquo;intellectuel et moral.<br \/>\nMais il reste toujours un peu de temps pour des sorties en ville o\u00f9 les Cadets re\u00e7oivent toujours un excellent accueil des Anglais &#8230; et des Anglaises.<\/p>\n<h3>La\u00a0remise de son fanion \u00e0 la promotion Lib\u00e9ration<\/h3>\n<p>Le G\u00e9n\u00e9ral DE GAULLE vient\u00a0visiter le nouveau cadre le 13 septembre 1941.\u00a0Sa visite donne lieu \u00e0 une prise d&rsquo;arme, \u00e0 la d\u00e9coration des officiers et \u00e0 la <a href=\"https:\/\/cadetfrancelibre.fr\/index.php\/2016\/03\/09\/13-septembre-1941-visite-du-general-de-gaulle-a-malvern\/\" target=\"_blank\">remise du fanion<\/a> de l&rsquo;\u00e9cole aux\u00a0cadets.<\/p>\n<h3>Le d\u00e9m\u00e9nagement \u00e0 Ribbesford<\/h3>\n<p>Les locaux sont mobilis\u00e9s par l&rsquo;arm\u00e9e Britannique et les Cadets emm\u00e9nagent \u00e0 Ribbesford le 18 mai 1942.<\/p>\n<p><a href=\"https:\/\/cadetfrancelibre.fr\/index.php\/formation\/ribbesford\/\"><img loading=\"lazy\" decoding=\"async\" class=\"alignright wp-image-1393 size-full\" src=\"https:\/\/cadetfrancelibre.fr\/wp-content\/uploads\/2019\/01\/lien_page.jpg\" alt=\"lien_page\" width=\"98\" height=\"54\" \/><\/a><\/p>\n","protected":false},"excerpt":{"rendered":"<p>MALVERN COLLEGE C&rsquo;est un grand coll\u00e8ge dans la tradition anglaises (allez voir le site) R\u00e9serv\u00e9 \u00e0 l&rsquo;\u00e9lite le coll\u00e8ge de Malvern est l&rsquo;un des \u00ab must \u00bb des \u00ab Public Schools \u00bb d&rsquo;Angleterre. La s\u00e9lection de ses \u00e9tudiants est draconienne. &hellip; <a href=\"https:\/\/cadetfrancelibre.fr\/index.php\/formation\/le-college-de-malvern\/\">Continuer la lecture <span class=\"meta-nav\">&rarr;<\/span><\/a><\/p>\n","protected":false},"author":1,"featured_media":162,"parent":14,"menu_order":6,"comment_status":"closed","ping_status":"closed","template":"","meta":{"footnotes":""},"class_list":["post-116","page","type-page","status-publish","has-post-thumbnail","hentry"],"_links":{"self":[{"href":"https:\/\/cadetfrancelibre.fr\/index.php\/wp-json\/wp\/v2\/pages\/116","targetHints":{"allow":["GET"]}}],"collection":[{"href":"https:\/\/cadetfrancelibre.fr\/index.php\/wp-json\/wp\/v2\/pages"}],"about":[{"href":"https:\/\/cadetfrancelibre.fr\/index.php\/wp-json\/wp\/v2\/types\/page"}],"author":[{"embeddable":true,"href":"https:\/\/cadetfrancelibre.fr\/index.php\/wp-json\/wp\/v2\/users\/1"}],"replies":[{"embeddable":true,"href":"https:\/\/cadetfrancelibre.fr\/index.php\/wp-json\/wp\/v2\/comments?post=116"}],"version-history":[{"count":8,"href":"https:\/\/cadetfrancelibre.fr\/index.php\/wp-json\/wp\/v2\/pages\/116\/revisions"}],"predecessor-version":[{"id":1406,"href":"https:\/\/cadetfrancelibre.fr\/index.php\/wp-json\/wp\/v2\/pages\/116\/revisions\/1406"}],"up":[{"embeddable":true,"href":"https:\/\/cadetfrancelibre.fr\/index.php\/wp-json\/wp\/v2\/pages\/14"}],"wp:featuredmedia":[{"embeddable":true,"href":"https:\/\/cadetfrancelibre.fr\/index.php\/wp-json\/wp\/v2\/media\/162"}],"wp:attachment":[{"href":"https:\/\/cadetfrancelibre.fr\/index.php\/wp-json\/wp\/v2\/media?parent=116"}],"curies":[{"name":"wp","href":"https:\/\/api.w.org\/{rel}","templated":true}]}}