{"id":12,"date":"2016-02-03T11:37:56","date_gmt":"2016-02-03T10:37:56","guid":{"rendered":"http:\/\/cadetfrancelibre.fr\/?page_id=12"},"modified":"2020-12-04T19:59:52","modified_gmt":"2020-12-04T18:59:52","slug":"levasion","status":"publish","type":"page","link":"https:\/\/cadetfrancelibre.fr\/index.php\/levasion\/","title":{"rendered":"L&rsquo;\u00e9vasion"},"content":{"rendered":"<p>Des jeunes de moins de 18 ans r\u00e9pondent \u00e0 <a href=\"http:\/\/fresques.ina.fr\/de-gaulle\/fiche-media\/Gaulle00300\/appel-du-22-juin-1940.html\" target=\"_blank\" rel=\"noopener noreferrer\">l&rsquo;appel du G\u00e9n\u00e9ral de Gaulle <\/a>ou m\u00eame pour certains, devancent l&rsquo;appel et quittent la France. (<a href=\"https:\/\/www.reussirmavie.net\/J-avais-20-ans-en-1940_a942.html\" target=\"_blank\" rel=\"noopener noreferrer\">quelques r\u00e9cits<\/a>)<\/p>\n<h2><strong>Les \u00e9vad\u00e9s de la premi\u00e8re heure<\/strong><\/h2>\n<p>Devant l&rsquo;avance allemande, un certain nombre de jeunes quittent la France, sur des barques de p\u00eacheurs en partant de Bretagne ou en se m\u00ealant aux Polonais partant pour l&rsquo;Angleterre depuis Saint-Jean-de-Luz ou Bordeaux<\/p>\n<h2><strong>Les Cadets de Bretagne<\/strong><\/h2>\n<p>Aux premi\u00e8res heures de la France Libre, Le G\u00e9n\u00e9ral de Gaulle constatait que les Bretons repr\u00e9sentaient pr\u00e8s de 30% des volontaires qui le rejoignaient.<\/p>\n<ul>\n<li>\u00a0Pour lire quelques <a href=\"https:\/\/cadetfrancelibre.fr\/wp-content\/uploads\/2020\/12\/Espoir_071_Les-engag\u00e9s-des-FFL-de-1940-se-souviennent.pdf\" target=\"_blank\" rel=\"noopener noreferrer\">r\u00e9cits<\/a><\/li>\n<li>Une liste des bateaux partis en 1940 <a href=\"http:\/\/www.ouest-france.fr\/bretagne\/les-bateaux-qui-rejoignent-langleterre-en-1940-2579889\" target=\"_blank\" rel=\"noopener noreferrer\">Ouest-France<\/a><\/li>\n<li>et <a href=\"https:\/\/cadetfrancelibre.fr\/index.php\/levasion\/evades-de-bretagne\">d&rsquo;autres aventures<\/a><\/li>\n<\/ul>\n<h2><strong>Les d\u00e9parts de Saint-Jean de LUZ<\/strong><\/h2>\n<p>Juste avant l&rsquo;arriv\u00e9e des allemands, Le port de Saint-Jean de Luz est le port le plus au sud sur la c\u00f4te Atlantique. De l\u00e0, plusieurs navire partiront les 21 et 24 juin 1940. Affect\u00e9s au transport des troupes Polonaises, mais accueillant de nombreux Fran\u00e7ais malgr\u00e9 un certain filtrage des gendarmes. On y retrouve les futurs cadets Andr\u00e9 Casalis et Laurent Casalonga partis le 21 juin sur le S\/S BATORY et d&rsquo;assez nombreux Fran\u00e7ais libres<br \/>\nLes futurs cadets Jacques Duch\u00e8ne et Jean F\u00e8vre partent \u00e9galement de St-Jean de Luz<\/p>\n<h2><strong>Les Cadets du bout du Monde<\/strong><\/h2>\n<p>Il en est venu d&rsquo;Argentine, du Mexique, du Liban, de Polyn\u00e9sie, du Canada et m\u00eame d&rsquo;Angleterre<br \/>\nD\u00e9couvrez ces Cadets du bout du Monde venu combattre et parfois mourir pour la Libert\u00e9.<\/p>\n<h2><strong>En passant par l&rsquo;Espagne<\/strong><\/h2>\n<p>Pour ceux qui n&rsquo;avaient pas acc\u00e8s \u00e0 la mer, ce qui est le cas d\u00e8s le d\u00e9but de la guerre dans la zone occup\u00e9e (ou zone interdite), le chemin le plus naturel passait par l&rsquo;Espagne.<\/p>\n<p>Mais sans papiers, cet itin\u00e9raire finissait presque toujours dans la <a href=\"https:\/\/fr.wikipedia.org\/wiki\/Miranda_de_Ebro\" target=\"_blank\" rel=\"noopener noreferrer\">Prison de Miranda<\/a>.<br \/>\nParfois en passant par <a href=\"https:\/\/cadetfrancelibre.fr\/index.php\/levasion\/les-prisons-despagne\/\" target=\"_blank\" rel=\"noopener noreferrer\">d&rsquo;autres prisons<\/a><\/p>\n<h2><strong>Sur un fr\u00eale esquif<\/strong><\/h2>\n<p>Parmi les \u00e9vasions spectaculaires, celles de <a href=\"https:\/\/cadetfrancelibre.fr\/index.php\/2016\/02\/05\/une-evasion-spectaculaire\/\" target=\"_blank\" rel=\"noopener noreferrer\">5 jeunes gens<\/a> partis en cano\u00ebs depuis la plage de Fort-Mahon dans le d\u00e9partement de la Somme et f\u00e9licit\u00e9s personnellement par Winston Churchill<\/p>\n<h2><strong>En avion<\/strong><\/h2>\n<p>Deux futurs cadets ont eu le privil\u00e8ge d&rsquo;\u00eatre transport\u00e9s en avion!<br \/>\nIl s&rsquo;agit de Christian VELLARD et de Michel VAUTRIN.<\/p>\n<ul>\n<li>Christian VELLARD faisait partie \u00e0 Lyon du r\u00e9seau de r\u00e9sistance \u00ab France d&rsquo;Abord \u00bb. Le 15 avril 1943, il fut transport\u00e9 en Angleterre par un avion Hudson.<\/li>\n<li>Michel VAUTRIN (\u00ab 18 Juin \u00bb), lui faisait partie du r\u00e9seau \u00ab Cart\u00e9 \u00bb de la r\u00e9gion d&rsquo;Arles, il s&rsquo;envola \u00e9galement de France le 22 mai 1943. Son p\u00e8re le g\u00e9n\u00e9ral VAUTRIN, responsable de la r\u00e9sistance dans le sud de la France, l&rsquo;avait pr\u00e9c\u00e9d\u00e9 quelques mois auparavant.<br \/>\nLe g\u00e9n\u00e9ral VAUTRIN et son fils Bernard, r\u00e9sistant dans le maquis du Jura, sont tous deux morts pour la France<\/li>\n<\/ul>\n<h2><strong>Autres \u00e9vasions extraordinaires<\/strong><\/h2>\n<ul>\n<li>Celle de <a href=\"https:\/\/cadetfrancelibre.fr\/wp-content\/uploads\/2017\/06\/ASCFL_LAGAILLARDE_EVasion.pdf\" target=\"_blank\" rel=\"noopener noreferrer\">Jean Lagaillarde<\/a> \u00e9chapp\u00e9 des camps allemands<\/li>\n<li>Celle de <a href=\"https:\/\/cadetfrancelibre.fr\/wp-content\/uploads\/2020\/12\/ASCFL_WP113_Evasion_Maurice_DUNO.pdf\" target=\"_blank\" rel=\"noopener noreferrer\">Maurice Duno<\/a> sautant d&rsquo;un navire de Vichy pour gagner \u00e0 la nage une corvette anglaise et rejoindre\u00a0Gibraltar<\/li>\n<li>Celle de Jean-Claude Camors s&rsquo;engageant sur un bateau de p\u00eache au Maroc puis \u00e0 proximit\u00e9 de Gibraltar se glisse \u00e0 l&rsquo;eau, nage pr\u00e8s de deux heures avant d&rsquo;\u00eatre recueilli par un patrouilleur britannique<\/li>\n<\/ul>\n<p><a href=\"https:\/\/cadetfrancelibre.fr\/index.php\/levasion\/evades-de-bretagne\/\"><img loading=\"lazy\" decoding=\"async\" class=\"alignright wp-image-1393 size-full\" src=\"https:\/\/cadetfrancelibre.fr\/wp-content\/uploads\/2019\/01\/lien_page.jpg\" alt=\"lien_page\" width=\"98\" height=\"54\" \/><\/a><\/p>\n","protected":false},"excerpt":{"rendered":"<p>Des jeunes de moins de 18 ans r\u00e9pondent \u00e0 l&rsquo;appel du G\u00e9n\u00e9ral de Gaulle ou m\u00eame pour certains, devancent l&rsquo;appel et quittent la France. (quelques r\u00e9cits) Les \u00e9vad\u00e9s de la premi\u00e8re heure Devant l&rsquo;avance allemande, un certain nombre de jeunes &hellip; <a href=\"https:\/\/cadetfrancelibre.fr\/index.php\/levasion\/\">Continuer la lecture <span class=\"meta-nav\">&rarr;<\/span><\/a><\/p>\n","protected":false},"author":1,"featured_media":0,"parent":0,"menu_order":2,"comment_status":"closed","ping_status":"closed","template":"","meta":{"footnotes":""},"class_list":["post-12","page","type-page","status-publish","hentry"],"_links":{"self":[{"href":"https:\/\/cadetfrancelibre.fr\/index.php\/wp-json\/wp\/v2\/pages\/12","targetHints":{"allow":["GET"]}}],"collection":[{"href":"https:\/\/cadetfrancelibre.fr\/index.php\/wp-json\/wp\/v2\/pages"}],"about":[{"href":"https:\/\/cadetfrancelibre.fr\/index.php\/wp-json\/wp\/v2\/types\/page"}],"author":[{"embeddable":true,"href":"https:\/\/cadetfrancelibre.fr\/index.php\/wp-json\/wp\/v2\/users\/1"}],"replies":[{"embeddable":true,"href":"https:\/\/cadetfrancelibre.fr\/index.php\/wp-json\/wp\/v2\/comments?post=12"}],"version-history":[{"count":32,"href":"https:\/\/cadetfrancelibre.fr\/index.php\/wp-json\/wp\/v2\/pages\/12\/revisions"}],"predecessor-version":[{"id":2259,"href":"https:\/\/cadetfrancelibre.fr\/index.php\/wp-json\/wp\/v2\/pages\/12\/revisions\/2259"}],"wp:attachment":[{"href":"https:\/\/cadetfrancelibre.fr\/index.php\/wp-json\/wp\/v2\/media?parent=12"}],"curies":[{"name":"wp","href":"https:\/\/api.w.org\/{rel}","templated":true}]}}