{"id":123,"date":"2016-02-15T07:22:39","date_gmt":"2016-02-15T06:22:39","guid":{"rendered":"http:\/\/cadetfrancelibre.fr\/?page_id=123"},"modified":"2019-01-29T10:37:20","modified_gmt":"2019-01-29T09:37:20","slug":"ribbesford","status":"publish","type":"page","link":"https:\/\/cadetfrancelibre.fr\/index.php\/formation\/ribbesford\/","title":{"rendered":"Ribbesford"},"content":{"rendered":"<h3>Ribbesford &#8211; le cadre Champ\u00eatre de la campagne Anglaise<\/h3>\n<p><img loading=\"lazy\" decoding=\"async\" class=\"alignnone size-medium wp-image-232\" src=\"https:\/\/cadetfrancelibre.fr\/wp-content\/uploads\/2016\/03\/Bewdley-300x199.jpg\" alt=\"Bewdley\" width=\"300\" height=\"199\" srcset=\"https:\/\/cadetfrancelibre.fr\/wp-content\/uploads\/2016\/03\/Bewdley-300x199.jpg 300w, https:\/\/cadetfrancelibre.fr\/wp-content\/uploads\/2016\/03\/Bewdley.jpg 450w\" sizes=\"auto, (max-width: 300px) 100vw, 300px\" \/><\/p>\n<h3>Bewdley son accueil, ses pubs<\/h3>\n<p><img loading=\"lazy\" decoding=\"async\" class=\"alignnone size-medium wp-image-233\" src=\"https:\/\/cadetfrancelibre.fr\/wp-content\/uploads\/2016\/03\/Bewdley2-300x206.jpg\" alt=\"Bewdley Institute Load Street 1632.\" width=\"300\" height=\"206\" srcset=\"https:\/\/cadetfrancelibre.fr\/wp-content\/uploads\/2016\/03\/Bewdley2-300x206.jpg 300w, https:\/\/cadetfrancelibre.fr\/wp-content\/uploads\/2016\/03\/Bewdley2-768x526.jpg 768w, https:\/\/cadetfrancelibre.fr\/wp-content\/uploads\/2016\/03\/Bewdley2-1024x702.jpg 1024w, https:\/\/cadetfrancelibre.fr\/wp-content\/uploads\/2016\/03\/Bewdley2.jpg 1280w\" sizes=\"auto, (max-width: 300px) 100vw, 300px\" \/><\/p>\n<h3>L&rsquo;accueil des Anglais &#8230; et des anglaises<\/h3>\n<h3>L&rsquo;arriv\u00e9e \u00e0 Ribbesford<\/h3>\n<p>C&rsquo;est le 18 mai 1942 que les cadets arrivent \u00e0 Ribbesford, un petit manoir sur la propri\u00e9t\u00e9 duquel sont install\u00e9s les baraquements en t\u00f4les qui vont abriter les 5 promotions des Cadets<\/p>\n<h3>Bapt\u00eame de la premi\u00e8re promotion le 28 mai &#8211; promotion Lib\u00e9ration<\/h3>\n<p>C&rsquo;est un \u00e9v\u00e8nement particuli\u00e8rement important pour les Cadets comme pour le g\u00e9n\u00e9ral de Gaulle qui voit se concr\u00e9tiser la sortie des premiers aspirants form\u00e9s par l&rsquo;Ecole.<br \/>\nD\u00e8s le lendemain, les nouveaux aspirants vont rejoindre leurs affectations. Si Ribbesford\u00a0 a \u00e9t\u00e9 fr\u00e9quent\u00e9e par tous les cadets, ceux de la premi\u00e8re promotion n&rsquo;y seront rest\u00e9s que le temps d&rsquo;y vivre les minutes tr\u00e8s impressionnantes du c\u00e9r\u00e9monial de la promotion. A genoux les hommes! Debout les officiers! (<a href=\"https:\/\/cadetfrancelibre.fr\/index.php\/formation\/la-promo-liberation-juin-1942\/\" target=\"_blank\">Zoom sur la promotion<\/a>)<\/p>\n<h3>La promotion Bir-Hakeim (16 officiers) va suivre en d\u00e9cembre 1942<\/h3>\n<p>La promotion a choisi avec fiert\u00e9 le nom de cette premi\u00e8re victoire d&rsquo;une arm\u00e9e Fran\u00e7aise<br \/>\nOn trouvera ci apr\u00e8s un texte de l&rsquo;un des officiers promus qui se souvient avec \u00e9motion de la jeunesse de ses camarades dont 7 vont tomber au cours de combats de la Lib\u00e9ration (texte) (<a href=\"https:\/\/cadetfrancelibre.fr\/index.php\/formation\/la-promo-bir-hakeim-decembre-1942\/\">Zoom sur la promotion<\/a>)<\/p>\n<h3>La promotion \u00ab\u00a0Fezzan Tunisie\u00a0\u00bb (27 officiers) suit en Juin 1943<\/h3>\n<p>Son nom est un hommage aux troupes de Leclerc qui ont lib\u00e9r\u00e9 le Fezzan italien et ont rejoint en Tunisie les troupes Britanniques<br \/>\nC&rsquo;est l&rsquo;\u00e9poque o\u00f9 les Am\u00e9ricains ont lib\u00e9r\u00e9 l&rsquo;Afrique du Nord, mais o\u00f9 ils contestent la l\u00e9gitimit\u00e9 du g\u00e9n\u00e9ral De Gaulle \u00e0 repr\u00e9senter La France.<br \/>\nSur les 27 officiers de cette promotion, 9 vont mourir pour lib\u00e9rer la France<br \/>\n(<a href=\"https:\/\/cadetfrancelibre.fr\/index.php\/formation\/la-promotion-fezzan-tunisie\/\" target=\"_blank\">Zoom sur la promotion<\/a>)<\/p>\n<p>L&rsquo;occupation de la \u00ab\u00a0zone libre\u00a0\u00bb par les Allemands, la lib\u00e9ration de l&rsquo;Afrique du Nord facilitent de nouvelles \u00e9vasions et l&rsquo;arriv\u00e9e de nombreux jeunes \u00e9vad\u00e9s. l&rsquo;Espagne, sentant le vent tourner lib\u00e8re plus fr\u00e9quemment les \u00e9vad\u00e9s de France.<br \/>\nLes deux promotions suivantes seront sensiblement plus nombreuses<\/p>\n<h3>La promotion \u00ab\u00a0Corse et Savoie\u00a0\u00bb (33 officiers) le 12 d\u00e9cembre 1943<\/h3>\n<p>Outre les tr\u00e8s jeunes \u00e9vad\u00e9s, elle assure la promotion au rang d&rsquo;officier de volontaires ayant d\u00e9j\u00e0 particip\u00e9 aux campagnes d&rsquo;Afrique (<a href=\"https:\/\/cadetfrancelibre.fr\/index.php\/formation\/promotion-corse-et-savoie-2\/\" target=\"_blank\">Zoom sur la promotion<\/a>)<\/p>\n<h3>La promotion \u00ab\u00a018 juin\u00a0\u00bb sort en juin 1944 (120 officiers)<\/h3>\n<p>Elle compte des \u00e9vad\u00e9s venant de Miranda, des volontaires venus du Liban ou de Madagascar, Les officiers promus participeront massivement \u00e0 la formation et \u00e0 l&rsquo;encadrement des maquis qui acc\u00e9l\u00e8reront la victoire alli\u00e9e et surtout faciliteront la mise en place en France d&rsquo;un gouvernement fran\u00e7ais d\u00e8s la lib\u00e9ration par les arm\u00e9es Alli\u00e9es.<br \/>\n(<a href=\"https:\/\/cadetfrancelibre.fr\/index.php\/formation\/la-promotion-18-juin-juin-1944\/\" target=\"_blank\">Zoom sur la promotion<\/a>)<\/p>\n<p><a href=\"https:\/\/cadetfrancelibre.fr\/index.php\/formation\/la-promo-liberation-juin-1942\/\"><img loading=\"lazy\" decoding=\"async\" class=\"alignright wp-image-1393 size-full\" src=\"https:\/\/cadetfrancelibre.fr\/wp-content\/uploads\/2019\/01\/lien_page.jpg\" alt=\"lien_page\" width=\"98\" height=\"54\" \/><\/a><\/p>\n","protected":false},"excerpt":{"rendered":"<p>Ribbesford &#8211; le cadre Champ\u00eatre de la campagne Anglaise Bewdley son accueil, ses pubs L&rsquo;accueil des Anglais &#8230; et des anglaises L&rsquo;arriv\u00e9e \u00e0 Ribbesford C&rsquo;est le 18 mai 1942 que les cadets arrivent \u00e0 Ribbesford, un petit manoir sur la &hellip; <a href=\"https:\/\/cadetfrancelibre.fr\/index.php\/formation\/ribbesford\/\">Continuer la lecture <span class=\"meta-nav\">&rarr;<\/span><\/a><\/p>\n","protected":false},"author":1,"featured_media":0,"parent":14,"menu_order":7,"comment_status":"closed","ping_status":"closed","template":"","meta":{"footnotes":""},"class_list":["post-123","page","type-page","status-publish","hentry"],"_links":{"self":[{"href":"https:\/\/cadetfrancelibre.fr\/index.php\/wp-json\/wp\/v2\/pages\/123","targetHints":{"allow":["GET"]}}],"collection":[{"href":"https:\/\/cadetfrancelibre.fr\/index.php\/wp-json\/wp\/v2\/pages"}],"about":[{"href":"https:\/\/cadetfrancelibre.fr\/index.php\/wp-json\/wp\/v2\/types\/page"}],"author":[{"embeddable":true,"href":"https:\/\/cadetfrancelibre.fr\/index.php\/wp-json\/wp\/v2\/users\/1"}],"replies":[{"embeddable":true,"href":"https:\/\/cadetfrancelibre.fr\/index.php\/wp-json\/wp\/v2\/comments?post=123"}],"version-history":[{"count":13,"href":"https:\/\/cadetfrancelibre.fr\/index.php\/wp-json\/wp\/v2\/pages\/123\/revisions"}],"predecessor-version":[{"id":3185,"href":"https:\/\/cadetfrancelibre.fr\/index.php\/wp-json\/wp\/v2\/pages\/123\/revisions\/3185"}],"up":[{"embeddable":true,"href":"https:\/\/cadetfrancelibre.fr\/index.php\/wp-json\/wp\/v2\/pages\/14"}],"wp:attachment":[{"href":"https:\/\/cadetfrancelibre.fr\/index.php\/wp-json\/wp\/v2\/media?parent=123"}],"curies":[{"name":"wp","href":"https:\/\/api.w.org\/{rel}","templated":true}]}}