{"id":127,"date":"2016-02-15T14:27:01","date_gmt":"2016-02-15T13:27:01","guid":{"rendered":"http:\/\/cadetfrancelibre.fr\/?page_id=127"},"modified":"2016-05-12T08:04:09","modified_gmt":"2016-05-12T07:04:09","slug":"mentions-legales","status":"publish","type":"page","link":"https:\/\/cadetfrancelibre.fr\/index.php\/accueil\/mentions-legales\/","title":{"rendered":"Mentions l\u00e9gales"},"content":{"rendered":"<h3><strong>Raison sociale:<\/strong><\/h3>\n<p>Association du Souvenir des Cadets de la France Libre<br \/>\n5 rue de Solferino<br \/>\n75007 PARIS<\/p>\n<h3><strong>Directeur de la publication :<\/strong><\/h3>\n<p>Mr Hugues LAVOIX<br \/>\nt\u00e9l\u00e9phone 06 44 03 28 91<\/p>\n<h3><strong>H\u00e9bergeur :<\/strong><\/h3>\n<p>OVH<br \/>\nSAS au capital de 10\u00a0059\u00a0500\u00a0\u20ac<br \/>\nRCS Lille M\u00e9tropole 424 761 419 00045<br \/>\nCode APE 6202A<br \/>\nN\u00b0 TVA : FR 22 424 761 419<br \/>\nSi\u00e8ge social : 2 rue Kellermann &#8211; 59100 Roubaix &#8211; France.<br \/>\nDirecteur de la publication : Octave KLABA<\/p>\n","protected":false},"excerpt":{"rendered":"<p>Raison sociale: Association du Souvenir des Cadets de la France Libre 5 rue de Solferino 75007 PARIS Directeur de la publication : Mr Hugues LAVOIX t\u00e9l\u00e9phone 06 44 03 28 91 H\u00e9bergeur : OVH SAS au capital de 10\u00a0059\u00a0500\u00a0\u20ac RCS &hellip; <a href=\"https:\/\/cadetfrancelibre.fr\/index.php\/accueil\/mentions-legales\/\">Continuer la lecture <span class=\"meta-nav\">&rarr;<\/span><\/a><\/p>\n","protected":false},"author":1,"featured_media":0,"parent":6,"menu_order":1,"comment_status":"closed","ping_status":"closed","template":"","meta":{"footnotes":""},"class_list":["post-127","page","type-page","status-publish","hentry"],"_links":{"self":[{"href":"https:\/\/cadetfrancelibre.fr\/index.php\/wp-json\/wp\/v2\/pages\/127","targetHints":{"allow":["GET"]}}],"collection":[{"href":"https:\/\/cadetfrancelibre.fr\/index.php\/wp-json\/wp\/v2\/pages"}],"about":[{"href":"https:\/\/cadetfrancelibre.fr\/index.php\/wp-json\/wp\/v2\/types\/page"}],"author":[{"embeddable":true,"href":"https:\/\/cadetfrancelibre.fr\/index.php\/wp-json\/wp\/v2\/users\/1"}],"replies":[{"embeddable":true,"href":"https:\/\/cadetfrancelibre.fr\/index.php\/wp-json\/wp\/v2\/comments?post=127"}],"version-history":[{"count":2,"href":"https:\/\/cadetfrancelibre.fr\/index.php\/wp-json\/wp\/v2\/pages\/127\/revisions"}],"predecessor-version":[{"id":446,"href":"https:\/\/cadetfrancelibre.fr\/index.php\/wp-json\/wp\/v2\/pages\/127\/revisions\/446"}],"up":[{"embeddable":true,"href":"https:\/\/cadetfrancelibre.fr\/index.php\/wp-json\/wp\/v2\/pages\/6"}],"wp:attachment":[{"href":"https:\/\/cadetfrancelibre.fr\/index.php\/wp-json\/wp\/v2\/media?parent=127"}],"curies":[{"name":"wp","href":"https:\/\/api.w.org\/{rel}","templated":true}]}}