{"id":14,"date":"2016-02-03T11:47:15","date_gmt":"2016-02-03T10:47:15","guid":{"rendered":"http:\/\/cadetfrancelibre.fr\/?page_id=14"},"modified":"2019-01-29T10:19:24","modified_gmt":"2019-01-29T09:19:24","slug":"formation","status":"publish","type":"page","link":"https:\/\/cadetfrancelibre.fr\/index.php\/formation\/","title":{"rendered":"La formation"},"content":{"rendered":"<p>Si tous les volontaires veulent combattre l&rsquo;ennemi, l&rsquo;enthousiasme n&rsquo;est pas suffisant pour en faire des combattants efficaces. La France Libre manque d&rsquo;officiers et le g\u00e9n\u00e9ral de Gaulle va cr\u00e9er l&rsquo;ECOLE DES CADETS DE LA FRANCE LIBRE\u00a0pour faire de ces volontaires des cadres efficaces.<\/p>\n<h3>Au d\u00e9part, l&rsquo;impatience<\/h3>\n<p>Si tous ceux qui arrivent en Angleterre veulent se battre, seuls peuvent s&rsquo;engager comme militaires ceux qui ont plus de 18 ans. M\u00eame en trafiquant leur \u00e2ge ou m\u00eame leurs papiers, les plus jeunes sont vite rep\u00e9r\u00e9s et rassembl\u00e9s dans le camp scout de Brymbach<\/p>\n<h3>Brimbach, le premier rassemblement<\/h3>\n<p>Le camp \u00e9tait situ\u00e9 en pleine r\u00e9gion montagneuse du Pays de Galles \u00e0 environ 14 kilom\u00e8tres de DENBIGH, la ville la plus proche du comt\u00e9 de Denbighshire (voir <a href=\"https:\/\/cadetfrancelibre.fr\/wp-content\/uploads\/2016\/02\/Brymbach_carte.jpg\">carte<\/a>)<br \/>\nOn dispose de plusieurs <a href=\"https:\/\/cadetfrancelibre.fr\/index.php\/formation\/brymbach\">r\u00e9cits<\/a>.<\/p>\n<h3>Rake Manor, prologue<\/h3>\n<p>Les d\u00e9pendances rustiques d&rsquo;un cottage du Surrey alli\u00e9es au froid de l&rsquo;hiver 41 en font un lieu peu propice \u00e0 la formation des futurs cadets (<a href=\"https:\/\/cadetfrancelibre.fr\/index.php\/formation\/rake-manor\/\">r\u00e9cit<\/a>)<\/p>\n<p>Lors de sa visite\u00a0\u00e0 Rake Manor, le 30 d\u00e9cembre 1940, le g\u00e9n\u00e9ral de Gaulle annonce\u00a0la cr\u00e9ation de \u00ab\u00a0l\u2019Ecole des Cadets de la France Libre\u00a0\u00bb.<\/p>\n<h3>Malvern un cadre prestigieux pour la nouvelle Ecole<\/h3>\n<p>Le temps de trouver les professeurs et les locaux, c&rsquo;est le 21 f\u00e9vrier que les futurs cadets emm\u00e9nagent \u00e0 Malvern, un site impressionnant. (<a href=\"https:\/\/cadetfrancelibre.fr\/index.php\/formation\/le-college-de-malvern\/\" target=\"_blank\">plus<\/a>)<\/p>\n<h3>Ribbesford, la p\u00e9pini\u00e8re<\/h3>\n<p>C&rsquo;est l\u00e0 qu&rsquo;aura lieu le bapt\u00eame final de toutes les promotions m\u00eame si pour la premi\u00e8re promotion, l&rsquo;essentiel de la formation se sera d\u00e9roul\u00e9 \u00e0 Malvern (<a href=\"https:\/\/cadetfrancelibre.fr\/index.php\/formation\/ribbesford\/\" target=\"_blank\">plus<\/a>)<\/p>\n<h3>Pour en savoir plus sur<\/h3>\n<ul>\n<li>L&rsquo;organisation de la formation <a href=\"https:\/\/cadetfrancelibre.fr\/index.php\/formation\/une-formation-en-deux-etapes\/\" target=\"_blank\">(voir)<\/a><\/li>\n<li>\u00a0Les uniformes (<a href=\"https:\/\/cadetfrancelibre.fr\/index.php\/formation\/luniforme-des-cadets\/\" target=\"_blank\">voir<\/a>)<\/li>\n<li>Les armements (\u00e0 venir)<\/li>\n<li>Les permissions (\u00e0 venir)<\/li>\n<li>Les d\u00e9fil\u00e9s (\u00e0 venir)<\/li>\n<\/ul>\n<p><a href=\"https:\/\/cadetfrancelibre.fr\/index.php\/formation\/brymbach\/\"><img loading=\"lazy\" decoding=\"async\" class=\"alignright wp-image-1393 size-full\" src=\"https:\/\/cadetfrancelibre.fr\/wp-content\/uploads\/2019\/01\/lien_page.jpg\" alt=\"lien_page\" width=\"98\" height=\"54\" \/><\/a><\/p>\n<p>&nbsp;<\/p>\n","protected":false},"excerpt":{"rendered":"<p>Si tous les volontaires veulent combattre l&rsquo;ennemi, l&rsquo;enthousiasme n&rsquo;est pas suffisant pour en faire des combattants efficaces. La France Libre manque d&rsquo;officiers et le g\u00e9n\u00e9ral de Gaulle va cr\u00e9er l&rsquo;ECOLE DES CADETS DE LA FRANCE LIBRE\u00a0pour faire de ces volontaires &hellip; <a href=\"https:\/\/cadetfrancelibre.fr\/index.php\/formation\/\">Continuer la lecture <span class=\"meta-nav\">&rarr;<\/span><\/a><\/p>\n","protected":false},"author":1,"featured_media":0,"parent":0,"menu_order":3,"comment_status":"closed","ping_status":"closed","template":"","meta":{"footnotes":""},"class_list":["post-14","page","type-page","status-publish","hentry"],"_links":{"self":[{"href":"https:\/\/cadetfrancelibre.fr\/index.php\/wp-json\/wp\/v2\/pages\/14","targetHints":{"allow":["GET"]}}],"collection":[{"href":"https:\/\/cadetfrancelibre.fr\/index.php\/wp-json\/wp\/v2\/pages"}],"about":[{"href":"https:\/\/cadetfrancelibre.fr\/index.php\/wp-json\/wp\/v2\/types\/page"}],"author":[{"embeddable":true,"href":"https:\/\/cadetfrancelibre.fr\/index.php\/wp-json\/wp\/v2\/users\/1"}],"replies":[{"embeddable":true,"href":"https:\/\/cadetfrancelibre.fr\/index.php\/wp-json\/wp\/v2\/comments?post=14"}],"version-history":[{"count":14,"href":"https:\/\/cadetfrancelibre.fr\/index.php\/wp-json\/wp\/v2\/pages\/14\/revisions"}],"predecessor-version":[{"id":1403,"href":"https:\/\/cadetfrancelibre.fr\/index.php\/wp-json\/wp\/v2\/pages\/14\/revisions\/1403"}],"wp:attachment":[{"href":"https:\/\/cadetfrancelibre.fr\/index.php\/wp-json\/wp\/v2\/media?parent=14"}],"curies":[{"name":"wp","href":"https:\/\/api.w.org\/{rel}","templated":true}]}}