{"id":1496,"date":"2019-05-28T12:05:26","date_gmt":"2019-05-28T11:05:26","guid":{"rendered":"http:\/\/cadetfrancelibre.fr\/?page_id=1496"},"modified":"2020-06-18T15:06:05","modified_gmt":"2020-06-18T14:06:05","slug":"lyceens-ou-etudiants-avides-de-liberte","status":"publish","type":"page","link":"https:\/\/cadetfrancelibre.fr\/index.php\/levasion\/lyceens-ou-etudiants-avides-de-liberte\/","title":{"rendered":"Lyc\u00e9ens ou \u00e9tudiants avides de libert\u00e9"},"content":{"rendered":"<p>Beaucoup de futurs cadets \u00e9taient encore lyc\u00e9ens ou coll\u00e8giens au moment de leur d\u00e9part de la France<br \/>\nLorsqu&rsquo;ils ont racont\u00e9 leurs \u00e9vasions, ils ont souvent omis de dire d&rsquo;o\u00f9 ils venaient<br \/>\nCette page sera donc remplie progressivement. Certains changent d&rsquo;\u00e9tablissement lors de leur derni\u00e8re ann\u00e9e d&rsquo;\u00e9tude et figurent sur deux \u00e9tablissements<\/p>\n<p><strong>ANGERS<\/strong> &#8211; Coll\u00e8ge Urbain Mongazon &#8211; Jacques CHATENAY<br \/>\n<strong>BREST<\/strong> &#8211; Notre Dame de Bon Secours &#8211; Herv\u00e9 ARNAULT de La MENARDIERE, Michel DULUAT, Gustave LESPAGNOL, Jean JEANNE, G\u00e9rard De CARVILLE, Robert MULSANT, jean QUENTEL, Alain TABURET<br \/>\n<strong>DIJON<\/strong> &#8211; Jacques DUCHENE<br \/>\n<strong>FECAMPS &#8211; <\/strong>Guy LEGENDRE<br \/>\n<strong>GOURDON<\/strong> &#8211; (coll\u00e8ge) Georges-William TAYLOR<br \/>\n<strong>LILLE<\/strong> &#8211; EDHEC On y trouve Roger CEUGNET<br \/>\n<strong>PARIS<\/strong> &#8211; Lyc\u00e9e Henry IV: Etienne LAURENT<br \/>\n&#8211; Lyc\u00e9e Carnot : Olivier SCHLOESING et Andr\u00e9 GAITZ<br \/>\n&#8211; Lyc\u00e9e Condorcet : Godfrey BLEYNIE<br \/>\n&#8211; Lyc\u00e9e Louis-le-Grand Andr\u00e9 CASALIS, Jean BOSQ et Antoine MAYER<br \/>\n&#8211; Lyc\u00e9e Janson-de-Sailly Georges LYON-CAEN<br \/>\n&#8211; Lyc\u00e9e Buffon &#8211; G\u00e9rard De Carville<br \/>\n<strong>METZ<\/strong> &#8211; Coll\u00e8ge St-Cl\u00e9ment Jean FEVRE<br \/>\n<strong>MORLAIX<\/strong> &#8211; Jean BRIAND, Yves LANCIEN, Louis LE ROUX<br \/>\n<strong>QUIMPER<\/strong> &#8211; Paul VOURC&rsquo;H<br \/>\n<strong>VANNES<\/strong> &#8211; Coll\u00e8ge St Fran\u00e7ois Xavier &#8211; G\u00e9rard DE CARVILLE<br \/>\n<strong>LONDRES<\/strong> &#8211; Lyc\u00e9e Fran\u00e7ais (repli\u00e9 en Cumberland) Henry CORTA, Andr\u00e9 BURGUIERE,\u00a0 Olivier SCHLOESING, Marcel FAFA, Olivier PHILIP, Claude VOILLERY,<br \/>\nArthur VAN BLAERE<br \/>\n<strong>BEYROUTH<\/strong> &#8211; Lyc\u00e9e Fran\u00e7ais &#8211; Ren\u00e9 MARBOT<br \/>\n<strong>MEXICO<\/strong> &#8211; Lyc\u00e9e Franco-Mexicain &#8211; Serge ARVENGAS<br \/>\n<strong>NEW-YORK<\/strong> &#8211; Lyc\u00e9e Fran\u00e7ais &#8211; Fran\u00e7ois MARIANI et Fran\u00e7ois CHAPMAN<br \/>\n<strong>TANANARIVE<\/strong> &#8211; Guy LEGENDRE<\/p>\n<p>et d&rsquo;autres encore<\/p>\n<p>40 cadets sur 211 o\u00f9 \u00e9taient les autres?<\/p>\n<p><a href=\"https:\/\/cadetfrancelibre.fr\/index.php\/formation\/\"><img loading=\"lazy\" decoding=\"async\" class=\"alignright wp-image-1393 size-full\" src=\"https:\/\/cadetfrancelibre.fr\/wp-content\/uploads\/2019\/01\/lien_page.jpg\" alt=\"lien_page\" width=\"98\" height=\"54\" \/><\/a><\/p>\n","protected":false},"excerpt":{"rendered":"<p>Beaucoup de futurs cadets \u00e9taient encore lyc\u00e9ens ou coll\u00e8giens au moment de leur d\u00e9part de la France Lorsqu&rsquo;ils ont racont\u00e9 leurs \u00e9vasions, ils ont souvent omis de dire d&rsquo;o\u00f9 ils venaient Cette page sera donc remplie progressivement. Certains changent d&rsquo;\u00e9tablissement &hellip; <a href=\"https:\/\/cadetfrancelibre.fr\/index.php\/levasion\/lyceens-ou-etudiants-avides-de-liberte\/\">Continuer la lecture <span class=\"meta-nav\">&rarr;<\/span><\/a><\/p>\n","protected":false},"author":1,"featured_media":0,"parent":12,"menu_order":16,"comment_status":"closed","ping_status":"closed","template":"","meta":{"footnotes":""},"class_list":["post-1496","page","type-page","status-publish","hentry"],"_links":{"self":[{"href":"https:\/\/cadetfrancelibre.fr\/index.php\/wp-json\/wp\/v2\/pages\/1496","targetHints":{"allow":["GET"]}}],"collection":[{"href":"https:\/\/cadetfrancelibre.fr\/index.php\/wp-json\/wp\/v2\/pages"}],"about":[{"href":"https:\/\/cadetfrancelibre.fr\/index.php\/wp-json\/wp\/v2\/types\/page"}],"author":[{"embeddable":true,"href":"https:\/\/cadetfrancelibre.fr\/index.php\/wp-json\/wp\/v2\/users\/1"}],"replies":[{"embeddable":true,"href":"https:\/\/cadetfrancelibre.fr\/index.php\/wp-json\/wp\/v2\/comments?post=1496"}],"version-history":[{"count":18,"href":"https:\/\/cadetfrancelibre.fr\/index.php\/wp-json\/wp\/v2\/pages\/1496\/revisions"}],"predecessor-version":[{"id":2004,"href":"https:\/\/cadetfrancelibre.fr\/index.php\/wp-json\/wp\/v2\/pages\/1496\/revisions\/2004"}],"up":[{"embeddable":true,"href":"https:\/\/cadetfrancelibre.fr\/index.php\/wp-json\/wp\/v2\/pages\/12"}],"wp:attachment":[{"href":"https:\/\/cadetfrancelibre.fr\/index.php\/wp-json\/wp\/v2\/media?parent=1496"}],"curies":[{"name":"wp","href":"https:\/\/api.w.org\/{rel}","templated":true}]}}