{"id":169,"date":"2016-02-19T22:23:46","date_gmt":"2016-02-19T21:23:46","guid":{"rendered":"http:\/\/cadetfrancelibre.fr\/?page_id=169"},"modified":"2024-06-06T05:41:35","modified_gmt":"2024-06-06T04:41:35","slug":"on-en-parle-sur-le-web","status":"publish","type":"page","link":"https:\/\/cadetfrancelibre.fr\/index.php\/plus\/on-en-parle-sur-le-web\/","title":{"rendered":"On en parle sur le Web"},"content":{"rendered":"<h3>D&rsquo;autres sites parlent des cadets. certain sites \u00e9voluent et les liens peuvent \u00eatre rompus. signalez nous les nouvelles r\u00e9f\u00e9rences que vous rencontrez et aussi les liens p\u00e9rim\u00e9s<\/h3>\n<p>voici donc quelques liens (53)<\/p>\n<ul>\n<li>La\u00a0 <a href=\"http:\/\/www.charles-de-gaulle.org\/\" target=\"_blank\" rel=\"noopener noreferrer\">Fondation Charles De Gaulle<\/a> <a href=\"https:\/\/www.charles-de-gaulle.org\/les-activites\/actions-vers-les-jeunes\/espace-pedagogique\/les-cadets-de-la-france-libre\/\" target=\"_blank\" rel=\"noopener noreferrer\">Espace p\u00e9dagogique<\/a><\/li>\n<li>La Fondation de la\u00a0 France Libre <a href=\"http:\/\/www.france-libre.net\/cadets-malvern-house\/\" target=\"_blank\" rel=\"noopener noreferrer\">Malvern<\/a> <a href=\"http:\/\/www.france-libre.net\/cadets-ribbesford-manor\/\" target=\"_blank\" rel=\"noopener noreferrer\">Ribbesford<\/a><\/li>\n<li>La Premi\u00e8re Division <a href=\"http:\/\/www.1dfl.fr\/les-cadets-de-la-france-libre\/\" target=\"_blank\" rel=\"noopener noreferrer\">fran\u00e7aise Libre<\/a> avec sa <a href=\"https:\/\/1dfl.fr\/portraits-1040\/\" target=\"_blank\" rel=\"noopener\">galerie de portraits<\/a><br \/>\nou encore avec \u00a0<a href=\"http:\/\/divisionfrancaiselibre.eklablog.com\/cadets-de-la-france-libre-f65986\" target=\"_blank\" rel=\"noopener noreferrer\">ce site<\/a><\/li>\n<li>Les archives INA (<a href=\"https:\/\/fresques.ina.fr\/jalons\/fiche-media\/InaEdu07083\/les-cadets-de-la-france-libre.html\" target=\"_blank\" rel=\"noopener noreferrer\">lien<\/a>)<\/li>\n<li>Le Mus\u00e9e de la r\u00e9sistance (<a href=\"http:\/\/museedelaresistanceenligne.org\/media2800-iIls-sinstruisent-pour-vaincre-i\" target=\"_blank\" rel=\"noopener noreferrer\">site<\/a>)<\/li>\n<\/ul>\n<p><!--(<a href=\"http:\/\/archives.charles-de-gaulle.org\/pages\/l-homme\/dossiers-thematiques\/1940-1944-la-seconde-guerre-mondiale\/les-cadets-de-la-france-libre\/analyses\/l-ecole-militaire-des-cadets-de-la-france-libre.php\" target=\"_blank\" rel=\"noopener noreferrer\">Espoir 135<\/a>) ou <a href=\"http:\/\/archives.charles-de-gaulle.org\/pages\/l-homme\/dossiers-thematiques\/1940-1944-la-seconde-guerre-mondiale\/les-cadets-de-la-france-libre\/analyses\/les-eleves-aspirants-et-les-cadets-de-la-france-libre.php\" target=\"_blank\" rel=\"noopener noreferrer\">page<\/a><\/l<\/li>\n\n\n--><\/p>\n<ul>\n<li style=\"list-style-type: none;\">\n<ul>\n<li>Sur les Cadets\n<ul>\n<li>Claude BARRES (<a href=\"https:\/\/fr.wikipedia.org\/wiki\/Claude_Barr%C3%A8s\" target=\"_blank\" rel=\"noopener noreferrer\">Lien1w<\/a>), (<a href=\"https:\/\/www.soldatsdefrance.fr\/26-05-59-Capitaine-Claude-BARRES-34-ans-9eme-RCP_a544.html\" target=\"_blank\" rel=\"noopener noreferrer\">Lien2sf<\/a>),<\/li>\n<li>Bernard BLOUIN <a href=\"https:\/\/compagnonshavrais.jimdo.com\/biographies-de-ffl-du-havre\/blouin-bernard-r\u00e9sistance\/\" target=\"_blank\" rel=\"noopener noreferrer\">lien,<\/a><\/li>\n<li>L\u00e9on BOUVIER (<a href=\"http:\/\/www.france-libre.net\/le-ralliement-de-leon-bouvier\/\" target=\"_blank\" rel=\"noopener noreferrer\">LienFFL<\/a>)<\/li>\n<li>Martin D&rsquo;ESCRIENNE (<a href=\"https:\/\/fr.wikipedia.org\/wiki\/Jean_Martin_d%27Escrienne\" target=\"_blank\" rel=\"noopener noreferrer\">Lienw<\/a>)<\/li>\n<li>Remy DREYFUS (<a href=\"http:\/\/www.museedelaresistanceenligne.org\/expo.php?expo=129\" target=\"_blank\" rel=\"noopener noreferrer\">lien<\/a>)<\/li>\n<li>G\u00e9rard Gautier de Carville (<a href=\"https:\/\/fr.wikipedia.org\/wiki\/G%C3%A9rard_Gaultier_de_Carville\" target=\"_blank\" rel=\"noopener noreferrer\">Lien1w<\/a>, <a href=\"https:\/\/fusilles-40-44.maitron.fr\/spip.php?article200956\" target=\"_blank\" rel=\"noopener noreferrer\">Lien2<\/a>, <a href=\"https:\/\/www.soldatsdefrance.fr\/06-08-44-Lieutenant-Gerard-Gaultier-de-Carville-20-ans-Parachutiste-de-la-France-Libre_a560.html\" target=\"_blank\" rel=\"noopener noreferrer\">Lien3<\/a>)<\/li>\n<li>L\u00e9opold HULOT (<a href=\"https:\/\/fr.wikipedia.org\/wiki\/L%C3%A9opold_Hulot\" target=\"_blank\" rel=\"noopener noreferrer\">Lienw<\/a>, <a href=\"https:\/\/memorial-national-des-marins.fr\/h\/9633-hulot-leopold-hyacinthe\" target=\"_blank\" rel=\"noopener noreferrer\">Lien2<\/a>, <a href=\"http:\/\/ecole.nav.traditions.free.fr\/177_hulot.htm\" target=\"_blank\" rel=\"noopener noreferrer\">Lien3<\/a> )<\/li>\n<li>Michel IRIART <a href=\"https:\/\/www.pagina12.com.ar\/diario\/sociedad\/3-88865-2007-07-29.html\" target=\"_blank\" rel=\"noopener noreferrer\">lien<\/a> ou <a href=\"http:\/\/www.traitdunion.com.ar\/2014\/12\/09\/deces-de-michel-iriart-ancien-combattant-de-la-2de-guerre-mondiale\/\" target=\"_blank\" rel=\"noopener noreferrer\">lien<\/a> ,<\/li>\n<li>Jean <a href=\"http:\/\/www.rawa-ruska.net\/lepopee-de-jean-lagaillarde\/\" target=\"_blank\" rel=\"noopener noreferrer\">LAGAILLARDE,<\/a><\/li>\n<li>Herv\u00e9 de La MENARDIERE (<a href=\"http:\/\/www.1dfl.fr\/MENARDIERE.html\" target=\"_blank\" rel=\"noopener noreferrer\">LienHS<\/a>)<\/li>\n<li>Jean-Paul LAVOIX (<a href=\"https:\/\/www.letelegramme.fr\/local\/finistere-nord\/brest\/lesneven\/kerlouan\/jean-paul-lavoix-un-francais-libre-18-06-2012-1742146.php\" target=\"_blank\" rel=\"noopener noreferrer\">Lien_Tlgram<\/a>)<\/li>\n<li>Pierre LEFRANC\u00a0 (<a href=\"https:\/\/fr.wikipedia.org\/wiki\/Pierre_Lefranc\" target=\"_blank\" rel=\"noopener noreferrer\">Lien1w<\/a>), (<a href=\"https:\/\/www.memoresist.org\/temoignage\/pierre-lefranc\/\" target=\"_blank\" rel=\"noopener noreferrer\">Lien2<\/a>),<\/li>\n<li>Ren\u00e9 LEMOINE (<a href=\"http:\/\/www.francaislibres.fr\/ses-compagnons-deacutevasion-rl-et-mv.html\" target=\"_blank\" rel=\"noopener noreferrer\">LienHS<\/a>)<\/li>\n<li>Gustave LESPAGNOL (Lien, <a href=\"http:\/\/2db.forumactif.com\/t2386-holtzheim-bas-rhin\" target=\"_blank\" rel=\"noopener noreferrer\">lien_2DB<\/a>)<\/li>\n<li>Marcel LIGAVANT\u00a0 (<a href=\"https:\/\/www.ouest-france.fr\/bretagne\/douarnenez-29100\/ffl-marcel-ligavant-du-cap-sizun-lalsace-3157184\" target=\"_blank\" rel=\"noopener noreferrer\">Lien 2015<\/a>),<\/li>\n<li>Une conf\u00e9rence de Ren\u00e9 Marbot (<a href=\"https:\/\/www.youtube.com\/watch?v=q7xunN-zluk\" target=\"_blank\" rel=\"noopener noreferrer\">lien<\/a>),<\/li>\n<li>Louis PAOLI (<a href=\"https:\/\/www.temoignages.re\/chroniques\/libres-propos\/louis-dominique-paoli-et-les-cadets-de-la-france-libre-ils-ont-console-la-france,46368\" target=\"_blank\" rel=\"noopener noreferrer\">lien<\/a>),<\/li>\n<li>Marcel RUFF (<a href=\"https:\/\/www.youtube.com\/watch?v=QKUE03WkXCo\" target=\"_blank\" rel=\"noopener noreferrer\">Lien<\/a> , <a href=\"https:\/\/www.yadvashem.org\/es\/education\/educational-materials\/lesson-plans\/educational-program\/guatemala\/ruff.html\" target=\"_blank\" rel=\"noopener noreferrer\">Lien<\/a> )<\/li>\n<li>Olivier PHILIP (<a href=\"https:\/\/fr.wikipedia.org\/wiki\/Olivier_Philip\" target=\"_blank\" rel=\"noopener noreferrer\">Lienw<\/a>)<\/li>\n<li>Fran\u00e7ois SEITE (<a href=\"https:\/\/fr.wikipedia.org\/wiki\/Fran%C3%A7ois_Seit%C3%A9\" target=\"_blank\" rel=\"noopener noreferrer\">Lienw<\/a>)<\/li>\n<li>Georges TAYLOR (<a href=\"https:\/\/www.villedesalles.fr\/commune\/histoire-et-patrimoine\/biographie-georges-william-taylor\/\" target=\"_blank\" rel=\"noopener\">Lien<\/a>)<\/li>\n<li>Paul VERGES (<a href=\"https:\/\/fr.wikipedia.org\/wiki\/Paul_Verg\u00e8s\" target=\"_blank\" rel=\"noopener noreferrer\">Lien<\/a>)<\/li>\n<\/ul>\n<\/li>\n<\/ul>\n<\/li>\n<\/ul>\n<p>Le journal Le T\u00e9l\u00e9gramme de Brest (<a href=\"https:\/\/www.letelegramme.fr\/finistere\/guipavas\/deux-guipavasiens-ont-fait-partie-de-l-ecole-des-cadets-de-la-france-libre-21-07-2020-12586611.php\" target=\"_blank\" rel=\"noopener noreferrer\">L&rsquo;\u00e9cole des cadets<\/a>, <a href=\"https:\/\/www.letelegramme.fr\/finistere\/guipavas\/andre-lehrman-instructeur-a-l-ecole-des-cadets-de-la-france-libre-22-07-2020-12586875.php\" target=\"_blank\" rel=\"noopener noreferrer\">Andr\u00e9 Lehrman<\/a> , <a href=\"https:\/\/www.letelegramme.fr\/finistere\/guipavas\/guerre-39-45-le-guipavasien-paul-vourch-symbole-d-une-resistance-familiale-23-07-2020-12587681.php\" target=\"_blank\" rel=\"noopener noreferrer\">Paul Vourc&rsquo;h<\/a> )<\/p>\n<p>En Grande Bretagne aussi, on garde le souvenir des Cadets <a href=\"https:\/\/www.youtube.com\/watch?v=ggY-8msETVM\" target=\"_blank\" rel=\"noopener noreferrer\">lien Youtube<\/a><\/p>\n<p>\u00e0 Malvern : <a href=\"https:\/\/www.iwm.org.uk\/memorials\/item\/memorial\/56422\" target=\"_blank\" rel=\"noopener noreferrer\">Lien m\u00e9morial<\/a><\/p>\n<p>Lien avec <a href=\"https:\/\/www.tracesofwar.com\/sights\/1495\/Memorial-for-the-cadets-of-the-Free-French.htm\" target=\"_blank\" rel=\"noopener noreferrer\">Fort-Mahon<\/a><\/p>\n<p>Ou vente de <a href=\"http:\/\/www.dailymail.co.uk\/news\/article-5472361\/Mansion-Free-French-soldiers-trained-sale.html\" target=\"_blank\" rel=\"noopener noreferrer\">Ribbesford<\/a><\/p>\n<p><a href=\"https:\/\/cadetfrancelibre.fr\/index.php\/plus\/quelques-bonnes-lectures\/\"><img loading=\"lazy\" decoding=\"async\" class=\"alignright wp-image-1393 size-full\" src=\"https:\/\/cadetfrancelibre.fr\/wp-content\/uploads\/2019\/01\/lien_page.jpg\" alt=\"lien_page\" width=\"98\" height=\"54\" \/><\/a><\/p>\n","protected":false},"excerpt":{"rendered":"<p>D&rsquo;autres sites parlent des cadets. certain sites \u00e9voluent et les liens peuvent \u00eatre rompus. signalez nous les nouvelles r\u00e9f\u00e9rences que vous rencontrez et aussi les liens p\u00e9rim\u00e9s voici donc quelques liens (53) La\u00a0 Fondation Charles De Gaulle Espace p\u00e9dagogique La &hellip; <a href=\"https:\/\/cadetfrancelibre.fr\/index.php\/plus\/on-en-parle-sur-le-web\/\">Continuer la lecture <span class=\"meta-nav\">&rarr;<\/span><\/a><\/p>\n","protected":false},"author":1,"featured_media":0,"parent":118,"menu_order":92,"comment_status":"closed","ping_status":"closed","template":"","meta":{"footnotes":""},"class_list":["post-169","page","type-page","status-publish","hentry"],"_links":{"self":[{"href":"https:\/\/cadetfrancelibre.fr\/index.php\/wp-json\/wp\/v2\/pages\/169","targetHints":{"allow":["GET"]}}],"collection":[{"href":"https:\/\/cadetfrancelibre.fr\/index.php\/wp-json\/wp\/v2\/pages"}],"about":[{"href":"https:\/\/cadetfrancelibre.fr\/index.php\/wp-json\/wp\/v2\/types\/page"}],"author":[{"embeddable":true,"href":"https:\/\/cadetfrancelibre.fr\/index.php\/wp-json\/wp\/v2\/users\/1"}],"replies":[{"embeddable":true,"href":"https:\/\/cadetfrancelibre.fr\/index.php\/wp-json\/wp\/v2\/comments?post=169"}],"version-history":[{"count":53,"href":"https:\/\/cadetfrancelibre.fr\/index.php\/wp-json\/wp\/v2\/pages\/169\/revisions"}],"predecessor-version":[{"id":3384,"href":"https:\/\/cadetfrancelibre.fr\/index.php\/wp-json\/wp\/v2\/pages\/169\/revisions\/3384"}],"up":[{"embeddable":true,"href":"https:\/\/cadetfrancelibre.fr\/index.php\/wp-json\/wp\/v2\/pages\/118"}],"wp:attachment":[{"href":"https:\/\/cadetfrancelibre.fr\/index.php\/wp-json\/wp\/v2\/media?parent=169"}],"curies":[{"name":"wp","href":"https:\/\/api.w.org\/{rel}","templated":true}]}}