{"id":176,"date":"2016-02-26T22:46:24","date_gmt":"2016-02-26T21:46:24","guid":{"rendered":"http:\/\/cadetfrancelibre.fr\/?page_id=176"},"modified":"2024-09-14T15:14:55","modified_gmt":"2024-09-14T14:14:55","slug":"evades-de-bretagne","status":"publish","type":"page","link":"https:\/\/cadetfrancelibre.fr\/index.php\/levasion\/evades-de-bretagne\/","title":{"rendered":"Evad\u00e9s de Bretagne"},"content":{"rendered":"<h3><strong>Ceux qui devancent l&rsquo;appel du 18 juin<\/strong><\/h3>\n<p>Le paquebot Mekn\u00e8s part de Brest le 18 juin et ses passagers n&rsquo;entendront pas l&rsquo;Appel du g\u00e9n\u00e9ral De Gaulle<br \/>\nAu moins trois cadets sont \u00e0 bord: Herv\u00e9 Arnault de la M\u00e9nardi\u00e8re, Michel Duluat et \u00a0Robert Colcanap.<br \/>\nEtienne Laurent est\u00a0traverse \u00e9galement\u00a0sur le Meknes mais, semble-t-il, quelques jours plus t\u00f4t.<\/p>\n<h3><strong>Evad\u00e9 en avion<\/strong><\/h3>\n<p>C&rsquo;est l&rsquo;histoire de Paul Halna du Fretay qui part de\u00a0Dinan (voir <a href=\"https:\/\/cadetfrancelibre.fr\/index.php\/2016\/02\/25\/il-construit-un-avion-pour-rejoindre-langleterre\/\" target=\"_blank\" rel=\"noopener noreferrer\">l&rsquo;article<\/a> et le site des <a href=\"http:\/\/www.ordredelaliberation.fr\/fr\/les-compagnons\/442\/maurice-halna-du-fretay\">compagnons de la lib\u00e9ration<\/a>)<\/p>\n<h3><strong>Evasion de l&rsquo;Ile de Sein<\/strong><\/h3>\n<p>Ce sont tous les hommes de la commune qui passent en Angleterre &#8211; la commune est d\u00e9cor\u00e9e de <a href=\"http:\/\/www.ordredelaliberation.fr\/fr\/compagnons\/les-communes\/ile-de-sein\">l&rsquo;Ordre de la Lib\u00e9ration<\/a><\/p>\n<h3><strong>Ar Zenith<\/strong><\/h3>\n<p>Premier bateau \u00e0 partir de Bretagne d\u00e8s le 19 juin 1940 <a href=\"http:\/\/www.arzenith.com\/\">Voir le site<\/a><\/p>\n<h3><strong>Evasions de cadets<\/strong><\/h3>\n<ul>\n<li>Herv\u00e9 de la M\u00e9nardi\u00e8re est parti le 18 juin 1940 sur le paquebot <em>Mekn\u00e8s<\/em> (<a href=\"https:\/\/cadetfrancelibre.fr\/wp-content\/uploads\/2016\/04\/ASCFL_Evasion_De_La_M\u00e9nari\u00e8re.pdf\">r\u00e9cit<\/a>)<\/li>\n<li>Roger COLCANAP est \u00e9galement parti sur le <em>Mekn\u00e8s<\/em><\/li>\n<li>Cyril, Michel Herbout et leur m\u00e8re Olga partis le 18 juin 1940 de Camaret sur le chalutier <em>Keryado<\/em><\/li>\n<li>Michel LIGAVANT est parti d&rsquo;Audierne jusqu&rsquo;\u00e0 l&rsquo;\u00eele de sein. il va ensuite voyager sur Ar-Z\u00e9nith puis sur le Monique-Andr\u00e9e. (<a href=\"https:\/\/cadetfrancelibre.fr\/wp-content\/uploads\/2019\/01\/Ascfl_Evasion_Ligavant.pdf\" target=\"_blank\" rel=\"noopener noreferrer\">r\u00e9cit<\/a>)<\/li>\n<li>Jean Nedelec s&#8217;embarque \u00e9galement sur Ar-Z\u00e9nith<\/li>\n<li>Louis LE ROUX\u00a0 part de Plougasnou le 19 juin\u00a01940 avec\u00a0Jean BRIAND\u00a0et Fran\u00e7ois SEIT\u00e9 sur le <em>Premel<\/em><\/li>\n<li>Andr\u00e9 BOUGUEN part le 19 juin de Douarnenez sur le thonnier <em>Ma Gondole<\/em><\/li>\n<li>Guy-Robert PIERREPONT part \u00e9galement de Douarnenez le 19 juin (<a href=\"https:\/\/cadetfrancelibre.fr\/wp-content\/uploads\/2020\/05\/ASCFL_WP177_Le_d\u00e9part_de_Guy_Pierrepont.pdf\" target=\"_blank\" rel=\"noopener noreferrer\">r\u00e9cit<\/a>)<\/li>\n<li>G\u00e9rard GAULTIER de CARVILLE, Jean JEANNE et Robert MULSANT et Jean <a href=\"https:\/\/cadetfrancelibre.fr\/wp-content\/uploads\/2017\/12\/ASCFL_QUENTEL_Evasion.pdf\" target=\"_blank\" rel=\"noopener noreferrer\">QUENTEL<\/a> partent de Argenton-Porspoder le 19 juin 1940 sur le langoustier <em>Magven<\/em> jusqu&rsquo;\u00e0 Ouessant et de l\u00e0 gagnent Plymouth sur le dragueur de mines <em>Le<\/em> <em>Nivernais<\/em><\/li>\n<li>Gustave LESPAGNOL est parti le 20 juin de Brest sur le <em>Moncousu <\/em>qui transportait des Anglais et des valeurs de la Banque de France (<a href=\"http:\/\/alamer.fr\/index.php?NIUpage=35&amp;Param1=648\" target=\"_blank\" rel=\"noopener noreferrer\">Source<\/a>)<\/li>\n<li>Paul <a href=\"http:\/\/www.1dfl.fr\/VOUR-CH.html\" target=\"_blank\" rel=\"noopener noreferrer\">VOUR&rsquo;CH<\/a>\u00a0est parti le 28 novembre 1941 de Concarneau sur le bateau de p\u00eache Veac\u2019h Vad<\/li>\n<li>Christian BILLET part de Carantec sur <em>L&rsquo;Yvonne<\/em> le 5 f\u00e9vrier 1943<\/li>\n<li>Pierre HERRY est parti de l&rsquo;ile Calot sur le <em>Saint-Yves<\/em>\u00a0 le 7 juin 1943 (<a href=\"https:\/\/cadetfrancelibre.fr\/wp-content\/uploads\/2017\/06\/ASCFL_Evasion_HERRY_Pierre.pdf\" target=\"_blank\" rel=\"noopener noreferrer\">r\u00e9cit<\/a>)<\/li>\n<li>Jean-Paul MARTIN part de Morlaix sur le <em>S&rsquo;ils te mordent<\/em> en mars 1943 (<a href=\"https:\/\/cadetfrancelibre.fr\/wp-content\/uploads\/2017\/12\/ASCFL_Evasion_Jean-Paul_Martin.pdf\" target=\"_blank\" rel=\"noopener noreferrer\">r\u00e9cit<\/a>)<\/li>\n<\/ul>\n<p>D&rsquo;autres comme Jean BOUCLET, Claude BOULANGER, Andr\u00e9 BURGUIERE, Pierre CHUQUET, ou Alain TABURET sont \u00e9galement partis de Bretagne en Juin 1940<\/p>\n<h3><strong>Les bateaux partis de Bretagne<\/strong><\/h3>\n<p><strong>De Carantec<\/strong> ce sont le \u00ab\u00a0<em>Pourquoi pas?<\/em>\u00ab\u00a0, \u00ab\u00a0<em>l&rsquo;Andr\u00e9<\/em>\u00ab\u00a0, puis plus tard les bateaux du <a href=\"http:\/\/www.france-libre.net\/evades-carantec\/\">r\u00e9seau SIBIRIL<\/a><br \/>\n<strong>De Carteret<\/strong> \u00ab\u00a0<em>Le Fructidor<\/em>\u00a0\u00bb et la \u00ab\u00a0<em>Marie-George<\/em>\u00a0\u00bb sur lequel s&#8217;embarquera Thierry D&rsquo;Argenlieu<br \/>\n<strong>De Douarnenez<\/strong> la \u00ab\u00a0<em>Petite Anna<\/em>\u00a0\u00bb<\/p>\n<h3>Ouest France en a dress\u00e9 une <a href=\"http:\/\/www.ouest-france.fr\/bretagne\/les-bateaux-qui-rejoignent-langleterre-en-1940-2579889\">liste<\/a>\u00a0des bateaux partis en 1940, liste reprise ci-apr\u00e8s:<\/h3>\n<ul>\n<li><strong>\u00cele de Sein :\u00a0<\/strong> 19 juin : d\u00e9part d&rsquo;Ar Z\u00e9nith ; 24 juin : d\u00e9part du Vell\u00e9da et du Rouanez ar Mor ; 26 juin : d\u00e9part du Corbeau des Mers, du Rouanez ar Peoc&rsquo;h et du Maris Stella.<\/li>\n<li>\u00a0<strong>Plougasnou :\u00a0<\/strong> 19 juin : d\u00e9part de l&rsquo;Oiseau de la Temp\u00eate ; 20, 25, 29 juin : d\u00e9parts du Premel.<\/li>\n<li>\u00a0<strong>Plou\u00e9zoc&rsquo;h :\u00a0<\/strong> 15 d\u00e9cembre : d\u00e9parts du <em>V\u00e9ga<\/em>.<\/li>\n<li>\u00a0<strong>\u00cele de Batz :\u00a0<\/strong> 25 juin : d\u00e9part de <em>La Mouette<\/em>.<\/li>\n<li>\u00a0<strong>Roscoff :\u00a0<\/strong> 19 juin : d\u00e9part du <em>Baltoji Lelija<\/em>.<\/li>\n<li>\u00a0<strong>Le Conquet :\u00a0<\/strong> 19 juin : d\u00e9part du <em>Freie<\/em>, du <em>Massinad Faroud<\/em> et du <em>Roscal<\/em>.<\/li>\n<li>\u00a0<strong>\u00cele d&rsquo;Ouessant :\u00a0<\/strong> 19 : d\u00e9parts du <em>Mousse Le Moiec<\/em>, du <em>Monique-Andr\u00e9<\/em>, du <em>Dom Michel Le Nobletz<\/em>.<\/li>\n<li>\u00a0<strong>Ploudalm\u00e9zeau :\u00a0<\/strong> 19 juin : d\u00e9part du <em>Charles-Marie Chevillotte<\/em>.<\/li>\n<li>\u00a0<strong>Camaret\u00a0<\/strong> 18 juin: d\u00e9part du <em>Keryado<\/em>;\u00a019 juin : d\u00e9part du <em>Louis-Jules<\/em> et de <em>L&rsquo;Oiseau des Temp\u00eates<\/em> ; 9 octobre : d\u00e9part de <em>L&rsquo;\u00c9tourd<\/em>i ; 12 d\u00e9cembre : d\u00e9part de <em>L&rsquo;\u00c9migrant<\/em>.<\/li>\n<li>\u00a0<strong>Plogoff :\u00a0<\/strong> 24 d\u00e9cembre : d\u00e9part du <em>Marie-Louise<\/em>.<\/li>\n<li>\u00a0<strong>Lampaul-Plouarzel :\u00a0<\/strong> 19 juin : d\u00e9part du <em>Yvette<\/em>.<\/li>\n<li>\u00a0<strong>Porspoder :\u00a0<\/strong> 19 juin : d\u00e9part du <em>Malgven<\/em>.<\/li>\n<li>\u00a0<strong>\u00cele de Mol\u00e8ne :\u00a0<\/strong> 19 juin : d\u00e9part du <em>Jean-Charcot<\/em>.<\/li>\n<li>\u00a0<strong>Land\u00e9da\u00a0<\/strong> 19 juin : d\u00e9part du <em>Lucien-Gougy<\/em>.<\/li>\n<li>\u00a0<strong>Fouesnant\u00a0<\/strong> 24 juin, d\u00e9parts de <em>l&rsquo;Albatros<\/em> et du <em>Petit-Marcel<\/em>.<\/li>\n<li>\u00a0<strong>Douarnenez :\u00a0<\/strong> 19 juin : d\u00e9parts du <em>Tr\u00e9bouliste<\/em>, de <em>Ma Gondole<\/em>, de <em>La Brise<\/em>, de<em> la Petite-Reine<\/em>, du <em>R\u00e9gina-Pacis<\/em>.\u00a0 21 octobre : d\u00e9part de La <em>Petite-Anna<\/em><\/li>\n<li>\u00a0<strong>Le Guilvinec :\u00a0<\/strong> 24 juin : d\u00e9parts du <em>Korrigan<\/em> et du <em>Moskoul<\/em>.<\/li>\n<li>\u00a0<strong>Penmarc&rsquo;h-Kerity\u00a0<\/strong> 26 juin : d\u00e9part du <em>Notre-Dame du Bon-Conseil;<\/em> 2 juillet : d\u00e9part du <em>Vincent-Michel<\/em>.<\/li>\n<\/ul>\n<p><a href=\"https:\/\/cadetfrancelibre.fr\/index.php\/levasion\/les-prisons-despagne\/\"><img loading=\"lazy\" decoding=\"async\" class=\"alignright wp-image-1393 size-full\" src=\"https:\/\/cadetfrancelibre.fr\/wp-content\/uploads\/2019\/01\/lien_page.jpg\" alt=\"lien_page\" width=\"98\" height=\"54\" \/><\/a><\/p>\n","protected":false},"excerpt":{"rendered":"<p>Ceux qui devancent l&rsquo;appel du 18 juin Le paquebot Mekn\u00e8s part de Brest le 18 juin et ses passagers n&rsquo;entendront pas l&rsquo;Appel du g\u00e9n\u00e9ral De Gaulle Au moins trois cadets sont \u00e0 bord: Herv\u00e9 Arnault de la M\u00e9nardi\u00e8re, Michel Duluat &hellip; <a href=\"https:\/\/cadetfrancelibre.fr\/index.php\/levasion\/evades-de-bretagne\/\">Continuer la lecture <span class=\"meta-nav\">&rarr;<\/span><\/a><\/p>\n","protected":false},"author":1,"featured_media":0,"parent":12,"menu_order":2,"comment_status":"closed","ping_status":"closed","template":"","meta":{"footnotes":""},"class_list":["post-176","page","type-page","status-publish","hentry"],"_links":{"self":[{"href":"https:\/\/cadetfrancelibre.fr\/index.php\/wp-json\/wp\/v2\/pages\/176","targetHints":{"allow":["GET"]}}],"collection":[{"href":"https:\/\/cadetfrancelibre.fr\/index.php\/wp-json\/wp\/v2\/pages"}],"about":[{"href":"https:\/\/cadetfrancelibre.fr\/index.php\/wp-json\/wp\/v2\/types\/page"}],"author":[{"embeddable":true,"href":"https:\/\/cadetfrancelibre.fr\/index.php\/wp-json\/wp\/v2\/users\/1"}],"replies":[{"embeddable":true,"href":"https:\/\/cadetfrancelibre.fr\/index.php\/wp-json\/wp\/v2\/comments?post=176"}],"version-history":[{"count":38,"href":"https:\/\/cadetfrancelibre.fr\/index.php\/wp-json\/wp\/v2\/pages\/176\/revisions"}],"predecessor-version":[{"id":3476,"href":"https:\/\/cadetfrancelibre.fr\/index.php\/wp-json\/wp\/v2\/pages\/176\/revisions\/3476"}],"up":[{"embeddable":true,"href":"https:\/\/cadetfrancelibre.fr\/index.php\/wp-json\/wp\/v2\/pages\/12"}],"wp:attachment":[{"href":"https:\/\/cadetfrancelibre.fr\/index.php\/wp-json\/wp\/v2\/media?parent=176"}],"curies":[{"name":"wp","href":"https:\/\/api.w.org\/{rel}","templated":true}]}}