{"id":184,"date":"2016-02-26T10:29:51","date_gmt":"2016-02-26T09:29:51","guid":{"rendered":"http:\/\/cadetfrancelibre.fr\/?page_id=184"},"modified":"2021-01-27T17:27:32","modified_gmt":"2021-01-27T16:27:32","slug":"les-cadets-compagnons-de-la-liberation","status":"publish","type":"page","link":"https:\/\/cadetfrancelibre.fr\/index.php\/des-modeles\/les-cadets-compagnons-de-la-liberation\/","title":{"rendered":"Les Cadets Compagnons de la Lib\u00e9ration"},"content":{"rendered":"\n<p>L&rsquo;Ordre des <a href=\"http:\/\/www.ordredelaliberation.fr\/fr\/ordre-de-la-liberation\">Compagnons de la Lib\u00e9ration<\/a> cr\u00e9\u00e9 et clos par le G\u00e9n\u00e9ral Charles de Gaulle a \u00e9t\u00e9 d\u00e9cern\u00e9s \u00e0 ceux des Fran\u00e7ais qui ont le plus contribu\u00e9 \u00e0&nbsp; la Lib\u00e9ration de la France souvent en sacrifiant leur vie.<\/p>\n\n\n\n<div class=\"wp-block-envira-envira-gallery\"><div id=\"envira-gallery-wrap-2265\" class=\"envira-gallery-wrap envira-gallery-theme-base envira-lightbox-theme-base\" itemscope itemtype=\"https:\/\/schema.org\/ImageGallery\"><div data-row-height=\"\" data-gallery-theme=\"\" id=\"envira-gallery-2265\" class=\"envira-gallery-public  envira-gallery-4-columns envira-clear envira-gallery-css-animations\" data-envira-columns=\"4\"><div id=\"envira-gallery-item-467\" class=\"envira-gallery-item enviratope-item envira-gallery-item-1 envira-lazy-load\" style=\"padding-left: 1px; padding-bottom: 1px; padding-right: 1px;\"  itemscope itemtype=\"https:\/\/schema.org\/ImageObject\"><div class=\"envira-gallery-item-inner\"><div class=\"envira-gallery-position-overlay  envira-gallery-top-left\"><\/div><div class=\"envira-gallery-position-overlay  envira-gallery-top-right\"><\/div><div class=\"envira-gallery-position-overlay  envira-gallery-bottom-left\"><\/div><div class=\"envira-gallery-position-overlay  envira-gallery-bottom-right\"><\/div><div class=\"envira-lazy\" data-test-width=\"640\" data-test-height=\"480\" style=\"padding-bottom:75%;\"><img decoding=\"async\" id=\"envira-gallery-image-467\" class=\"envira-gallery-image envira-gallery-image-1\" data-envira-index=\"1\" src=\"https:\/\/cadetfrancelibre.fr\/wp-content\/uploads\/2016\/05\/KD_BOUVIER_L\u00e9on-150x150.jpg\" data-envira-src=\"https:\/\/cadetfrancelibre.fr\/wp-content\/uploads\/2016\/05\/KD_BOUVIER_L\u00e9on-150x150.jpg\" data-envira-gallery-id=\"2265\" data-envira-item-id=\"467\" data-envira-caption=\"KD_BOUVIER_L&eacute;on\" alt=\"L\u00e9on BOUVIER\" title=\"KD_BOUVIER_L&amp;eacute;on\"  itemprop=\"thumbnailUrl\" data-envira-srcset=\"https:\/\/cadetfrancelibre.fr\/wp-content\/uploads\/2016\/05\/KD_BOUVIER_L\u00e9on-150x150.jpg 400w,https:\/\/cadetfrancelibre.fr\/wp-content\/uploads\/2016\/05\/KD_BOUVIER_L\u00e9on-150x150.jpg 2x\" srcset=\"data:image\/gif;base64,R0lGODlhAQABAIAAAP\/\/\/\/\/\/\/yH5BAEKAAEALAAAAAABAAEAAAICTAEAOw==\" \/><\/div><\/div><\/div><div id=\"envira-gallery-item-468\" class=\"envira-gallery-item enviratope-item envira-gallery-item-2 envira-lazy-load\" style=\"padding-left: 1px; padding-bottom: 1px; padding-right: 1px;\"  itemscope itemtype=\"https:\/\/schema.org\/ImageObject\"><div class=\"envira-gallery-item-inner\"><div class=\"envira-gallery-position-overlay  envira-gallery-top-left\"><\/div><div class=\"envira-gallery-position-overlay  envira-gallery-top-right\"><\/div><div class=\"envira-gallery-position-overlay  envira-gallery-bottom-left\"><\/div><div class=\"envira-gallery-position-overlay  envira-gallery-bottom-right\"><\/div><div class=\"envira-lazy\" data-test-width=\"640\" data-test-height=\"480\" style=\"padding-bottom:75%;\"><img decoding=\"async\" id=\"envira-gallery-image-468\" class=\"envira-gallery-image envira-gallery-image-2\" data-envira-index=\"2\" src=\"https:\/\/cadetfrancelibre.fr\/wp-content\/uploads\/2016\/05\/KD_Camors-150x150.jpg\" data-envira-src=\"https:\/\/cadetfrancelibre.fr\/wp-content\/uploads\/2016\/05\/KD_Camors-150x150.jpg\" data-envira-gallery-id=\"2265\" data-envira-item-id=\"468\" data-envira-caption=\"KD_Camors\" alt=\"Jean-Claude CAMORS\" title=\"KD_Camors\"  itemprop=\"thumbnailUrl\" data-envira-srcset=\"https:\/\/cadetfrancelibre.fr\/wp-content\/uploads\/2016\/05\/KD_Camors-150x150.jpg 400w,https:\/\/cadetfrancelibre.fr\/wp-content\/uploads\/2016\/05\/KD_Camors-150x150.jpg 2x\" srcset=\"data:image\/gif;base64,R0lGODlhAQABAIAAAP\/\/\/\/\/\/\/yH5BAEKAAEALAAAAAABAAEAAAICTAEAOw==\" \/><\/div><\/div><\/div><div id=\"envira-gallery-item-470\" class=\"envira-gallery-item enviratope-item envira-gallery-item-3 envira-lazy-load\" style=\"padding-left: 1px; padding-bottom: 1px; padding-right: 1px;\"  itemscope itemtype=\"https:\/\/schema.org\/ImageObject\"><div class=\"envira-gallery-item-inner\"><div class=\"envira-gallery-position-overlay  envira-gallery-top-left\"><\/div><div class=\"envira-gallery-position-overlay  envira-gallery-top-right\"><\/div><div class=\"envira-gallery-position-overlay  envira-gallery-bottom-left\"><\/div><div class=\"envira-gallery-position-overlay  envira-gallery-bottom-right\"><\/div><div class=\"envira-lazy\" data-test-width=\"640\" data-test-height=\"480\" style=\"padding-bottom:75%;\"><img decoding=\"async\" id=\"envira-gallery-image-470\" class=\"envira-gallery-image envira-gallery-image-3\" data-envira-index=\"3\" src=\"https:\/\/cadetfrancelibre.fr\/wp-content\/uploads\/2016\/05\/KD_FEVRE-150x150.jpg\" data-envira-src=\"https:\/\/cadetfrancelibre.fr\/wp-content\/uploads\/2016\/05\/KD_FEVRE-150x150.jpg\" data-envira-gallery-id=\"2265\" data-envira-item-id=\"470\" data-envira-caption=\"KD_FEVRE\" alt=\"Jean F\u00e8vre\" title=\"KD_FEVRE\"  itemprop=\"thumbnailUrl\" data-envira-srcset=\"https:\/\/cadetfrancelibre.fr\/wp-content\/uploads\/2016\/05\/KD_FEVRE-150x150.jpg 400w,https:\/\/cadetfrancelibre.fr\/wp-content\/uploads\/2016\/05\/KD_FEVRE-150x150.jpg 2x\" srcset=\"data:image\/gif;base64,R0lGODlhAQABAIAAAP\/\/\/\/\/\/\/yH5BAEKAAEALAAAAAABAAEAAAICTAEAOw==\" \/><\/div><\/div><\/div><div id=\"envira-gallery-item-471\" class=\"envira-gallery-item enviratope-item envira-gallery-item-4 envira-lazy-load\" style=\"padding-left: 1px; padding-bottom: 1px; padding-right: 1px;\"  itemscope itemtype=\"https:\/\/schema.org\/ImageObject\"><div class=\"envira-gallery-item-inner\"><div class=\"envira-gallery-position-overlay  envira-gallery-top-left\"><\/div><div class=\"envira-gallery-position-overlay  envira-gallery-top-right\"><\/div><div class=\"envira-gallery-position-overlay  envira-gallery-bottom-left\"><\/div><div class=\"envira-gallery-position-overlay  envira-gallery-bottom-right\"><\/div><div class=\"envira-lazy\" data-test-width=\"640\" data-test-height=\"480\" style=\"padding-bottom:75%;\"><img decoding=\"async\" id=\"envira-gallery-image-471\" class=\"envira-gallery-image envira-gallery-image-4\" data-envira-index=\"4\" src=\"https:\/\/cadetfrancelibre.fr\/wp-content\/uploads\/2016\/05\/KD_LEMARINEL-150x150.jpg\" data-envira-src=\"https:\/\/cadetfrancelibre.fr\/wp-content\/uploads\/2016\/05\/KD_LEMARINEL-150x150.jpg\" data-envira-gallery-id=\"2265\" data-envira-item-id=\"471\" data-envira-caption=\"KD_LEMARINEL\" alt=\"Jacques LEMARINEL\" title=\"KD_LEMARINEL\"  itemprop=\"thumbnailUrl\" data-envira-srcset=\"https:\/\/cadetfrancelibre.fr\/wp-content\/uploads\/2016\/05\/KD_LEMARINEL-150x150.jpg 400w,https:\/\/cadetfrancelibre.fr\/wp-content\/uploads\/2016\/05\/KD_LEMARINEL-150x150.jpg 2x\" srcset=\"data:image\/gif;base64,R0lGODlhAQABAIAAAP\/\/\/\/\/\/\/yH5BAEKAAEALAAAAAABAAEAAAICTAEAOw==\" \/><\/div><\/div><\/div><div id=\"envira-gallery-item-472\" class=\"envira-gallery-item enviratope-item envira-gallery-item-5 envira-lazy-load\" style=\"padding-left: 1px; padding-bottom: 1px; padding-right: 1px;\"  itemscope itemtype=\"https:\/\/schema.org\/ImageObject\"><div class=\"envira-gallery-item-inner\"><div class=\"envira-gallery-position-overlay  envira-gallery-top-left\"><\/div><div class=\"envira-gallery-position-overlay  envira-gallery-top-right\"><\/div><div class=\"envira-gallery-position-overlay  envira-gallery-bottom-left\"><\/div><div class=\"envira-gallery-position-overlay  envira-gallery-bottom-right\"><\/div><div class=\"envira-lazy\" data-test-width=\"640\" data-test-height=\"480\" style=\"padding-bottom:75%;\"><img decoding=\"async\" id=\"envira-gallery-image-472\" class=\"envira-gallery-image envira-gallery-image-5\" data-envira-index=\"5\" src=\"https:\/\/cadetfrancelibre.fr\/wp-content\/uploads\/2016\/05\/KD_NOUVEAU-150x150.jpg\" data-envira-src=\"https:\/\/cadetfrancelibre.fr\/wp-content\/uploads\/2016\/05\/KD_NOUVEAU-150x150.jpg\" data-envira-gallery-id=\"2265\" data-envira-item-id=\"472\" data-envira-caption=\"KD_NOUVEAU\" alt=\"Jean-Pierre NOUVEAU\" title=\"KD_NOUVEAU\"  itemprop=\"thumbnailUrl\" data-envira-srcset=\"https:\/\/cadetfrancelibre.fr\/wp-content\/uploads\/2016\/05\/KD_NOUVEAU-150x150.jpg 400w,https:\/\/cadetfrancelibre.fr\/wp-content\/uploads\/2016\/05\/KD_NOUVEAU-150x150.jpg 2x\" srcset=\"data:image\/gif;base64,R0lGODlhAQABAIAAAP\/\/\/\/\/\/\/yH5BAEKAAEALAAAAAABAAEAAAICTAEAOw==\" \/><\/div><\/div><\/div><div id=\"envira-gallery-item-1976\" class=\"envira-gallery-item enviratope-item envira-gallery-item-6 envira-lazy-load\" style=\"padding-left: 1px; padding-bottom: 1px; padding-right: 1px;\"  itemscope itemtype=\"https:\/\/schema.org\/ImageObject\"><div class=\"envira-gallery-item-inner\"><div class=\"envira-gallery-position-overlay  envira-gallery-top-left\"><\/div><div class=\"envira-gallery-position-overlay  envira-gallery-top-right\"><\/div><div class=\"envira-gallery-position-overlay  envira-gallery-bottom-left\"><\/div><div class=\"envira-gallery-position-overlay  envira-gallery-bottom-right\"><\/div><div class=\"envira-lazy\" data-test-width=\"640\" data-test-height=\"480\" style=\"padding-bottom:75%;\"><img decoding=\"async\" id=\"envira-gallery-image-1976\" class=\"envira-gallery-image envira-gallery-image-6\" data-envira-index=\"6\" src=\"https:\/\/cadetfrancelibre.fr\/wp-content\/uploads\/2020\/05\/TAYLOR2-150x150.jpg\" data-envira-src=\"https:\/\/cadetfrancelibre.fr\/wp-content\/uploads\/2020\/05\/TAYLOR2-150x150.jpg\" data-envira-gallery-id=\"2265\" data-envira-item-id=\"1976\" data-envira-caption=\"TAYLOR2\" alt=\"Georges TAYLOR\" title=\"TAYLOR2\"  itemprop=\"thumbnailUrl\" data-envira-srcset=\"https:\/\/cadetfrancelibre.fr\/wp-content\/uploads\/2020\/05\/TAYLOR2-150x150.jpg 400w,https:\/\/cadetfrancelibre.fr\/wp-content\/uploads\/2020\/05\/TAYLOR2-150x150.jpg 2x\" srcset=\"data:image\/gif;base64,R0lGODlhAQABAIAAAP\/\/\/\/\/\/\/yH5BAEKAAEALAAAAAABAAEAAAICTAEAOw==\" \/><\/div><\/div><\/div><div id=\"envira-gallery-item-2270\" class=\"envira-gallery-item enviratope-item envira-gallery-item-7 envira-lazy-load\" style=\"padding-left: 1px; padding-bottom: 1px; padding-right: 1px;\"  itemscope itemtype=\"https:\/\/schema.org\/ImageObject\"><div class=\"envira-gallery-item-inner\"><div class=\"envira-gallery-position-overlay  envira-gallery-top-left\"><\/div><div class=\"envira-gallery-position-overlay  envira-gallery-top-right\"><\/div><div class=\"envira-gallery-position-overlay  envira-gallery-bottom-left\"><\/div><div class=\"envira-gallery-position-overlay  envira-gallery-bottom-right\"><\/div><div class=\"envira-lazy\" data-test-width=\"640\" data-test-height=\"480\" style=\"padding-bottom:75%;\"><img decoding=\"async\" id=\"envira-gallery-image-2270\" class=\"envira-gallery-image envira-gallery-image-7\" data-envira-index=\"7\" src=\"https:\/\/cadetfrancelibre.fr\/wp-content\/uploads\/2021\/01\/Seit\u00e9_Fran\u00e7ois2-150x150.jpg\" data-envira-src=\"https:\/\/cadetfrancelibre.fr\/wp-content\/uploads\/2021\/01\/Seit\u00e9_Fran\u00e7ois2-150x150.jpg\" data-envira-gallery-id=\"2265\" data-envira-item-id=\"2270\" data-envira-caption=\"Fran&ccedil;ois Se&iuml;t&eacute;\" alt=\"Fran\u00e7ois Se\u00eft\u00e9\" title=\"Fran&amp;ccedil;ois Se&amp;iuml;t&amp;eacute;\"  itemprop=\"thumbnailUrl\" data-envira-srcset=\"https:\/\/cadetfrancelibre.fr\/wp-content\/uploads\/2021\/01\/Seit\u00e9_Fran\u00e7ois2-150x150.jpg 400w,https:\/\/cadetfrancelibre.fr\/wp-content\/uploads\/2021\/01\/Seit\u00e9_Fran\u00e7ois2-150x150.jpg 2x\" srcset=\"data:image\/gif;base64,R0lGODlhAQABAIAAAP\/\/\/\/\/\/\/yH5BAEKAAEALAAAAAABAAEAAAICTAEAOw==\" \/><\/div><\/div><\/div><\/div><\/div><noscript><img decoding=\"async\" src=\"https:\/\/cadetfrancelibre.fr\/wp-content\/uploads\/2016\/05\/KD_BOUVIER_L\u00e9on.jpg\" alt=\"L\u00e9on BOUVIER\" \/><img decoding=\"async\" src=\"https:\/\/cadetfrancelibre.fr\/wp-content\/uploads\/2016\/05\/KD_Camors.jpg\" alt=\"Jean-Claude CAMORS\" \/><img decoding=\"async\" src=\"https:\/\/cadetfrancelibre.fr\/wp-content\/uploads\/2016\/05\/KD_FEVRE.jpg\" alt=\"Jean F\u00e8vre\" \/><img decoding=\"async\" src=\"https:\/\/cadetfrancelibre.fr\/wp-content\/uploads\/2016\/05\/KD_LEMARINEL.jpg\" alt=\"Jacques LEMARINEL\" \/><img decoding=\"async\" src=\"https:\/\/cadetfrancelibre.fr\/wp-content\/uploads\/2016\/05\/KD_NOUVEAU.jpg\" alt=\"Jean-Pierre NOUVEAU\" \/><img decoding=\"async\" src=\"https:\/\/cadetfrancelibre.fr\/wp-content\/uploads\/2020\/05\/TAYLOR2.jpg\" alt=\"Georges TAYLOR\" \/><img decoding=\"async\" src=\"https:\/\/cadetfrancelibre.fr\/wp-content\/uploads\/2021\/01\/Seit\u00e9_Fran\u00e7ois2.jpg\" alt=\"Fran\u00e7ois Se\u00eft\u00e9\" \/><\/noscript><\/div>\n\n\n\n<p>7&nbsp;des Cadets de la France libre ont \u00e9t\u00e9 d\u00e9cor\u00e9s de l&rsquo;Ordre de la Lib\u00e9ration<\/p>\n\n\n\n<ul class=\"wp-block-list\"><li>L\u00e9on <a href=\"http:\/\/www.ordredelaliberation.fr\/fr\/les-compagnons\/136\/leon-bouvier\">BOUVIER<\/a> (1923 &#8211; 2005)<\/li><li>Jean-Claude <a href=\"http:\/\/www.ordredelaliberation.fr\/fr\/les-compagnons\/169\/jean-claude-camors\">CAMORS<\/a> (1919-1943)<\/li><li>Jean <a href=\"http:\/\/www.ordredelaliberation.fr\/fr\/les-compagnons\/337\/jean-fevre\">FEVRE<\/a> (1920 &#8211; 1945)<\/li><li>Jacques <a href=\"http:\/\/www.ordredelaliberation.fr\/fr\/les-compagnons\/575\/jacques-lemarinel\">LEMARINEL<\/a> (1923-1944)<\/li><li>Jean-Pierre <a href=\"http:\/\/www.ordredelaliberation.fr\/fr\/les-compagnons\/717\/jean-pierre-nouveau\">NOUVEAU<\/a> (1921-1991)<\/li><li>Fran\u00e7ois <a href=\"http:\/\/www.ordredelaliberation.fr\/fr\/les-compagnons\/897\/francois-seite\" target=\"_blank\" rel=\"noopener noreferrer\">SEITE<\/a> (1923-1944)<\/li><li>Georges William <a href=\"http:\/\/www.ordredelaliberation.fr\/fr\/les-compagnons\/934\/georges-william-taylor\" target=\"_blank\" rel=\"noopener noreferrer\">TAYLOR<\/a> (1924-1945)<\/li><\/ul>\n\n\n\n<p>L&rsquo;un des aum\u00f4niers pr\u00e9sent \u00e0 Malvern a \u00e9galement \u00e9t\u00e9 d\u00e9cor\u00e9. Il s&rsquo;agit de<\/p>\n\n\n\n<ul class=\"wp-block-list\"><li>Fran\u00e7ois <a href=\"http:\/\/www.ordredelaliberation.fr\/fr\/les-compagnons\/94\/francois-bigo\" target=\"_blank\" rel=\"noopener noreferrer\">BIGO<\/a> (1912-1944)<\/li><\/ul>\n\n\n\n<div class=\"wp-block-image\"><figure class=\"alignright\"><a href=\"https:\/\/cadetfrancelibre.fr\/index.php\/des-modeles\/promotions-saint-cyr\/\"><img loading=\"lazy\" decoding=\"async\" width=\"98\" height=\"54\" src=\"https:\/\/cadetfrancelibre.fr\/wp-content\/uploads\/2019\/01\/lien_page.jpg\" alt=\"lien_page\" class=\"wp-image-1393\"\/><\/a><\/figure><\/div>\n","protected":false},"excerpt":{"rendered":"<p>L&rsquo;Ordre des Compagnons de la Lib\u00e9ration cr\u00e9\u00e9 et clos par le G\u00e9n\u00e9ral Charles de Gaulle a \u00e9t\u00e9 d\u00e9cern\u00e9s \u00e0 ceux des Fran\u00e7ais qui ont le plus contribu\u00e9 \u00e0&nbsp; la Lib\u00e9ration de la France souvent en sacrifiant leur vie. 7&nbsp;des Cadets &hellip; <a href=\"https:\/\/cadetfrancelibre.fr\/index.php\/des-modeles\/les-cadets-compagnons-de-la-liberation\/\">Continuer la lecture <span class=\"meta-nav\">&rarr;<\/span><\/a><\/p>\n","protected":false},"author":1,"featured_media":0,"parent":22,"menu_order":4,"comment_status":"closed","ping_status":"closed","template":"","meta":{"footnotes":""},"class_list":["post-184","page","type-page","status-publish","hentry"],"_links":{"self":[{"href":"https:\/\/cadetfrancelibre.fr\/index.php\/wp-json\/wp\/v2\/pages\/184","targetHints":{"allow":["GET"]}}],"collection":[{"href":"https:\/\/cadetfrancelibre.fr\/index.php\/wp-json\/wp\/v2\/pages"}],"about":[{"href":"https:\/\/cadetfrancelibre.fr\/index.php\/wp-json\/wp\/v2\/types\/page"}],"author":[{"embeddable":true,"href":"https:\/\/cadetfrancelibre.fr\/index.php\/wp-json\/wp\/v2\/users\/1"}],"replies":[{"embeddable":true,"href":"https:\/\/cadetfrancelibre.fr\/index.php\/wp-json\/wp\/v2\/comments?post=184"}],"version-history":[{"count":10,"href":"https:\/\/cadetfrancelibre.fr\/index.php\/wp-json\/wp\/v2\/pages\/184\/revisions"}],"predecessor-version":[{"id":2272,"href":"https:\/\/cadetfrancelibre.fr\/index.php\/wp-json\/wp\/v2\/pages\/184\/revisions\/2272"}],"up":[{"embeddable":true,"href":"https:\/\/cadetfrancelibre.fr\/index.php\/wp-json\/wp\/v2\/pages\/22"}],"wp:attachment":[{"href":"https:\/\/cadetfrancelibre.fr\/index.php\/wp-json\/wp\/v2\/media?parent=184"}],"curies":[{"name":"wp","href":"https:\/\/api.w.org\/{rel}","templated":true}]}}