{"id":20,"date":"2016-02-03T12:41:34","date_gmt":"2016-02-03T11:41:34","guid":{"rendered":"http:\/\/cadetfrancelibre.fr\/?page_id=20"},"modified":"2020-12-26T20:30:39","modified_gmt":"2020-12-26T19:30:39","slug":"laction","status":"publish","type":"page","link":"https:\/\/cadetfrancelibre.fr\/index.php\/laction\/","title":{"rendered":"L&rsquo;action"},"content":{"rendered":"<p>Sit\u00f4t promus, les nouveaux officiers sont lanc\u00e9s dans les arm\u00e9es de la France Libre<\/p>\n<p>Les combats prennent plusieurs formes. A c\u00f4t\u00e9 des arm\u00e9es \u00ab\u00a0r\u00e9guli\u00e8re\u00a0\u00bb, il y a les combats de la R\u00e9sistance. Une partie important des Cadets va jouer le r\u00f4le de formation et d&rsquo;encadrement dans les maquis de France.<\/p>\n<h3><strong>Les th\u00e9\u00e2tres d&rsquo;action<\/strong><\/h3>\n<p>L&rsquo;Afrique &#8211; Le d\u00e9sert &#8211; L&rsquo;Italie &#8211; La France &#8211; La Hollande &#8211; L&rsquo;Allemagne<\/p>\n<h3><strong>Les arm\u00e9es<\/strong><\/h3>\n<p>La <a href=\"https:\/\/cadetfrancelibre.fr\/index.php\/laction\/la-premiere-dfl\" target=\"_blank\" rel=\"noopener noreferrer\">premi\u00e8re DFL<\/a> &#8211; La <a href=\"https:\/\/cadetfrancelibre.fr\/index.php\/laction\/la-deuxieme-db\" target=\"_blank\" rel=\"noopener noreferrer\">2\u00e8me DB<\/a> &#8211; Le <a href=\"https:\/\/cadetfrancelibre.fr\/index.php\/laction\/le-bcra\" target=\"_blank\" rel=\"noopener noreferrer\">BCRA<\/a> &#8211; les SAS &#8211; L&rsquo;aviation &#8211; La Marine &#8211; <a href=\"https:\/\/cadetfrancelibre.fr\/index.php\/laction\/les-officiers-de-liaison\/\" target=\"_blank\" rel=\"noopener noreferrer\">Les officiers de Liaison<\/a><\/p>\n<h3><strong>Morts pour La France<\/strong><\/h3>\n<p>Un quart des sous-officiers form\u00e9s sont tomb\u00e9s dans les combats de la Lib\u00e9ration<\/p>\n<h3>Et apr\u00e8s la lib\u00e9ration, on retrouvera une partie des Cadets en Indochine, en <a href=\"https:\/\/cadetfrancelibre.fr\/index.php\/2017\/07\/04\/la-lettre-de-juillet-2007-5-cadets-presents-en-coree\/\" target=\"_blank\" rel=\"noopener noreferrer\">Cor\u00e9e<\/a> et aussi en Alg\u00e9rie.<\/h3>\n<p><a href=\"https:\/\/cadetfrancelibre.fr\/index.php\/laction\/la-premiere-dfl\"><img loading=\"lazy\" decoding=\"async\" class=\"alignright wp-image-1393 size-full\" src=\"https:\/\/cadetfrancelibre.fr\/wp-content\/uploads\/2019\/01\/lien_page.jpg\" alt=\"lien_page\" width=\"98\" height=\"54\" \/><\/a><\/p>\n","protected":false},"excerpt":{"rendered":"<p>Sit\u00f4t promus, les nouveaux officiers sont lanc\u00e9s dans les arm\u00e9es de la France Libre Les combats prennent plusieurs formes. A c\u00f4t\u00e9 des arm\u00e9es \u00ab\u00a0r\u00e9guli\u00e8re\u00a0\u00bb, il y a les combats de la R\u00e9sistance. Une partie important des Cadets va jouer le &hellip; <a href=\"https:\/\/cadetfrancelibre.fr\/index.php\/laction\/\">Continuer la lecture <span class=\"meta-nav\">&rarr;<\/span><\/a><\/p>\n","protected":false},"author":1,"featured_media":0,"parent":0,"menu_order":4,"comment_status":"closed","ping_status":"closed","template":"","meta":{"footnotes":""},"class_list":["post-20","page","type-page","status-publish","hentry"],"_links":{"self":[{"href":"https:\/\/cadetfrancelibre.fr\/index.php\/wp-json\/wp\/v2\/pages\/20","targetHints":{"allow":["GET"]}}],"collection":[{"href":"https:\/\/cadetfrancelibre.fr\/index.php\/wp-json\/wp\/v2\/pages"}],"about":[{"href":"https:\/\/cadetfrancelibre.fr\/index.php\/wp-json\/wp\/v2\/types\/page"}],"author":[{"embeddable":true,"href":"https:\/\/cadetfrancelibre.fr\/index.php\/wp-json\/wp\/v2\/users\/1"}],"replies":[{"embeddable":true,"href":"https:\/\/cadetfrancelibre.fr\/index.php\/wp-json\/wp\/v2\/comments?post=20"}],"version-history":[{"count":10,"href":"https:\/\/cadetfrancelibre.fr\/index.php\/wp-json\/wp\/v2\/pages\/20\/revisions"}],"predecessor-version":[{"id":2175,"href":"https:\/\/cadetfrancelibre.fr\/index.php\/wp-json\/wp\/v2\/pages\/20\/revisions\/2175"}],"wp:attachment":[{"href":"https:\/\/cadetfrancelibre.fr\/index.php\/wp-json\/wp\/v2\/media?parent=20"}],"curies":[{"name":"wp","href":"https:\/\/api.w.org\/{rel}","templated":true}]}}