{"id":22,"date":"2016-02-03T12:59:42","date_gmt":"2016-02-03T11:59:42","guid":{"rendered":"http:\/\/cadetfrancelibre.fr\/?page_id=22"},"modified":"2019-01-29T17:22:55","modified_gmt":"2019-01-29T16:22:55","slug":"des-modeles","status":"publish","type":"page","link":"https:\/\/cadetfrancelibre.fr\/index.php\/des-modeles\/","title":{"rendered":"Des mod\u00e8les"},"content":{"rendered":"<p>La premi\u00e8re moiti\u00e9 du XX\u00e8me si\u00e8cle, c&rsquo;est bien loin et si la nostalgie n&rsquo;apporte rien, la connaissance de l&rsquo;Histoire nous donne des atouts tr\u00e8s forts pour aborder le pr\u00e9sent<br \/>\nL&rsquo;histoire des Cadets permet de trouver des mod\u00e8les qui restent tr\u00e8s actuels<\/p>\n<h3>Des mod\u00e8les pour la France<\/h3>\n<p>Le mod\u00e8le de la France Libre, c&rsquo;est de dire qu&rsquo;au dessus de la discipline et de l&rsquo;ob\u00e9issance, au dessus m\u00eame des lois et du respect de l&rsquo;autorit\u00e9, il y a des valeurs plus importantes. Des valeurs de respect des autres, des valeurs d&rsquo;honneur, des valeurs d&rsquo;union, des valeurs de d\u00e9vouement.<\/p>\n<h3><strong>Les Promotions de Saint-Cyr<\/strong><\/h3>\n<p>L&rsquo;histoire des cadets a servi pour parrainer plusieurs promotions des \u00e9coles de Saint-Cyr:<\/p>\n<ul>\n<li>\u00a0La promotion \u00ab\u00a0Cadets de la France Libre\u00a0\u00bb<\/li>\n<li>\u00a0Les promotions Barr\u00e8s &#8211; Seit\u00e9 &#8211; Taylor &#8211; Chatenay &#8211; Lespagnol &#8211; de Carville &#8211; Le Roux<\/li>\n<\/ul>\n<p><a href=\"https:\/\/cadetfrancelibre.fr\/index.php\/des-modeles\/promotions-saint-cyr\/\">Voir la page<\/a><\/p>\n<h3><strong>Des lieux de souvenir<\/strong><\/h3>\n<p>On trouve en France des lieux de souvenir en l&rsquo;honneur des cadets, une rue, une place, une st\u00e8le<\/p>\n<ul>\n<li>Dans les villes et dans les villages de France, \u00e0 Paris, Lyon, Brest, Biarritz, Cloyes, Donci\u00e8res, Fort-Mahon, Les sables d&rsquo;Olonne, Locquirecq, Plo\u00ebrmel, Massy, Provins ou Verneuil,<\/li>\n<li>au\u00a0 <a href=\"https:\/\/cadetfrancelibre.fr\/wp-content\/uploads\/2016\/05\/ASCFL_lieu_Invalides.jpg\" target=\"_blank\">Mus\u00e9e des Invalides<\/a><\/li>\n<li>A Co\u00ebtquidan<\/li>\n<li>et en Angleterre, \u00e0 Malvern, Bewdley, Ribbesford<\/li>\n<\/ul>\n<p><a href=\"https:\/\/cadetfrancelibre.fr\/index.php\/des-modeles\/des-lieux-de-souvenir\/\">voir les monuments<\/a><\/p>\n<h3><strong>Les mots magiques<\/strong><\/h3>\n<p>Il y a des mots magiques qui \u00e9l\u00e8vent l&rsquo;esprit et suscitent des d\u00e9vouements<br \/>\nLibert\u00e9 &#8211; Lib\u00e9ration &#8211; Fraternit\u00e9 &#8211; r\u00e9sistance &#8211; Victoire<\/p>\n<h3><strong>Les t\u00e9moignages<\/strong><\/h3>\n<p>Plusieurs t\u00e9moins ont \u00e9crit de courts r\u00e9cits ou des ouvrages<br \/>\nInvitation au voyage<br \/>\nDes films retracent certains \u00e9pisodes<\/p>\n<p><a href=\"https:\/\/cadetfrancelibre.fr\/index.php\/des-modeles\/des-lieux-de-souvenir\/\"><img loading=\"lazy\" decoding=\"async\" class=\"alignright wp-image-1393 size-full\" src=\"https:\/\/cadetfrancelibre.fr\/wp-content\/uploads\/2019\/01\/lien_page.jpg\" alt=\"lien_page\" width=\"98\" height=\"54\" \/><\/a><\/p>\n","protected":false},"excerpt":{"rendered":"<p>La premi\u00e8re moiti\u00e9 du XX\u00e8me si\u00e8cle, c&rsquo;est bien loin et si la nostalgie n&rsquo;apporte rien, la connaissance de l&rsquo;Histoire nous donne des atouts tr\u00e8s forts pour aborder le pr\u00e9sent L&rsquo;histoire des Cadets permet de trouver des mod\u00e8les qui restent tr\u00e8s &hellip; <a href=\"https:\/\/cadetfrancelibre.fr\/index.php\/des-modeles\/\">Continuer la lecture <span class=\"meta-nav\">&rarr;<\/span><\/a><\/p>\n","protected":false},"author":1,"featured_media":0,"parent":0,"menu_order":5,"comment_status":"closed","ping_status":"closed","template":"","meta":{"footnotes":""},"class_list":["post-22","page","type-page","status-publish","hentry"],"_links":{"self":[{"href":"https:\/\/cadetfrancelibre.fr\/index.php\/wp-json\/wp\/v2\/pages\/22","targetHints":{"allow":["GET"]}}],"collection":[{"href":"https:\/\/cadetfrancelibre.fr\/index.php\/wp-json\/wp\/v2\/pages"}],"about":[{"href":"https:\/\/cadetfrancelibre.fr\/index.php\/wp-json\/wp\/v2\/types\/page"}],"author":[{"embeddable":true,"href":"https:\/\/cadetfrancelibre.fr\/index.php\/wp-json\/wp\/v2\/users\/1"}],"replies":[{"embeddable":true,"href":"https:\/\/cadetfrancelibre.fr\/index.php\/wp-json\/wp\/v2\/comments?post=22"}],"version-history":[{"count":23,"href":"https:\/\/cadetfrancelibre.fr\/index.php\/wp-json\/wp\/v2\/pages\/22\/revisions"}],"predecessor-version":[{"id":1439,"href":"https:\/\/cadetfrancelibre.fr\/index.php\/wp-json\/wp\/v2\/pages\/22\/revisions\/1439"}],"wp:attachment":[{"href":"https:\/\/cadetfrancelibre.fr\/index.php\/wp-json\/wp\/v2\/media?parent=22"}],"curies":[{"name":"wp","href":"https:\/\/api.w.org\/{rel}","templated":true}]}}