{"id":243,"date":"2016-04-06T13:50:44","date_gmt":"2016-04-06T12:50:44","guid":{"rendered":"http:\/\/cadetfrancelibre.fr\/?page_id=243"},"modified":"2021-06-13T19:39:41","modified_gmt":"2021-06-13T18:39:41","slug":"la-promotion-fezzan-tunisie","status":"publish","type":"page","link":"https:\/\/cadetfrancelibre.fr\/index.php\/formation\/la-promotion-fezzan-tunisie\/","title":{"rendered":"La promotion Fezzan-Tunisie"},"content":{"rendered":"<p>La promotion sort en juin 1943<br \/>\n<img loading=\"lazy\" decoding=\"async\" class=\"alignnone size-medium wp-image-258\" src=\"https:\/\/cadetfrancelibre.fr\/wp-content\/uploads\/2016\/05\/ASCFL_PROMO_FEZZAN_Tunisie.jpg\" alt=\"=\" width=\"600\" height=\"404\" \/><br \/>\nElle comporte 26 aspirants<br \/>\nOn reconnait sur la photo<br \/>\n<strong>Au premier rang:<\/strong><br \/>\n<span style=\"text-decoration: underline;\">Middleton<\/span>, <span style=\"text-decoration: underline;\">Schloesing<\/span>, Le sous lieutenant Taravel, Le lieutenant de Cabrol, Le Chef de bataillon Beaudoin, le capitaine de La Jonci\u00e8re; le lieutenant Chambon, le sous-lieutenant Rosset, <span style=\"text-decoration: underline;\">Lehrmann<\/span><br \/>\n<strong>au deuxi\u00e8me rang:<\/strong><br \/>\n<span style=\"text-decoration: underline;\">Diamant-Berger<\/span>, <span style=\"text-decoration: underline;\">J\u00e9anne<\/span>, <span style=\"text-decoration: underline;\">Landais<\/span>, Ducros, Hainaut, <span style=\"text-decoration: underline;\">Lemarinel<\/span>, <span style=\"text-decoration: underline;\">Berthon<\/span>, <span style=\"text-decoration: underline;\">Vourc&rsquo;h<\/span>, <span style=\"text-decoration: underline;\">Witt<\/span>, <span style=\"text-decoration: underline;\">Galli\u00e9<\/span>, <span style=\"text-decoration: underline;\">Vaschalde,<\/span><br \/>\n<strong>Au troisi\u00e8me rang:<\/strong><br \/>\nBoulanger, <span style=\"text-decoration: underline;\">Henry,<\/span> <span style=\"text-decoration: underline;\">J.Lefevre<\/span>, <span style=\"text-decoration: underline;\">Folliot<\/span>, <span style=\"text-decoration: underline;\">Lyon-Caen<\/span>, <span style=\"text-decoration: underline;\">Nouveau<\/span>, <span style=\"text-decoration: underline;\">Lejeune<\/span>, <span style=\"text-decoration: underline;\">Demorest<\/span>, <span style=\"text-decoration: underline;\">Cachera<\/span>, <span style=\"text-decoration: underline;\">Beadle,<\/span> <span style=\"text-decoration: underline;\">R.Lefebvre<\/span><br \/>\n<strong>Au quatri\u00e8me rang:<\/strong><br \/>\n<span style=\"text-decoration: underline;\">Duno<\/span>, <span style=\"text-decoration: underline;\">Bouguen<\/span>, <span style=\"text-decoration: underline;\">Hulot,<\/span> Anspach, <span style=\"text-decoration: underline;\">D&rsquo;Escrienne<\/span>, <span style=\"text-decoration: underline;\">Herlaut<\/span><\/p>\n<p>Jean d&rsquo;ESCRIENNE \u00e9voque le <a href=\"https:\/\/cadetfrancelibre.fr\/wp-content\/uploads\/2020\/04\/ASCFL_WP172_Promo_Fezzan_Tunisie.pdf\" target=\"_blank\" rel=\"noopener noreferrer\">souvenir<\/a> de cette promotion ainsi qu&rsquo;<a href=\"https:\/\/cadetfrancelibre.fr\/wp-content\/uploads\/2020\/01\/ASCFL_WP166_Schloesing_Ribbesford.pdf\" target=\"_blank\" rel=\"noopener noreferrer\">Olivier Schloesing<\/a><\/p>\n<p>Parmi ces 26 aspirants, 8 sont tomb\u00e9s durant les combats de la lib\u00e9ration, un 9\u00e8me est tomb\u00e9 durant les combats du Tonkin<\/p>\n<ul>\n<li>\u00a0Jean-Claude Diamant-Berger<\/li>\n<li>\u00a0Jacques Herlaut<\/li>\n<li>\u00a0Jean J\u00e9anne<\/li>\n<li>\u00a0Paul Landais<\/li>\n<li>\u00a0Reynold Lefebvre<\/li>\n<li>\u00a0Jacques Lemarinel<\/li>\n<li>\u00a0Georges Lyon-Caen<\/li>\n<li>\u00a0Charles WITT<\/li>\n<li>\u00a0L\u00e9opold Hulot<\/li>\n<\/ul>\n<p>Jacques <a href=\"http:\/\/www.ordredelaliberation.fr\/fr\/les-compagnons\/575\/jacques-lemarinel\" target=\"_blank\" rel=\"noopener noreferrer\">LEMARINEL<\/a> et Jean-Pierre <a href=\"http:\/\/www.ordredelaliberation.fr\/fr\/les-compagnons\/717\/jean-pierre-nouveau\" target=\"_blank\" rel=\"noopener noreferrer\">NOUVEAU<\/a> ont \u00e9t\u00e9\u00a0nomm\u00e9s Compagnons\u00a0de la Lib\u00e9ration<\/p>\n<h3>Les fiches de la Liste des Fran\u00e7ais Libres pour en savoir plus :<\/h3>\n<p><a href=\"http:\/\/www.francaislibres.net\/liste\/fiche.php?index=54019\" target=\"_blank\" rel=\"noopener noreferrer\">BEADLE <\/a> &#8211; <a href=\"http:\/\/www.francaislibres.net\/liste\/fiche.php?index=55217\" target=\"_blank\" rel=\"noopener noreferrer\">BERTHON <\/a> &#8211; <a href=\"http:\/\/www.francaislibres.net\/liste\/fiche.php?index=57196\" target=\"_blank\" rel=\"noopener noreferrer\">BOUGUEN<\/a> &#8211; <a href=\"http:\/\/www.francaislibres.net\/liste\/fiche.php?index=58840\" target=\"_blank\" rel=\"noopener noreferrer\">CACHERA<\/a> &#8211; <a href=\"http:\/\/www.francaislibres.net\/liste\/fiche.php?index=64404\" target=\"_blank\" rel=\"noopener noreferrer\">DEMOREST<\/a> &#8211; <a href=\"http:\/\/www.francaislibres.net\/liste\/fiche.php?index=65144\" target=\"_blank\" rel=\"noopener noreferrer\">DIAMANT-BERGER<\/a> &#8211; <a href=\"http:\/\/www.francaislibres.net\/liste\/fiche.php?index=66674\" target=\"_blank\" rel=\"noopener noreferrer\">DUNO<\/a> &#8211; <a href=\"http:\/\/www.francaislibres.net\/liste\/fiche.php?index=68823\" target=\"_blank\" rel=\"noopener noreferrer\">FOLLIOT<\/a> &#8211; <a href=\"http:\/\/www.francaislibres.net\/liste\/fiche.php?index=57990\" target=\"_blank\" rel=\"noopener noreferrer\">GALLI\u00c8<\/a> &#8211; <a href=\"http:\/\/www.francaislibres.net\/liste\/fiche.php?index=73899\" target=\"_blank\" rel=\"noopener noreferrer\">HENRY<\/a> &#8211; <a href=\"http:\/\/www.francaislibres.net\/liste\/fiche.php?index=21638\" target=\"_blank\" rel=\"noopener noreferrer\">HERLAUT<\/a> &#8211; <a href=\"http:\/\/www.francaislibres.net\/liste\/fiche.php?index=74659\" target=\"_blank\" rel=\"noopener noreferrer\">HULOT<\/a> &#8211; <a href=\"http:\/\/www.francaislibres.net\/liste\/fiche.php?index=75436\" target=\"_blank\" rel=\"noopener noreferrer\">J\u00c9ANNE<\/a> &#8211; <a href=\"http:\/\/www.francaislibres.net\/liste\/fiche.php?index=77988\" target=\"_blank\" rel=\"noopener noreferrer\">LANDAIS <\/a> &#8211; <a href=\"http:\/\/www.francaislibres.net\/liste\/fiche.php?index=80430\" target=\"_blank\" rel=\"noopener noreferrer\">LEFEBVRE<\/a> &#8211; <a href=\"http:\/\/www.francaislibres.net\/liste\/fiche.php?index=80454\" target=\"_blank\" rel=\"noopener noreferrer\">LEF\u00c8VRE<\/a> &#8211; <a href=\"http:\/\/www.francaislibres.net\/liste\/fiche.php?index=80648\" target=\"_blank\" rel=\"noopener noreferrer\">LEHRMANN <\/a> &#8211; <a href=\"http:\/\/www.francaislibres.net\/liste\/fiche.php?index=80679\" target=\"_blank\" rel=\"noopener noreferrer\">LEJEUNE <\/a> &#8211; <a href=\"http:\/\/www.francaislibres.net\/liste\/fiche.php?index=80783\" target=\"_blank\" rel=\"noopener noreferrer\">LEMARINEL<\/a> &#8211; <a href=\"http:\/\/www.francaislibres.net\/liste\/fiche.php?index=82378\" target=\"_blank\" rel=\"noopener noreferrer\">LYON-CAEN<\/a> &#8211; <a href=\"http:\/\/www.francaislibres.net\/liste\/fiche.php?index=67514\" target=\"_blank\" rel=\"noopener noreferrer\">MARTIN d&rsquo;ESCRIENNE<\/a> &#8211; <a href=\"http:\/\/www.francaislibres.net\/liste\/fiche.php?index=85476\" target=\"_blank\" rel=\"noopener noreferrer\">MIDDLETON<\/a> &#8211; <a href=\"http:\/\/www.francaislibres.net\/liste\/fiche.php?index=88354\" target=\"_blank\" rel=\"noopener noreferrer\">NOUVEAU <\/a> &#8211; <a href=\"http:\/\/www.francaislibres.net\/liste\/fiche.php?index=95715\" target=\"_blank\" rel=\"noopener noreferrer\">SCHLOESING <\/a> &#8211; <a href=\"http:\/\/www.francaislibres.net\/liste\/fiche.php?index=100151\" target=\"_blank\" rel=\"noopener noreferrer\">VASCHALDE<\/a> &#8211; <a href=\"http:\/\/www.francaislibres.net\/liste\/fiche.php?index=110050\" target=\"_blank\" rel=\"noopener noreferrer\">VOURC&rsquo;H <\/a> &#8211; <a href=\"http:\/\/www.francaislibres.net\/liste\/fiche.php?index=101597\" target=\"_blank\" rel=\"noopener noreferrer\">WITT <\/a> &#8211;<\/p>\n<p><a href=\"https:\/\/cadetfrancelibre.fr\/index.php\/formation\/promotion-corse-et-savoie-2\/\"><img loading=\"lazy\" decoding=\"async\" class=\"alignright wp-image-1393 size-full\" src=\"https:\/\/cadetfrancelibre.fr\/wp-content\/uploads\/2019\/01\/lien_page.jpg\" alt=\"lien_page\" width=\"98\" height=\"54\" \/><\/a><\/p>\n","protected":false},"excerpt":{"rendered":"<p>La promotion sort en juin 1943 Elle comporte 26 aspirants On reconnait sur la photo Au premier rang: Middleton, Schloesing, Le sous lieutenant Taravel, Le lieutenant de Cabrol, Le Chef de bataillon Beaudoin, le capitaine de La Jonci\u00e8re; le lieutenant &hellip; <a href=\"https:\/\/cadetfrancelibre.fr\/index.php\/formation\/la-promotion-fezzan-tunisie\/\">Continuer la lecture <span class=\"meta-nav\">&rarr;<\/span><\/a><\/p>\n","protected":false},"author":1,"featured_media":0,"parent":14,"menu_order":13,"comment_status":"closed","ping_status":"closed","template":"","meta":{"footnotes":""},"class_list":["post-243","page","type-page","status-publish","hentry"],"_links":{"self":[{"href":"https:\/\/cadetfrancelibre.fr\/index.php\/wp-json\/wp\/v2\/pages\/243","targetHints":{"allow":["GET"]}}],"collection":[{"href":"https:\/\/cadetfrancelibre.fr\/index.php\/wp-json\/wp\/v2\/pages"}],"about":[{"href":"https:\/\/cadetfrancelibre.fr\/index.php\/wp-json\/wp\/v2\/types\/page"}],"author":[{"embeddable":true,"href":"https:\/\/cadetfrancelibre.fr\/index.php\/wp-json\/wp\/v2\/users\/1"}],"replies":[{"embeddable":true,"href":"https:\/\/cadetfrancelibre.fr\/index.php\/wp-json\/wp\/v2\/comments?post=243"}],"version-history":[{"count":15,"href":"https:\/\/cadetfrancelibre.fr\/index.php\/wp-json\/wp\/v2\/pages\/243\/revisions"}],"predecessor-version":[{"id":2359,"href":"https:\/\/cadetfrancelibre.fr\/index.php\/wp-json\/wp\/v2\/pages\/243\/revisions\/2359"}],"up":[{"embeddable":true,"href":"https:\/\/cadetfrancelibre.fr\/index.php\/wp-json\/wp\/v2\/pages\/14"}],"wp:attachment":[{"href":"https:\/\/cadetfrancelibre.fr\/index.php\/wp-json\/wp\/v2\/media?parent=243"}],"curies":[{"name":"wp","href":"https:\/\/api.w.org\/{rel}","templated":true}]}}