{"id":2514,"date":"2022-04-12T09:02:50","date_gmt":"2022-04-12T08:02:50","guid":{"rendered":"http:\/\/cadetfrancelibre.fr\/?page_id=2514"},"modified":"2022-11-03T18:17:13","modified_gmt":"2022-11-03T17:17:13","slug":"cnrd-2022-2023","status":"publish","type":"page","link":"https:\/\/cadetfrancelibre.fr\/index.php\/plus\/cnrd-2022-2023\/","title":{"rendered":"CNRD 2022-2023"},"content":{"rendered":"\n<p><em>Notre association pr\u00e9sente ici plusieurs textes \u00e9crits par les cadets pour raconter leur r\u00e9sistance durant la guerre de 39-45.  Tous se sont engag\u00e9s volontairement pour combattre dans les troupes de la France Libre. La particularit\u00e9, c&rsquo;est que presque tous n&rsquo;avaient pas encore 18 ans en 1940, les plus jeunes avaient 14 ou 15 ans.<\/em><br>Les textes sont pr\u00e9sent\u00e9s en rapport avec les diff\u00e9rents th\u00e8mes propos\u00e9s pour le CNRD.<\/p>\n\n\n\n<h3 class=\"has-text-color wp-block-heading\" style=\"color:#a30a00\"><strong> Partie 1- L&rsquo;\u00c9COLE DES ANN\u00c9ES SOMBRES<\/strong><\/h3>\n\n\n\n<h4 class=\"wp-block-heading\"><strong>1.1 L&rsquo;\u00c9cole \u00e0 la veille de la guerr<\/strong>e<\/h4>\n\n\n\n<p> &#8211; Ceugnet Souvenirs d&rsquo;\u00e9cole (un internat avant-guerre) <a href=\"https:\/\/cadetfrancelibre.fr\/wp-content\/uploads\/2022\/10\/ASCFL_WP198_Ceugnet_Souvenirs-d\u00e9cole.pdf\" target=\"_blank\" rel=\"noreferrer noopener\">WP198<\/a> (3 pages)<\/p>\n\n\n\n<h4 class=\"wp-block-heading\"><strong>1.3 La d\u00e9faite, l&rsquo;exode et les d\u00e9buts de l&rsquo;Occupatio<\/strong>n<\/h4>\n\n\n\n<p><em>Aux premi\u00e8res heures, l&rsquo;exode, c&rsquo;est fuir devant l&rsquo;envahisseur, et pour beaucoup des futurs cadets, particuli\u00e8rement pour ceux qui sont en Bretagne c&rsquo;est rejoindre l&rsquo;Angleterre. Ecoliers ou \u00e9tudiants, ils sont nombreux \u00e0 prendre la mer ! quelques r\u00e9cits :<\/em><\/p>\n\n\n\n<ul class=\"wp-block-list\"><li>Roger Ceugnet L&rsquo;exode <a rel=\"noreferrer noopener\" href=\"https:\/\/cadetfrancelibre.fr\/wp-content\/uploads\/2019\/05\/ASCFL_WP156_Evasion_R_Ceugnet.pdf\" target=\"_blank\">WP156<\/a> (8 pages)<\/li><li>Herv\u00e9 de la M\u00e9nardi\u00e8re \u00e9vasion de Brest <a rel=\"noreferrer noopener\" href=\"https:\/\/cadetfrancelibre.fr\/wp-content\/uploads\/2016\/04\/ASCFL_Evasion_De_La_M%C3%A9nari%C3%A8re.pdf\" target=\"_blank\">WP109<\/a> (2 pages)<\/li><li>Jean Quentel \u00e9vasion par Argenton Porspoder <a rel=\"noreferrer noopener\" href=\"https:\/\/cadetfrancelibre.fr\/wp-content\/uploads\/2017\/12\/ASCFL_QUENTEL_Evasion.pdf\" target=\"_blank\">WP114<\/a> (2 pages)<\/li><li>L&rsquo;\u00e9vasion de la famille Schloesing <a rel=\"noreferrer noopener\" href=\"https:\/\/cadetfrancelibre.fr\/wp-content\/uploads\/2019\/05\/ASCFL_WP152_Evasion_Famille_Schloesing.pdf\" target=\"_blank\">WP152<\/a> (6 pages)<\/li><\/ul>\n\n\n\n<h3 class=\"has-text-color wp-block-heading\" style=\"color:#a30500\"><strong>Partie 2 &#8211; R\u00c9SISTER \u00c0 L&rsquo;\u00c9COLE<\/strong><\/h3>\n\n\n\n<h4 class=\"wp-block-heading\"><strong>2.1 Une r\u00e9sistance enseignante<\/strong><\/h4>\n\n\n\n<ul class=\"wp-block-list\"><li>R\u00e9sistance d&rsquo;un professeur, Pierre Herry contre la d\u00e9formation de l&rsquo;Histoire impos\u00e9e par l&rsquo;occupant <a rel=\"noreferrer noopener\" href=\"https:\/\/cadetfrancelibre.fr\/wp-content\/uploads\/2022\/04\/ASCFL_WP191_Herry_1943_discours_BBC_07_1943.pdf\" target=\"_blank\">WP191<\/a> (1 page)<\/li><\/ul>\n\n\n\n<h4 class=\"wp-block-heading\"><strong>2.2 Une r\u00e9sistance des \u00e9l\u00e8ves<\/strong><\/h4>\n\n\n\n<ul class=\"wp-block-list\"><li>Le 11 Novembre \u00e0 Paris, r\u00e9cit de Pierre Lefranc <a rel=\"noreferrer noopener\" href=\"https:\/\/cadetfrancelibre.fr\/wp-content\/uploads\/2022\/04\/ASCFL_WP190_LEFRANC_Le_vent_de_la_Libert\u00e9_Novembre_1940.pdf\" target=\"_blank\">WP190<\/a> (11 pages)<\/li><li>Aux d\u00e9buts du r\u00e9seau Combat \u00e0 Montpellier et Uriage Pierre Lefranc <a rel=\"noreferrer noopener\" href=\"https:\/\/cadetfrancelibre.fr\/wp-content\/uploads\/2022\/10\/ASCFL_WP197_LEFRANC_R\u00e9sistance-\u00e0-Montpellier-et-Uriage.pdf\" target=\"_blank\">WP197<\/a> (5 pages)<\/li><li>Lettres d&rsquo;un jeune lyc\u00e9en et futur Cadet Jean D&rsquo;Escrienne <a rel=\"noreferrer noopener\" href=\"https:\/\/cadetfrancelibre.fr\/wp-content\/uploads\/2020\/01\/ASCFL_WP167_D_ESCRIENNE_Letres_de_1940.pdf\" target=\"_blank\">WP167<\/a><\/li><li>Un lyc\u00e9en voit l&rsquo;arriv\u00e9e des premiers Allemands \u00e0 Paris : R\u00e9cit de Marc Savigny <a rel=\"noreferrer noopener\" href=\"https:\/\/cadetfrancelibre.fr\/wp-content\/uploads\/2022\/04\/ASCFL_WP193_SAVIGNY_14-juin-1940-\u00e0-Paris.pdf\" target=\"_blank\">WP193<\/a><\/li><li>Travers\u00e9e de la Manche en cano\u00eb en sept 1941 r\u00e9cit de Pierre LAVOIX <a rel=\"noreferrer noopener\" href=\"https:\/\/cadetfrancelibre.fr\/wp-content\/uploads\/2016\/02\/A09_PL_1941_Travers%C3%A9e.pdf\" target=\"_blank\">WP107<\/a> (5 pages)<\/li><li>Lettre d&rsquo;un jeune lyc\u00e9en et futur Compagnon de la Lib\u00e9ration: Jacques Henry Schloesing et fr\u00e8re d&rsquo;Olivier, futur cadet <a rel=\"noreferrer noopener\" href=\"https:\/\/cadetfrancelibre.fr\/wp-content\/uploads\/2019\/05\/ASCFL_WP153_Valeurs_Lettre_JH_SCHLOESING.pdf\" target=\"_blank\">WP153<\/a><\/li><\/ul>\n\n\n\n<h3 class=\"has-text-color wp-block-heading\" style=\"color:#9c1604\"><strong>Partie 3 \/ PENSER L&rsquo;ECOLE DE DEMAIN<\/strong><\/h3>\n\n\n\n<h4 class=\"wp-block-heading\"><strong>3.2 L&rsquo;\u00c9cole de la France libre<\/strong><\/h4>\n\n\n\n<ul class=\"wp-block-list\"><li>Texte histoire de l&rsquo;\u00e9cole de Beaudouin <a rel=\"noreferrer noopener\" href=\"https:\/\/cadetfrancelibre.fr\/wp-content\/uploads\/2017\/08\/ASCFL_Histoire_ECOLE_Beaudouin.pdf\" target=\"_blank\">WP101<\/a> (9 pages)<\/li><li>Texte Etienne LAURENT <a rel=\"noreferrer noopener\" href=\"https:\/\/cadetfrancelibre.fr\/wp-content\/uploads\/2022\/07\/ASCFL_WP195_Etienne_LAURENT_se_souvient_de_MALVERN.pdf\" target=\"_blank\">WP195<\/a> \u00a0Souvenirs de Malvern (10 pages)<\/li><li>A partir de 1943 L&rsquo;\u00e9cole s&rsquo;installe \u00e0 Ribbesford (r\u00e9cit de Olivier Scloesing) <a rel=\"noreferrer noopener\" href=\"https:\/\/cadetfrancelibre.fr\/wp-content\/uploads\/2020\/01\/ASCFL_WP166_Schloesing_Ribbesford.pdf\" target=\"_blank\">WP166<\/a><\/li><li>Texte Voillery Le Lyc\u00e9e Fran\u00e7ais de Londres <a rel=\"noreferrer noopener\" href=\"https:\/\/cadetfrancelibre.fr\/wp-content\/uploads\/2022\/10\/ASCFL_WP196_VOILLERY-Lyc\u00e9e-de-Londres.pdf\" target=\"_blank\">WP196<\/a><\/li><li>Une formation sans mollesse, r\u00e9cit de Ralph Firth<a rel=\"noreferrer noopener\" href=\"https:\/\/cadetfrancelibre.fr\/wp-content\/uploads\/2017\/02\/ASCFL_Formation_Firth.pdf\" target=\"_blank\"> WP127<\/a><\/li><li>La le\u00e7on de g\u00e9ographie par Georges TORRES <a href=\"https:\/\/cadetfrancelibre.fr\/wp-content\/uploads\/2019\/01\/ASCFL_Torres_le%C3%A7on_G%C3%A9ographie.pdf\" target=\"_blank\" rel=\"noreferrer noopener\">WP119<\/a><\/li><\/ul>\n\n\n\n<h4 class=\"wp-block-heading\"><strong>3.3 L&rsquo;\u00e9cole de la r\u00e9sistance<\/strong><\/h4>\n\n\n\n<p><em>En 1944, ils ont vingt ans et deviennent formateurs dans les maquis<\/em>, formation au sabotage, au montage d&#8217;embuscade, \u00e0 l&rsquo;utilisation des armes &#8230; \u00e9cole de guerre!<\/p>\n\n\n\n<ul class=\"wp-block-list\"><li>En Bretagne, De Carville au maquis de Guiscriff (<a rel=\"noreferrer noopener\" href=\"https:\/\/cadetfrancelibre.fr\/wp-content\/uploads\/2022\/07\/ASCFL_WP194_De-Carville-au-maquis-de-Guiscriff.pdf\" target=\"_blank\">WP194<\/a>)<\/li><li>En Bourgogne Claude VOILLERY (<em><a rel=\"noreferrer noopener\" href=\"https:\/\/cadetfrancelibre.fr\/wp-content\/uploads\/2017\/05\/ASCFL_Un-Maquis-en-Bourgogne.pdf\" target=\"_blank\">WP135<\/a><\/em>)<\/li><\/ul>\n\n\n\n<h3 class=\"has-text-color wp-block-heading\" style=\"color:#9e0d02\"><strong>Autres Documents<\/strong><\/h3>\n\n\n\n<p><em>La fourrag\u00e8re blanche, c&rsquo;est le nom d&rsquo;une revue des \u00e9l\u00e8ves de l&rsquo;\u00e9cole des cadets (des trois derni\u00e8res promotions) textes vari\u00e9s qui refl\u00e8tent les opinions et les pr\u00e9occupations de certains \u00e9l\u00e8ves<\/em><\/p>\n\n\n\n<ul class=\"wp-block-list\"><li><a rel=\"noreferrer noopener\" href=\"https:\/\/cadetfrancelibre.fr\/index.php\/2022\/05\/21\/la-fourragere-blanche-quand-les-cadets-ecrivaient\/\" target=\"_blank\">La Fourrag\u00e8re blanche<\/a>, la revue des Cadets de 1942 \u00e0 1944<\/li><\/ul>\n\n\n\n<p><em>S&rsquo;engager pour lib\u00e9rer la France, c&rsquo;\u00e9tait risquer sa vie et les Cadets l&rsquo;ont risqu\u00e9e g\u00e9n\u00e9reusement malgr\u00e9 leur jeune \u00e2ge. Ils ont pay\u00e9 un prix fort : 58 d&rsquo;entre eux (un quart) sont tomb\u00e9s<\/em><\/p>\n\n\n\n<ul class=\"wp-block-list\"><li>M\u00e9morial des cadets <a href=\"https:\/\/cadetfrancelibre.fr\/wp-content\/uploads\/2019\/02\/ASCFL_Memorial_Cadets.pdf\" target=\"_blank\" rel=\"noreferrer noopener\">lire<\/a><\/li><\/ul>\n\n\n\n<p><\/p>\n","protected":false},"excerpt":{"rendered":"<p>Notre association pr\u00e9sente ici plusieurs textes \u00e9crits par les cadets pour raconter leur r\u00e9sistance durant la guerre de 39-45. Tous se sont engag\u00e9s volontairement pour combattre dans les troupes de la France Libre. La particularit\u00e9, c&rsquo;est que presque tous n&rsquo;avaient &hellip; <a href=\"https:\/\/cadetfrancelibre.fr\/index.php\/plus\/cnrd-2022-2023\/\">Continuer la lecture <span class=\"meta-nav\">&rarr;<\/span><\/a><\/p>\n","protected":false},"author":1,"featured_media":0,"parent":118,"menu_order":4,"comment_status":"closed","ping_status":"closed","template":"","meta":{"footnotes":""},"class_list":["post-2514","page","type-page","status-publish","hentry"],"_links":{"self":[{"href":"https:\/\/cadetfrancelibre.fr\/index.php\/wp-json\/wp\/v2\/pages\/2514","targetHints":{"allow":["GET"]}}],"collection":[{"href":"https:\/\/cadetfrancelibre.fr\/index.php\/wp-json\/wp\/v2\/pages"}],"about":[{"href":"https:\/\/cadetfrancelibre.fr\/index.php\/wp-json\/wp\/v2\/types\/page"}],"author":[{"embeddable":true,"href":"https:\/\/cadetfrancelibre.fr\/index.php\/wp-json\/wp\/v2\/users\/1"}],"replies":[{"embeddable":true,"href":"https:\/\/cadetfrancelibre.fr\/index.php\/wp-json\/wp\/v2\/comments?post=2514"}],"version-history":[{"count":35,"href":"https:\/\/cadetfrancelibre.fr\/index.php\/wp-json\/wp\/v2\/pages\/2514\/revisions"}],"predecessor-version":[{"id":2773,"href":"https:\/\/cadetfrancelibre.fr\/index.php\/wp-json\/wp\/v2\/pages\/2514\/revisions\/2773"}],"up":[{"embeddable":true,"href":"https:\/\/cadetfrancelibre.fr\/index.php\/wp-json\/wp\/v2\/pages\/118"}],"wp:attachment":[{"href":"https:\/\/cadetfrancelibre.fr\/index.php\/wp-json\/wp\/v2\/media?parent=2514"}],"curies":[{"name":"wp","href":"https:\/\/api.w.org\/{rel}","templated":true}]}}