{"id":27,"date":"2016-02-03T13:08:35","date_gmt":"2016-02-03T12:08:35","guid":{"rendered":"http:\/\/cadetfrancelibre.fr\/?page_id=27"},"modified":"2020-01-18T14:05:28","modified_gmt":"2020-01-18T13:05:28","slug":"lavenir","status":"publish","type":"page","link":"https:\/\/cadetfrancelibre.fr\/index.php\/lavenir\/","title":{"rendered":"Des Valeurs pour l&rsquo;Avenir"},"content":{"rendered":"<p>L&rsquo;histoire des Cadets peut-elle servir pour forger l&rsquo;avenir?<br \/>\nPourquoi pas?<br \/>\nLes pages qui suivent vous proposent quelques th\u00e8mes de r\u00e9flexion &#8211; Vous pouvez r\u00e9agir, bien s\u00fbr!<\/p>\n<ul>\n<li><strong>Une certaine id\u00e9e de la France<\/strong>\n<ul>\n<li>\u00a0Cette\u00a0image un peu id\u00e9alis\u00e9e de la France,\u00a0Charles DE GAULLE l&rsquo;a exprim\u00e9e de fa\u00e7on un peu romantique par <a href=\"https:\/\/cadetfrancelibre.fr\/wp-content\/uploads\/2017\/02\/ASCFL_DEGAULLE_FRANCE.pdf\" target=\"_blank\" rel=\"noopener noreferrer\">\u00e9crit<\/a>, mais aussi de fa\u00e7on plus engag\u00e9e dans certains discours (<a href=\"http:\/\/fresques.ina.fr\/de-gaulle\/fiche-media\/Gaulle00406\/discours-prononce-sur-l-esplanade-gambetta-a-tunis.html\" target=\"_blank\" rel=\"noopener noreferrer\">voir celui du 27 juin 1943<\/a>).<\/li>\n<li>\u00a0Winston Churchill aussi a exprim\u00e9 ses sentiments sur l&rsquo;image et la culture de la France (<a href=\"http:\/\/fresques.ina.fr\/jalons\/fiche-media\/InaEdu00281\/discours-de-churchill-hommage-a-la-france-21-octobre-1940.html\" target=\"_blank\" rel=\"noopener noreferrer\">Discours octobre 1940<\/a>)<\/li>\n<\/ul>\n<\/li>\n<li><strong>L&rsquo;esprit \u00ab\u00a0France Libre\u00a0\u00bb<\/strong>\n<ul>\n<li>Un m\u00e9lange id\u00e9aliste bien particulier, une aspiration \u00e0 la libert\u00e9 et \u00e0 la justice sociale, le refus des dictatures et de tous les asservissements, mais aussi un esprit de fraternit\u00e9 et de solidarit\u00e9, et la volont\u00e9 de contribuer \u00e0 lib\u00e9rer la France<\/li>\n<li>Un beau texte du G\u00e9n\u00e9ral LARMINAT exprime ce qu&rsquo;est cet esprit (<a href=\"http:\/\/www.france-libre.net\/lesprit-des-francais-libres-par-le-general-de-larminat\/\" target=\"_blank\" rel=\"noopener noreferrer\">lire<\/a>)<\/li>\n<li>et surtout Romain GARY l&rsquo;exprime avec passion <a href=\"http:\/\/www.france-libre.net\/fl-romain-gary\/\" target=\"_blank\" rel=\"noopener noreferrer\">(lire)<\/a>\u00a0dans le\u00a0style remarquable qui est le sien,\u00a0mais aussi il exprime une certaine tristesse\u00a0\u00e0 voir que cet esprit semble se perdre dans la p\u00e9riode de facilit\u00e9 des ann\u00e9es 1970.<\/li>\n<\/ul>\n<\/li>\n<li><strong>Le patriotisme<\/strong>\n<ul>\n<li>En 1940, la France a termin\u00e9 la guerre de 14-18 depuis 22 ans. Cette guerre a mis au combat toutes les classes d&rsquo;hommes de 18 \u00e0 50 ans. Elle a fait du c\u00f4t\u00e9 fran\u00e7ais<br \/>\n1 million 350 mille morts soit pr\u00e8s d&rsquo;un homme sur 6. Autant dire que les anciens combattants sont nombreux et actifs, que les tr\u00e8s nombreux bless\u00e9s de guerre sont visibles partout et que les c\u00e9l\u00e9brations militaires nourrissent un sentiment de fiert\u00e9 nationale. Le patriotisme\u00a0des futurs cadets, c&rsquo;est la fiert\u00e9 de la Patrie et peut-\u00eatre aussi le\u00a0vibrant \u00ab\u00a0Aux armes citoyens\u00a0\u00bb qui remue les c\u0153urs lorsque la patrie est en danger&#8230; et en 1940 elle l&rsquo;\u00e9tait !<\/li>\n<\/ul>\n<\/li>\n<li><strong>Le refus de l&rsquo;esclavage<\/strong>\n<ul>\n<li>Les mots de \u00ab\u00a0STO\u00a0\u00bb, \u00ab\u00a0<a href=\"https:\/\/fr.wikipedia.org\/wiki\/Service_du_travail_obligatoire_(France)\" target=\"_blank\" rel=\"noopener noreferrer\">Travail obligatoire<\/a>\u00ab\u00a0, masquent \u00e0 peine ce qui \u00e9tait une v\u00e9ritable renaissance de l&rsquo;esclavage. les hommes \u00e0 partir de 18 ans avaient l&rsquo;obligation de travailler sur le sol allemand pour le service des industries ou de l&rsquo;agriculture allemande&#8230; autant dire pour l&rsquo;arm\u00e9e de l&rsquo;occupant. Ce nouvel esclavage mis en place par le gouvernement de P\u00e9tain \u00e0 partir de 1943 a motiv\u00e9 une grande partie des vocations de r\u00e9sistants. Pour les r\u00e9gions qui avaient connu l&rsquo;occupation allemande en 14-18, les exp\u00e9riences v\u00e9cues par les familles avaient incit\u00e9 les parents \u00e0 expatrier leurs enfants d\u00e8s 1940. Certains de ces expatri\u00e9s parfois tr\u00e8s jeunes, dont plusieurs des futurs Cadets, \u00a0ont voulu combattre et ont rejoint la France libre.<\/li>\n<\/ul>\n<\/li>\n<li><b>Capituler est absurde<\/b>\n<ul>\n<li>comme le rappel le pr\u00e9sident Georges Pompidou en 1972 (<a href=\"https:\/\/cadetfrancelibre.fr\/wp-content\/uploads\/2020\/01\/ASCFL_WP165_Pompidou_La_capitulation_est_absurde.pdf\" target=\"_blank\" rel=\"noopener noreferrer\">lire<\/a>)<\/li>\n<li>ou Pierre Lefranc devant les saint-Cyriens de la promotion Comandant Morin (<a href=\"https:\/\/cadetfrancelibre.fr\/wp-content\/uploads\/2020\/01\/ASCFL_WP164_L_histoire_n_enseigne_pas_le_fatalisme.pdf\" target=\"_blank\" rel=\"noopener noreferrer\">lire<\/a>)<\/li>\n<\/ul>\n<\/li>\n<li><strong>L&rsquo;engagement<\/strong>\n<ul>\n<li>Pierre LEFRANC, ancien\u00a0Cadet de la France Libre\u00a0affirme avec force \u00ab\u00a0<em>qu&rsquo;il n&rsquo;est pas de vie remplie sans engagement<\/em>\u00a0\u00bb et que parmi les causes pour lesquelles on peut s&rsquo;engager, \u00ab\u00a0<em>en est-il une plus haute que celle de la libert\u00e9? \u00ab\u00a0<\/em> <a href=\"https:\/\/cadetfrancelibre.fr\/wp-content\/uploads\/2017\/09\/LEFRANC_Engagement.pdf\" target=\"_blank\" rel=\"noopener noreferrer\">(lire)<\/a><\/li>\n<li>Robert COLCANP exprime ainsi son engagement: \u00ab\u00a0<em>j&rsquo;ai eu une r\u00e9v\u00e9lation soudaine du beau, du vrai, du <strong>juste<\/strong><\/em>\u00a0\u00bb (<a href=\"https:\/\/cadetfrancelibre.fr\/wp-content\/uploads\/2017\/03\/ASCFL_COLCANAP1.pdf\" target=\"_blank\" rel=\"noopener noreferrer\">lire<\/a>)<\/li>\n<\/ul>\n<\/li>\n<li><strong>Ne pas transiger sur l&rsquo;essentiel<\/strong>\n<ul>\n<li>Dans une autre intervention, Pierre LEFRANC nous affirme que tous, dans notre vie, nous avons un jour \u00e0 choisir entre la voie facile du renoncement, de la complaisance et la voie difficile qui consiste \u00e0 ne pas transiger sur l&rsquo;essentiel! (<a href=\"https:\/\/cadetfrancelibre.fr\/wp-content\/uploads\/2017\/09\/Lefranc_Essentiel.pdf\" target=\"_blank\" rel=\"noopener noreferrer\">lire<\/a>)<\/li>\n<\/ul>\n<\/li>\n<li>\u00a0<strong>D&rsquo;autres sujets \u00e0 m\u00e9diter<\/strong>\n<ul>\n<li>La libert\u00e9 se m\u00e9rite<\/li>\n<li>\u00a0Les Fran\u00e7ais Libres<\/li>\n<li>\u00a0Les pages d&rsquo;Histoire<\/li>\n<li>\u00a0L&rsquo;amiti\u00e9 anglaise<\/li>\n<li>\u00a0Les fr\u00e8res de combat<\/li>\n<li>\u00a0Les pi\u00e8ges \u00e0 \u00e9viter<\/li>\n<li>\u00a0Tous les combats ne sont pas l\u00e9gitimes<\/li>\n<\/ul>\n<\/li>\n<\/ul>\n<p><a href=\"https:\/\/cadetfrancelibre.fr\/index.php\/gratitude\/\"><img loading=\"lazy\" decoding=\"async\" class=\"alignright wp-image-1393 size-full\" src=\"https:\/\/cadetfrancelibre.fr\/wp-content\/uploads\/2019\/01\/lien_page.jpg\" alt=\"lien_page\" width=\"98\" height=\"54\" \/><\/a><\/p>\n","protected":false},"excerpt":{"rendered":"<p>L&rsquo;histoire des Cadets peut-elle servir pour forger l&rsquo;avenir? Pourquoi pas? Les pages qui suivent vous proposent quelques th\u00e8mes de r\u00e9flexion &#8211; Vous pouvez r\u00e9agir, bien s\u00fbr! Une certaine id\u00e9e de la France \u00a0Cette\u00a0image un peu id\u00e9alis\u00e9e de la France,\u00a0Charles DE &hellip; <a href=\"https:\/\/cadetfrancelibre.fr\/index.php\/lavenir\/\">Continuer la lecture <span class=\"meta-nav\">&rarr;<\/span><\/a><\/p>\n","protected":false},"author":1,"featured_media":0,"parent":0,"menu_order":6,"comment_status":"closed","ping_status":"closed","template":"","meta":{"footnotes":""},"class_list":["post-27","page","type-page","status-publish","hentry"],"_links":{"self":[{"href":"https:\/\/cadetfrancelibre.fr\/index.php\/wp-json\/wp\/v2\/pages\/27","targetHints":{"allow":["GET"]}}],"collection":[{"href":"https:\/\/cadetfrancelibre.fr\/index.php\/wp-json\/wp\/v2\/pages"}],"about":[{"href":"https:\/\/cadetfrancelibre.fr\/index.php\/wp-json\/wp\/v2\/types\/page"}],"author":[{"embeddable":true,"href":"https:\/\/cadetfrancelibre.fr\/index.php\/wp-json\/wp\/v2\/users\/1"}],"replies":[{"embeddable":true,"href":"https:\/\/cadetfrancelibre.fr\/index.php\/wp-json\/wp\/v2\/comments?post=27"}],"version-history":[{"count":21,"href":"https:\/\/cadetfrancelibre.fr\/index.php\/wp-json\/wp\/v2\/pages\/27\/revisions"}],"predecessor-version":[{"id":1882,"href":"https:\/\/cadetfrancelibre.fr\/index.php\/wp-json\/wp\/v2\/pages\/27\/revisions\/1882"}],"wp:attachment":[{"href":"https:\/\/cadetfrancelibre.fr\/index.php\/wp-json\/wp\/v2\/media?parent=27"}],"curies":[{"name":"wp","href":"https:\/\/api.w.org\/{rel}","templated":true}]}}