{"id":270,"date":"2016-05-09T20:12:45","date_gmt":"2016-05-09T19:12:45","guid":{"rendered":"http:\/\/cadetfrancelibre.fr\/?page_id=270"},"modified":"2023-09-23T14:08:49","modified_gmt":"2023-09-23T13:08:49","slug":"promotion-corse-et-savoie-2","status":"publish","type":"page","link":"https:\/\/cadetfrancelibre.fr\/index.php\/formation\/promotion-corse-et-savoie-2\/","title":{"rendered":"La promotion Corse et Savoie"},"content":{"rendered":"<p>La quatri\u00e8me promotion d&rsquo;aspirants est baptis\u00e9e en d\u00e9cembre 1943.<br \/>\nElle compte 33 aspirants<br \/>\n<img loading=\"lazy\" decoding=\"async\" class=\"alignleft size-full wp-image-291\" src=\"https:\/\/cadetfrancelibre.fr\/wp-content\/uploads\/2016\/05\/ASCFL_PROMO_Corse_et_Savoie.jpg\" alt=\"ASCFL_PROMO_Corse_et_Savoie\" width=\"865\" height=\"540\" srcset=\"https:\/\/cadetfrancelibre.fr\/wp-content\/uploads\/2016\/05\/ASCFL_PROMO_Corse_et_Savoie.jpg 865w, https:\/\/cadetfrancelibre.fr\/wp-content\/uploads\/2016\/05\/ASCFL_PROMO_Corse_et_Savoie-300x187.jpg 300w, https:\/\/cadetfrancelibre.fr\/wp-content\/uploads\/2016\/05\/ASCFL_PROMO_Corse_et_Savoie-768x479.jpg 768w\" sizes=\"auto, (max-width: 865px) 100vw, 865px\" \/><br \/>\nSur la photo, on reconnait<br \/>\n<strong>Au premier rang<\/strong><br \/>\n<span style=\"text-decoration: underline;\">Hardre<\/span>, <span style=\"text-decoration: underline;\">Frank<\/span>, <span style=\"text-decoration: underline;\">Turover<\/span>, Le sous-lieutenant Taravel, le Capitaine de Cabrol, le Capitaine de La Jonci\u00e8re, le Lieutenant Chambon, <span style=\"text-decoration: underline;\">Gautier(Philippe)<\/span>, <span style=\"text-decoration: underline;\">Bouvier<\/span>, <span style=\"text-decoration: underline;\">Ode-Viala<\/span><br \/>\n<strong>Au second rang<\/strong><br \/>\n<span style=\"text-decoration: underline;\">Bacuez<\/span>, <span style=\"text-decoration: underline;\">Bernier<\/span>, <span style=\"text-decoration: underline;\">Duroc<\/span>, <span style=\"text-decoration: underline;\">Curtis<\/span>, <span style=\"text-decoration: underline;\">Scherdlin<\/span>, Chambure, <span style=\"text-decoration: underline;\">Anspach<\/span>, <span style=\"text-decoration: underline;\">Barres<\/span>, <span style=\"text-decoration: underline;\">Illouz<\/span>, <span style=\"text-decoration: underline;\">Ruff<\/span>, <span style=\"text-decoration: underline;\">Locufier<\/span>, <span style=\"text-decoration: underline;\">Digo,<\/span> <span style=\"text-decoration: underline;\">Herbout<\/span><br \/>\n<strong>Au troisi\u00e8me rang<\/strong><br \/>\n<span style=\"text-decoration: underline;\">Firth<\/span>, <span style=\"text-decoration: underline;\">Chuquet<\/span>, S<span style=\"text-decoration: underline;\">ervi\u00e8re<\/span>,\u00a0 <span style=\"text-decoration: underline;\">Chaplain<\/span>,\u00a0 <span style=\"text-decoration: underline;\">Metz<\/span>,\u00a0<span style=\"text-decoration: underline;\">Pinsky<\/span>, <span style=\"text-decoration: underline;\">Closse<\/span>, <span style=\"text-decoration: underline;\">Kassel<\/span> , <span style=\"text-decoration: underline;\">Mariani<\/span>, <span style=\"text-decoration: underline;\">Poole<\/span>, Bouzols<br \/>\n<strong>Au quatri\u00e8me rang<\/strong><br \/>\n<span style=\"text-decoration: underline;\">Boulanger<\/span>, <span style=\"text-decoration: underline;\">Chatenay<\/span>, <span style=\"text-decoration: underline;\">Bussy<\/span>, <span style=\"text-decoration: underline;\">Ceugniet<\/span><br \/>\nSont absents de la photo le chef de bataillon Beaudoin et l&rsquo;aspirant <span style=\"text-decoration: underline;\">Lag\u00e8ze<\/span><\/p>\n<p>Les noms soulign\u00e9s sont ceux des nouveaux aspirants<\/p>\n<p>Ralph Firth \u00e9voque l&rsquo;histoire de cette\u00a0 <a href=\"https:\/\/cadetfrancelibre.fr\/wp-content\/uploads\/2020\/04\/ASCFL_WP173_Promo_Corse_et_Savoie.pdf\" target=\"_blank\" rel=\"noopener noreferrer\">promotion<\/a><\/p>\n<p>10 des nouveaux aspirants vont mourir pour la France:<\/p>\n<ul>\n<li>Beaufr\u00e8re, Chatenay, Digo, Herbout, Mariani en 1944<\/li>\n<li>Fafa en 1945<\/li>\n<li>Boulanger en 1946<\/li>\n<li>Metz en 1947<\/li>\n<li>Chuquet en 1953<\/li>\n<li>Barr\u00e8s en 1959<\/li>\n<\/ul>\n<p>L\u00e9on <a href=\"http:\/\/www.ordredelaliberation.fr\/fr\/les-compagnons\/136\/leon-bouvier\" target=\"_blank\" rel=\"noopener noreferrer\">BOUVIER<\/a> a \u00e9t\u00e9 nomm\u00e9 Compagnon de la Lib\u00e9ration<\/p>\n<h3>Les fiches de la Liste des Fran\u00e7ais Libres pour en savoir plus :<\/h3>\n<p><a href=\"http:\/\/www.francaislibres.net\/liste\/fiche.php?index=51720\" target=\"_blank\" rel=\"noopener noreferrer\">ANSPACH <\/a> &#8211;\u00a0 <a href=\"http:\/\/www.francaislibres.net\/liste\/fiche.php?index=52838\" target=\"_blank\" rel=\"noopener noreferrer\">BACUEZ<\/a> &#8211;\u00a0 <a href=\"http:\/\/www.francaislibres.net\/liste\/fiche.php?index=53584\" target=\"_blank\" rel=\"noopener noreferrer\">BARR\u00c8S<\/a> &#8211;\u00a0 <a href=\"http:\/\/www.francaislibres.net\/liste\/fiche.php?index=54065\" target=\"_blank\" rel=\"noopener noreferrer\">BEAUFR\u00c8RE <\/a> &#8211;\u00a0 <a href=\"http:\/\/www.francaislibres.net\/liste\/fiche.php?index=55078\" target=\"_blank\" rel=\"noopener noreferrer\">BERNIER<\/a> &#8211;\u00a0 <a href=\"http:\/\/www.francaislibres.net\/liste\/fiche.php?index=57285\" target=\"_blank\" rel=\"noopener noreferrer\">BOULANGER<\/a> &#8211;<br \/>\n<a href=\"http:\/\/www.francaislibres.net\/liste\/fiche.php?index=57739\" target=\"_blank\" rel=\"noopener noreferrer\">BOUVIER<\/a> &#8211;\u00a0 <a href=\"http:\/\/www.francaislibres.net\/liste\/fiche.php?index=60144\" target=\"_blank\" rel=\"noopener noreferrer\">CEUGNIET<\/a> &#8211; <a href=\"http:\/\/www.francaislibres.net\/liste\/fiche.php?index=60671\" target=\"_blank\" rel=\"noopener noreferrer\">CHATENAY<\/a> &#8211; <a href=\"http:\/\/www.francaislibres.net\/liste\/fiche.php?index=61154\" target=\"_blank\" rel=\"noopener noreferrer\">CHUQUET<\/a> &#8211; <a href=\"http:\/\/www.francaislibres.net\/liste\/fiche.php?index=61440\" target=\"_blank\" rel=\"noopener noreferrer\">CLOSSE<\/a> &#8211; <a href=\"http:\/\/www.francaislibres.net\/liste\/fiche.php?index=62994\" target=\"_blank\" rel=\"noopener noreferrer\">CURTIS<\/a> &#8211;<br \/>\n<a href=\"http:\/\/www.francaislibres.net\/liste\/fiche.php?index=65280\" target=\"_blank\" rel=\"noopener noreferrer\">DIGO<\/a> &#8211; <a href=\"http:\/\/www.francaislibres.net\/liste\/fiche.php?index=67788\" target=\"_blank\" rel=\"noopener noreferrer\">FAFA <\/a> &#8211; <a href=\"http:\/\/www.francaislibres.net\/liste\/fiche.php?index=68603\" target=\"_blank\" rel=\"noopener noreferrer\">FIRTH<\/a> &#8211; <a href=\"http:\/\/www.francaislibres.net\/liste\/fiche.php?index=69259\" target=\"_blank\" rel=\"noopener noreferrer\">FRANCK <\/a> &#8211; <a href=\"http:\/\/www.francaislibres.net\/liste\/fiche.php?index=70407\" target=\"_blank\" rel=\"noopener noreferrer\">GAUTIER <\/a> &#8211; <a href=\"http:\/\/www.francaislibres.net\/liste\/fiche.php?index=73492\" target=\"_blank\" rel=\"noopener noreferrer\">HARDRE<\/a> &#8211; <a href=\"http:\/\/www.francaislibres.net\/liste\/fiche.php?index=73966\" target=\"_blank\" rel=\"noopener noreferrer\">HERBOUT<\/a> &#8211;<br \/>\n<a href=\"http:\/\/www.francaislibres.net\/liste\/fiche.php?index=125360\" target=\"_blank\" rel=\"noopener noreferrer\">ILLOUZ<\/a> &#8211;\u00a0 <a href=\"http:\/\/www.francaislibres.net\/liste\/fiche.php?index=111183\" target=\"_blank\" rel=\"noopener noreferrer\">KASSEL<\/a> &#8211;\u00a0 <a href=\"http:\/\/www.francaislibres.net\/liste\/fiche.php?index=77669\" target=\"_blank\" rel=\"noopener noreferrer\">LAG\u00c8ZE<\/a> &#8211;\u00a0 <a href=\"http:\/\/www.francaislibres.net\/liste\/fiche.php?index=81801\" target=\"_blank\" rel=\"noopener noreferrer\">LOCUFIER<\/a> &#8211;\u00a0 <a href=\"http:\/\/www.francaislibres.net\/liste\/fiche.php?index=83507\" target=\"_blank\" rel=\"noopener noreferrer\">MARIANI<\/a> &#8211;\u00a0 <a href=\"http:\/\/www.francaislibres.net\/liste\/fiche.php?index=85210\" target=\"_blank\" rel=\"noopener noreferrer\">METZ <\/a> &#8211;\u00a0 ODE-VIALA &#8211;<br \/>\n<a href=\"http:\/\/www.francaislibres.net\/liste\/fiche.php?index=70407\" target=\"_blank\" rel=\"noopener noreferrer\">GAUTIER<\/a> &#8211; <a href=\"http:\/\/www.francaislibres.net\/liste\/fiche.php?index=91018\" target=\"_blank\" rel=\"noopener noreferrer\">PINSKY <\/a> &#8211; <a href=\"http:\/\/www.francaislibres.net\/liste\/fiche.php?index=91509\" target=\"_blank\" rel=\"noopener noreferrer\">POOLE<\/a> &#8211;\u00a0 <a href=\"http:\/\/www.francaislibres.net\/liste\/fiche.php?index=94544\" target=\"_blank\" rel=\"noopener noreferrer\">RUFF <\/a> &#8211;\u00a0 <a href=\"http:\/\/www.francaislibres.net\/liste\/fiche.php?index=95667\" target=\"_blank\" rel=\"noopener noreferrer\">SCHERDLIN <\/a> &#8211;\u00a0 <a href=\"http:\/\/www.francaislibres.net\/liste\/fiche.php?index=96235\" target=\"_blank\" rel=\"noopener noreferrer\">SERVI\u00c8RE<\/a> &#8211;\u00a0 <a href=\"http:\/\/www.francaislibres.net\/liste\/fiche.php?index=99600\" target=\"_blank\" rel=\"noopener noreferrer\">TUROVER<\/a> &#8211;<\/p>\n<p>On trouvera ci-apr\u00e8s le texte d&rsquo;un ancien de cette promotion \u00e9crivant ses souvenir juste avant sa premi\u00e8re mission en France <a href=\"https:\/\/cadetfrancelibre.fr\/wp-content\/uploads\/2018\/02\/ASCFL_PROMO_CORSE_ET_SAVOIE.pdf\" target=\"_blank\" rel=\"noopener noreferrer\">texte<\/a><\/p>\n<p><a href=\"https:\/\/cadetfrancelibre.fr\/index.php\/formation\/la-promotion-18-juin-juin-1944\/\"><img loading=\"lazy\" decoding=\"async\" class=\"alignright wp-image-1393 size-full\" src=\"https:\/\/cadetfrancelibre.fr\/wp-content\/uploads\/2019\/01\/lien_page.jpg\" alt=\"lien_page\" width=\"98\" height=\"54\" \/><\/a><\/p>\n","protected":false},"excerpt":{"rendered":"<p>La quatri\u00e8me promotion d&rsquo;aspirants est baptis\u00e9e en d\u00e9cembre 1943. Elle compte 33 aspirants Sur la photo, on reconnait Au premier rang Hardre, Frank, Turover, Le sous-lieutenant Taravel, le Capitaine de Cabrol, le Capitaine de La Jonci\u00e8re, le Lieutenant Chambon, Gautier(Philippe), &hellip; <a href=\"https:\/\/cadetfrancelibre.fr\/index.php\/formation\/promotion-corse-et-savoie-2\/\">Continuer la lecture <span class=\"meta-nav\">&rarr;<\/span><\/a><\/p>\n","protected":false},"author":1,"featured_media":0,"parent":14,"menu_order":14,"comment_status":"closed","ping_status":"closed","template":"","meta":{"footnotes":""},"class_list":["post-270","page","type-page","status-publish","hentry"],"_links":{"self":[{"href":"https:\/\/cadetfrancelibre.fr\/index.php\/wp-json\/wp\/v2\/pages\/270","targetHints":{"allow":["GET"]}}],"collection":[{"href":"https:\/\/cadetfrancelibre.fr\/index.php\/wp-json\/wp\/v2\/pages"}],"about":[{"href":"https:\/\/cadetfrancelibre.fr\/index.php\/wp-json\/wp\/v2\/types\/page"}],"author":[{"embeddable":true,"href":"https:\/\/cadetfrancelibre.fr\/index.php\/wp-json\/wp\/v2\/users\/1"}],"replies":[{"embeddable":true,"href":"https:\/\/cadetfrancelibre.fr\/index.php\/wp-json\/wp\/v2\/comments?post=270"}],"version-history":[{"count":21,"href":"https:\/\/cadetfrancelibre.fr\/index.php\/wp-json\/wp\/v2\/pages\/270\/revisions"}],"predecessor-version":[{"id":2935,"href":"https:\/\/cadetfrancelibre.fr\/index.php\/wp-json\/wp\/v2\/pages\/270\/revisions\/2935"}],"up":[{"embeddable":true,"href":"https:\/\/cadetfrancelibre.fr\/index.php\/wp-json\/wp\/v2\/pages\/14"}],"wp:attachment":[{"href":"https:\/\/cadetfrancelibre.fr\/index.php\/wp-json\/wp\/v2\/media?parent=270"}],"curies":[{"name":"wp","href":"https:\/\/api.w.org\/{rel}","templated":true}]}}