{"id":29,"date":"2016-02-03T13:15:34","date_gmt":"2016-02-03T12:15:34","guid":{"rendered":"http:\/\/cadetfrancelibre.fr\/?page_id=29"},"modified":"2019-01-29T17:32:52","modified_gmt":"2019-01-29T16:32:52","slug":"gratitude","status":"publish","type":"page","link":"https:\/\/cadetfrancelibre.fr\/index.php\/gratitude\/","title":{"rendered":"Gratitude"},"content":{"rendered":"<p>Si les Cadets ont pu agir, ils le doivent \u00e0 ceux qui les ont inspir\u00e9s, \u00e0 ceux qui les ont accueillis, \u00e0 ceux qui les ont form\u00e9s, \u00e0 ceux qui les ont command\u00e9s, \u00e0 ceux qui les ont aid\u00e9s<br \/>\nLes quelques liens qui suivent vous permettront de d\u00e9couvrir ces amis qui les ont entour\u00e9s<\/p>\n<h3>Les inspirateurs<\/h3>\n<p>Charles De Gaulle il a selon ses propres paroles \u00ab\u00a0<em>relev\u00e9 l&rsquo;\u00e9p\u00e9e bris\u00e9e de la France<\/em>\u00ab\u00a0. Tous les Cadets ont eu une grande admiration pour lui et la plupart sont rest\u00e9s fid\u00e8les au del\u00e0 de la Lib\u00e9ration m\u00eame si les choix politiques ult\u00e9rieurs ont cr\u00e9\u00e9s des divergences. Lui m\u00eame a pour les Cadets une attention constante. Leur jeunesse et leur enthousiasme sont pour lui la preuve que la vraie France ne peut pas se r\u00e9signer \u00e0 l&rsquo;oppression nazie.<\/p>\n<h3>L&rsquo;accueil<\/h3>\n<p><a href=\"http:\/\/www.ordredelaliberation.fr\/fr\/les-compagnons\/210\/winston-churchill-sir\" target=\"_blank\">Winston Churchill<\/a> est l&rsquo;antith\u00e8se de P\u00e9tain. Au lieu de baisser les bras, il a convaincu son pays de serrer les dents et de combattre jusqu&rsquo;\u00e0 la victoire, quelque en soit le prix. La phrase c\u00e9l\u00e8bre par laquelle il galvanise la Grande Bretagne \u00a0\u00ab\u00a0<em>Je n\u2019ai \u00e0 vous offrir que du sang, de la sueur et des larmes<\/em>\u00a0\u00bb est \u00e0 l&rsquo;oppos\u00e9e de tous les discours conciliants ou r\u00e9sign\u00e9s des autres hommes politiques. Pour les Cadets qui vibrent \u00e0 l&rsquo;unisson du peuple anglais, c&rsquo;est un h\u00e9ros et un mod\u00e8le.<\/p>\n<h3>Les formateurs<\/h3>\n<p>Les officiers de l&rsquo;Ecole des Cadets<\/p>\n<h3>Les chefs<\/h3>\n<ul>\n<li><a href=\"http:\/\/www.ordredelaliberation.fr\/fr\/les-compagnons\/558\/philippe-leclerc-de-hauteclocque\" target=\"_blank\">Leclerc<\/a> ou <a href=\"https:\/\/fr.wikipedia.org\/wiki\/Philippe_Leclerc_de_Hauteclocque\" target=\"_blank\">wiki<\/a>\u00a0ou <a href=\"http:\/\/www.fondation-leclerc.com\/171\/lhomme\/1902-1940\/biographie\/biographie-general.htm\" target=\"_blank\">encore<\/a><\/li>\n<li>Pierre-Marie <a href=\"http:\/\/www.ordredelaliberation.fr\/fr\/les-compagnons\/513\/pierre-marie-koenig\" target=\"_blank\">Koenig<\/a>, le h\u00e9ro de Bir-Hakeim<\/li>\n<li><a href=\"https:\/\/fr.wikipedia.org\/wiki\/Alphonse_Juin\" target=\"_blank\" rel=\"noopener\">Alphonse Juin<\/a><\/li>\n<li><a href=\"http:\/\/www.ordredelaliberation.fr\/fr\/les-compagnons\/151\/diego-brosset\" target=\"_blank\" rel=\"noopener\">Diego Brosset<\/a><\/li>\n<li>Jean De <a href=\"http:\/\/www.ordredelaliberation.fr\/fr\/les-compagnons\/547\/jean-lattre-de-tassigny-de\" target=\"_blank\" rel=\"noopener\">Lattre de Tassigny<\/a><\/li>\n<\/ul>\n<h3>Les amis<\/h3>\n<p>R\u00e9sistants &#8211; anonymes<\/p>\n<p><a href=\"https:\/\/cadetfrancelibre.fr\/index.php\/plus\/\"><img loading=\"lazy\" decoding=\"async\" class=\"alignright wp-image-1393 size-full\" src=\"https:\/\/cadetfrancelibre.fr\/wp-content\/uploads\/2019\/01\/lien_page.jpg\" alt=\"lien_page\" width=\"98\" height=\"54\" \/><\/a><\/p>\n","protected":false},"excerpt":{"rendered":"<p>Si les Cadets ont pu agir, ils le doivent \u00e0 ceux qui les ont inspir\u00e9s, \u00e0 ceux qui les ont accueillis, \u00e0 ceux qui les ont form\u00e9s, \u00e0 ceux qui les ont command\u00e9s, \u00e0 ceux qui les ont aid\u00e9s Les &hellip; <a href=\"https:\/\/cadetfrancelibre.fr\/index.php\/gratitude\/\">Continuer la lecture <span class=\"meta-nav\">&rarr;<\/span><\/a><\/p>\n","protected":false},"author":1,"featured_media":0,"parent":0,"menu_order":7,"comment_status":"closed","ping_status":"closed","template":"","meta":{"footnotes":""},"class_list":["post-29","page","type-page","status-publish","hentry"],"_links":{"self":[{"href":"https:\/\/cadetfrancelibre.fr\/index.php\/wp-json\/wp\/v2\/pages\/29","targetHints":{"allow":["GET"]}}],"collection":[{"href":"https:\/\/cadetfrancelibre.fr\/index.php\/wp-json\/wp\/v2\/pages"}],"about":[{"href":"https:\/\/cadetfrancelibre.fr\/index.php\/wp-json\/wp\/v2\/types\/page"}],"author":[{"embeddable":true,"href":"https:\/\/cadetfrancelibre.fr\/index.php\/wp-json\/wp\/v2\/users\/1"}],"replies":[{"embeddable":true,"href":"https:\/\/cadetfrancelibre.fr\/index.php\/wp-json\/wp\/v2\/comments?post=29"}],"version-history":[{"count":10,"href":"https:\/\/cadetfrancelibre.fr\/index.php\/wp-json\/wp\/v2\/pages\/29\/revisions"}],"predecessor-version":[{"id":1444,"href":"https:\/\/cadetfrancelibre.fr\/index.php\/wp-json\/wp\/v2\/pages\/29\/revisions\/1444"}],"wp:attachment":[{"href":"https:\/\/cadetfrancelibre.fr\/index.php\/wp-json\/wp\/v2\/media?parent=29"}],"curies":[{"name":"wp","href":"https:\/\/api.w.org\/{rel}","templated":true}]}}