{"id":314,"date":"2016-05-11T08:39:43","date_gmt":"2016-05-11T07:39:43","guid":{"rendered":"http:\/\/cadetfrancelibre.fr\/?page_id=314"},"modified":"2021-12-09T18:02:34","modified_gmt":"2021-12-09T17:02:34","slug":"la-premiere-dfl","status":"publish","type":"page","link":"https:\/\/cadetfrancelibre.fr\/index.php\/laction\/la-premiere-dfl\/","title":{"rendered":"La premi\u00e8re DFL"},"content":{"rendered":"<p>Il y a plusieurs \u00e9poques dans la premi\u00e8re DFL<\/p>\n<p>D&rsquo;abord l&rsquo;\u00e9poque h\u00e9ro\u00efque des premiers volontaires, des batailles d&rsquo;Erythr\u00e9e, de Syrie puis de Bir-Hakeim<\/p>\n<p>Plus tard, apr\u00e8s l&rsquo;arriv\u00e9e des Am\u00e9ricains en Afrique du Nord, il y aura les batailles d&rsquo;Italie et de France<\/p>\n<p>Des cadets ont particip\u00e9 \u00e0 toutes ces batailles et plusieurs y ont laiss\u00e9 la vie<\/p>\n<p>Pour en savoir plus, d&rsquo;abord un petit film sur l&rsquo;histoire de la premi\u00e8re DFL <a href=\"https:\/\/www.youtube.com\/watch?v=VAAZjy_baTw\" target=\"_blank\" rel=\"noopener noreferrer\">Youtube<\/a><\/p>\n<p>Et puis bien s\u00fbr, il faut visiter le site des amis de la 1\u00e8re DFL (<a href=\"http:\/\/www.1dfl.fr\/les-cadets-de-la-france-libre\/\" target=\"_blank\" rel=\"noopener noreferrer\">http:\/\/www.1dfl.fr\/les-cadets-de-la-france-libre\/<\/a>) et la phototh\u00e8que de la 1DFL (<a href=\"http:\/\/www.1dfl.fr\/les-cadets-de-la-france-libre\/phototh%C3%A8que-cadets-de-la-france-libre\/\" target=\"_blank\" rel=\"noopener noreferrer\">phototh\u00e8que)<\/a><\/p>\n<p>Pour les cadets, nous renseigneront progressivement les noms de ceux qui en ont fait partie<\/p>\n<h2>La campagne d&rsquo;Italie voit\u00a0tomber\u00a05\u00a0cadets:<\/h2>\n<ul>\n<li>12 mai 1944 Jean JEANNE \u00e0 Ambrogio<\/li>\n<li>24 mai 1944 Paul LANDAIS \u00e0 Monte Marone<\/li>\n<li>10 Juin 1944 Charles Albert WITT \u00e0 Viterbo<\/li>\n<li>11 Juin 1944 Michel HERBOUT \u00e0 Montefiascone<\/li>\n<li>19 juin 1944 Jacques LEMARINEL \u00e0 Fonte Vitriana<\/li>\n<\/ul>\n<h2>Le d\u00e9barquement de Provence voit la participation des cadets<\/h2>\n<p align=\"LEFT\">Au sein de la 1\u00e8re DFL, neuf\u00a0cadets d\u00e9barquent en Provence: J-J.\u00a0Demorest, J. Folliot,<br \/>\nA. Galli\u00e9, J. d&rsquo;Escrienne, H. de La M\u00e9nardi\u00e8re, R.Lefebvre (<a href=\"http:\/\/divisionfrancaiselibre.eklablog.com\/il-y-a-73-ans-le-26-janvier-45-tombait-a-elsenheim-le-jeune-cadet-reyn-a135815222\" target=\"_blank\" rel=\"noopener noreferrer\">lien<\/a>), O. Schloesing, P.Vourc&rsquo;h<br \/>\net C. Vaschalde<\/p>\n<ul>\n<li>Jean MARTIN D&rsquo;ESCRIENNE y est bless\u00e9 : il <a href=\"https:\/\/cadetfrancelibre.fr\/wp-content\/uploads\/2017\/04\/DESCRIENNE_1944-Cavalaire.pdf\" target=\"_blank\" rel=\"noopener noreferrer\">raconte<\/a><\/li>\n<li>Olivier SCHLOESING, \u00e9galement bless\u00e9 <a href=\"https:\/\/cadetfrancelibre.fr\/wp-content\/uploads\/2017\/12\/ASCFL_1DFL_SCHLOESING.pdf\" target=\"_blank\" rel=\"noopener noreferrer\">raconte<\/a><\/li>\n<li>Enfin le site <a href=\"http:\/\/divisionfrancaiselibre.eklablog.com\/\" target=\"_blank\" rel=\"noopener noreferrer\">sur les chemins de la 1DFL<\/a> rend hommage \u00e0 certains des cadets qui ont combattu dans la DFL <a href=\"http:\/\/divisionfrancaiselibre.eklablog.com\/en-mai-2017-disparaissait-etienne-laurent-cadet-de-la-france-libre-et--a135733794\" target=\"_blank\" rel=\"noopener noreferrer\">Etienne LAURENT<\/a><\/li>\n<\/ul>\n<p><a href=\"https:\/\/cadetfrancelibre.fr\/index.php\/laction\/la-deuxieme-db\/\"><img loading=\"lazy\" decoding=\"async\" class=\"alignright wp-image-1393 size-full\" src=\"https:\/\/cadetfrancelibre.fr\/wp-content\/uploads\/2019\/01\/lien_page.jpg\" alt=\"lien_page\" width=\"98\" height=\"54\" \/><\/a><\/p>\n","protected":false},"excerpt":{"rendered":"<p>Il y a plusieurs \u00e9poques dans la premi\u00e8re DFL D&rsquo;abord l&rsquo;\u00e9poque h\u00e9ro\u00efque des premiers volontaires, des batailles d&rsquo;Erythr\u00e9e, de Syrie puis de Bir-Hakeim Plus tard, apr\u00e8s l&rsquo;arriv\u00e9e des Am\u00e9ricains en Afrique du Nord, il y aura les batailles d&rsquo;Italie et &hellip; <a href=\"https:\/\/cadetfrancelibre.fr\/index.php\/laction\/la-premiere-dfl\/\">Continuer la lecture <span class=\"meta-nav\">&rarr;<\/span><\/a><\/p>\n","protected":false},"author":1,"featured_media":0,"parent":20,"menu_order":1,"comment_status":"closed","ping_status":"closed","template":"","meta":{"footnotes":""},"class_list":["post-314","page","type-page","status-publish","hentry"],"_links":{"self":[{"href":"https:\/\/cadetfrancelibre.fr\/index.php\/wp-json\/wp\/v2\/pages\/314","targetHints":{"allow":["GET"]}}],"collection":[{"href":"https:\/\/cadetfrancelibre.fr\/index.php\/wp-json\/wp\/v2\/pages"}],"about":[{"href":"https:\/\/cadetfrancelibre.fr\/index.php\/wp-json\/wp\/v2\/types\/page"}],"author":[{"embeddable":true,"href":"https:\/\/cadetfrancelibre.fr\/index.php\/wp-json\/wp\/v2\/users\/1"}],"replies":[{"embeddable":true,"href":"https:\/\/cadetfrancelibre.fr\/index.php\/wp-json\/wp\/v2\/comments?post=314"}],"version-history":[{"count":13,"href":"https:\/\/cadetfrancelibre.fr\/index.php\/wp-json\/wp\/v2\/pages\/314\/revisions"}],"predecessor-version":[{"id":2464,"href":"https:\/\/cadetfrancelibre.fr\/index.php\/wp-json\/wp\/v2\/pages\/314\/revisions\/2464"}],"up":[{"embeddable":true,"href":"https:\/\/cadetfrancelibre.fr\/index.php\/wp-json\/wp\/v2\/pages\/20"}],"wp:attachment":[{"href":"https:\/\/cadetfrancelibre.fr\/index.php\/wp-json\/wp\/v2\/media?parent=314"}],"curies":[{"name":"wp","href":"https:\/\/api.w.org\/{rel}","templated":true}]}}