{"id":3946,"date":"2026-02-04T16:58:40","date_gmt":"2026-02-04T15:58:40","guid":{"rendered":"https:\/\/cadetfrancelibre.fr\/?page_id=3946"},"modified":"2026-02-04T16:58:40","modified_gmt":"2026-02-04T15:58:40","slug":"nos-partenaires","status":"publish","type":"page","link":"https:\/\/cadetfrancelibre.fr\/index.php\/accueil\/nos-partenaires\/","title":{"rendered":"Nos Partenaires"},"content":{"rendered":"\n<p>Les cadets n&rsquo;\u00e9taient pas seuls et notre association, \u00e0 leur image entretient des liens r\u00e9guliers avec les associations consacr\u00e9es \u00e0 la m\u00e9moire des Fran\u00e7ais Libres.<\/p>\n\n\n\n<div class=\"wp-block-envira-envira-gallery\"><div id=\"envira-gallery-wrap-3944\" class=\"envira-gallery-wrap envira-gallery-theme-base envira-lightbox-theme-base\" itemscope itemtype=\"https:\/\/schema.org\/ImageGallery\"><div data-row-height=\"150\" data-gallery-theme=\"normal\" id=\"envira-gallery-3944\" class=\"envira-gallery-public envira-gallery-justified-public envira-gallery-0-columns envira-clear enviratope envira-gallery-css-animations\" data-envira-columns=\"0\"><div id=\"envira-gallery-item-3940\" class=\"envira-gallery-item enviratope-item envira-gallery-item-1 envira-lazy-load\" style=\"padding-left: 1px; padding-bottom: 1px; padding-right: 1px;\"  itemscope itemtype=\"https:\/\/schema.org\/ImageObject\"><div class=\"envira-gallery-item-inner\"><div class=\"envira-gallery-position-overlay  envira-gallery-top-left\"><\/div><div class=\"envira-gallery-position-overlay  envira-gallery-top-right\"><\/div><div class=\"envira-gallery-position-overlay  envira-gallery-bottom-left\"><\/div><div class=\"envira-gallery-position-overlay  envira-gallery-bottom-right\"><\/div><a href=\"https:\/\/www.charles-de-gaulle.org\/\" class=\"envira-gallery-link\" rel=\"enviragallery3944\" title=\"Fondation Charles de GAULLE\" data-envira-caption=\"Fondation Charles de GAULLE\" data-envira-retina=\"\" data-thumbnail=\"\" target=\"_blank\"  itemprop=\"contentUrl\"><img decoding=\"async\" id=\"envira-gallery-image-3940\" class=\"envira-gallery-image envira-gallery-image-1 envira-normal envira-lazy\" data-envira-index=\"1\" src=\"https:\/\/cadetfrancelibre.fr\/wp-content\/uploads\/2026\/02\/ICONE_CDG-640x480.jpg\" data-envira-src=\"https:\/\/cadetfrancelibre.fr\/wp-content\/uploads\/2026\/02\/ICONE_CDG-640x480.jpg\" data-envira-gallery-id=\"3944\" data-envira-item-id=\"3940\" data-envira-caption=\"Fondation Charles de GAULLE\" alt=\"Fondation Charles de GAULLE\" title=\"Fondation Charles de GAULLE\"  itemprop=\"thumbnailUrl\" data-envira-srcset=\"https:\/\/cadetfrancelibre.fr\/wp-content\/uploads\/2026\/02\/ICONE_CDG-640x480.jpg 400w,https:\/\/cadetfrancelibre.fr\/wp-content\/uploads\/2026\/02\/ICONE_CDG-640x480.jpg 2x\" data-envira-width=\"133\" data-envira-height=\"130\" srcset=\"data:image\/gif;base64,R0lGODlhAQABAIAAAP\/\/\/\/\/\/\/yH5BAEKAAEALAAAAAABAAEAAAICTAEAOw==\" data-safe-src=\"data:image\/gif;base64,R0lGODlhAQABAIAAAP\/\/\/\/\/\/\/yH5BAEKAAEALAAAAAABAAEAAAICTAEAOw==\" \/><\/a><\/div><\/div><div id=\"envira-gallery-item-3942\" class=\"envira-gallery-item enviratope-item envira-gallery-item-2 envira-lazy-load\" style=\"padding-left: 1px; padding-bottom: 1px; padding-right: 1px;\"  itemscope itemtype=\"https:\/\/schema.org\/ImageObject\"><div class=\"envira-gallery-item-inner\"><div class=\"envira-gallery-position-overlay  envira-gallery-top-left\"><\/div><div class=\"envira-gallery-position-overlay  envira-gallery-top-right\"><\/div><div class=\"envira-gallery-position-overlay  envira-gallery-bottom-left\"><\/div><div class=\"envira-gallery-position-overlay  envira-gallery-bottom-right\"><\/div><a href=\"https:\/\/francelibre.net\/\" class=\"envira-gallery-link\" rel=\"enviragallery3944\" title=\"Fondation de la France Libre\" data-envira-caption=\"Fondation de la France Libre\" data-envira-retina=\"\" data-thumbnail=\"\" target=\"_blank\"  itemprop=\"contentUrl\"><img decoding=\"async\" id=\"envira-gallery-image-3942\" class=\"envira-gallery-image envira-gallery-image-2 envira-normal envira-lazy\" data-envira-index=\"2\" src=\"https:\/\/cadetfrancelibre.fr\/wp-content\/uploads\/2026\/02\/Icone_France_Libre-640x480.jpg\" data-envira-src=\"https:\/\/cadetfrancelibre.fr\/wp-content\/uploads\/2026\/02\/Icone_France_Libre-640x480.jpg\" data-envira-gallery-id=\"3944\" data-envira-item-id=\"3942\" data-envira-caption=\"Fondation de la France Libre\" alt=\"Fondation de la France Libre\" title=\"Fondation de la France Libre\"  itemprop=\"thumbnailUrl\" data-envira-srcset=\"https:\/\/cadetfrancelibre.fr\/wp-content\/uploads\/2026\/02\/Icone_France_Libre-640x480.jpg 400w,https:\/\/cadetfrancelibre.fr\/wp-content\/uploads\/2026\/02\/Icone_France_Libre-640x480.jpg 2x\" data-envira-width=\"90\" data-envira-height=\"102\" srcset=\"data:image\/gif;base64,R0lGODlhAQABAIAAAP\/\/\/\/\/\/\/yH5BAEKAAEALAAAAAABAAEAAAICTAEAOw==\" data-safe-src=\"data:image\/gif;base64,R0lGODlhAQABAIAAAP\/\/\/\/\/\/\/yH5BAEKAAEALAAAAAABAAEAAAICTAEAOw==\" \/><\/a><\/div><\/div><div id=\"envira-gallery-item-3945\" class=\"envira-gallery-item enviratope-item envira-gallery-item-3 envira-lazy-load\" style=\"padding-left: 1px; padding-bottom: 1px; padding-right: 1px;\"  itemscope itemtype=\"https:\/\/schema.org\/ImageObject\"><div class=\"envira-gallery-item-inner\"><div class=\"envira-gallery-position-overlay  envira-gallery-top-left\"><\/div><div class=\"envira-gallery-position-overlay  envira-gallery-top-right\"><\/div><div class=\"envira-gallery-position-overlay  envira-gallery-bottom-left\"><\/div><div class=\"envira-gallery-position-overlay  envira-gallery-bottom-right\"><\/div><a href=\"https:\/\/www.ordredelaliberation.fr\/fr\" class=\"envira-gallery-link\" rel=\"enviragallery3944\" title=\"Mus&eacute;e de l&amp;#039;Ordre de la Lib&eacute;ration\" data-envira-caption=\"Mus&eacute;e de l&amp;#039;Ordre de la Lib&eacute;ration\" data-envira-retina=\"\" data-thumbnail=\"\" target=\"_blank\"  itemprop=\"contentUrl\"><img decoding=\"async\" id=\"envira-gallery-image-3945\" class=\"envira-gallery-image envira-gallery-image-3 envira-normal envira-lazy\" data-envira-index=\"3\" src=\"https:\/\/cadetfrancelibre.fr\/wp-content\/uploads\/2026\/02\/Icone_Ordre_Liberation-640x480.jpg\" data-envira-src=\"https:\/\/cadetfrancelibre.fr\/wp-content\/uploads\/2026\/02\/Icone_Ordre_Liberation-640x480.jpg\" data-envira-gallery-id=\"3944\" data-envira-item-id=\"3945\" data-envira-caption=\"Mus&eacute;e de l&amp;#039;Ordre de la Lib&eacute;ration\" alt=\"Mus\u00e9e de l&#039;Ordre de la Lib\u00e9ration\" title=\"Mus\u00e9e de l&#039;Ordre de la Lib\u00e9ration\"  itemprop=\"thumbnailUrl\" data-envira-srcset=\"https:\/\/cadetfrancelibre.fr\/wp-content\/uploads\/2026\/02\/Icone_Ordre_Liberation-640x480.jpg 400w,https:\/\/cadetfrancelibre.fr\/wp-content\/uploads\/2026\/02\/Icone_Ordre_Liberation-640x480.jpg 2x\" data-envira-width=\"167\" data-envira-height=\"148\" srcset=\"data:image\/gif;base64,R0lGODlhAQABAIAAAP\/\/\/\/\/\/\/yH5BAEKAAEALAAAAAABAAEAAAICTAEAOw==\" data-safe-src=\"data:image\/gif;base64,R0lGODlhAQABAIAAAP\/\/\/\/\/\/\/yH5BAEKAAEALAAAAAABAAEAAAICTAEAOw==\" \/><\/a><\/div><\/div><div id=\"envira-gallery-item-3938\" class=\"envira-gallery-item enviratope-item envira-gallery-item-4 envira-lazy-load\" style=\"padding-left: 1px; padding-bottom: 1px; padding-right: 1px;\"  itemscope itemtype=\"https:\/\/schema.org\/ImageObject\"><div class=\"envira-gallery-item-inner\"><div class=\"envira-gallery-position-overlay  envira-gallery-top-left\"><\/div><div class=\"envira-gallery-position-overlay  envira-gallery-top-right\"><\/div><div class=\"envira-gallery-position-overlay  envira-gallery-bottom-left\"><\/div><div class=\"envira-gallery-position-overlay  envira-gallery-bottom-right\"><\/div><a href=\"https:\/\/www.2edb-leclerc.fr\/lassociation-des-anciens-de-la-2eme-db-2\/\" class=\"envira-gallery-link\" rel=\"enviragallery3944\" title=\"Association des anciens de la 2DB\" data-envira-caption=\"Association des anciens de la 2DB\" data-envira-retina=\"\" data-thumbnail=\"\" target=\"_blank\"  itemprop=\"contentUrl\"><img decoding=\"async\" id=\"envira-gallery-image-3938\" class=\"envira-gallery-image envira-gallery-image-4 envira-normal envira-lazy\" data-envira-index=\"4\" src=\"https:\/\/cadetfrancelibre.fr\/wp-content\/uploads\/2026\/02\/Icone_2DB-640x480.jpg\" data-envira-src=\"https:\/\/cadetfrancelibre.fr\/wp-content\/uploads\/2026\/02\/Icone_2DB-640x480.jpg\" data-envira-gallery-id=\"3944\" data-envira-item-id=\"3938\" data-envira-caption=\"Association des anciens de la 2DB\" alt=\"Association des anciens de la 2DB\" title=\"Association des anciens de la 2DB\"  itemprop=\"thumbnailUrl\" data-envira-srcset=\"https:\/\/cadetfrancelibre.fr\/wp-content\/uploads\/2026\/02\/Icone_2DB-640x480.jpg 400w,https:\/\/cadetfrancelibre.fr\/wp-content\/uploads\/2026\/02\/Icone_2DB-640x480.jpg 2x\" data-envira-width=\"97\" data-envira-height=\"107\" srcset=\"data:image\/gif;base64,R0lGODlhAQABAIAAAP\/\/\/\/\/\/\/yH5BAEKAAEALAAAAAABAAEAAAICTAEAOw==\" data-safe-src=\"data:image\/gif;base64,R0lGODlhAQABAIAAAP\/\/\/\/\/\/\/yH5BAEKAAEALAAAAAABAAEAAAICTAEAOw==\" \/><\/a><\/div><\/div><div id=\"envira-gallery-item-3939\" class=\"envira-gallery-item enviratope-item envira-gallery-item-5 envira-lazy-load\" style=\"padding-left: 1px; padding-bottom: 1px; padding-right: 1px;\"  itemscope itemtype=\"https:\/\/schema.org\/ImageObject\"><div class=\"envira-gallery-item-inner\"><div class=\"envira-gallery-position-overlay  envira-gallery-top-left\"><\/div><div class=\"envira-gallery-position-overlay  envira-gallery-top-right\"><\/div><div class=\"envira-gallery-position-overlay  envira-gallery-bottom-left\"><\/div><div class=\"envira-gallery-position-overlay  envira-gallery-bottom-right\"><\/div><a href=\"https:\/\/afpsas.fr\/\" class=\"envira-gallery-link\" rel=\"enviragallery3944\" title=\"Association des familles de Parachutistes SAS\" data-envira-caption=\"Association des familles de Parachutistes SAS\" data-envira-retina=\"\" data-thumbnail=\"\" target=\"_blank\"  itemprop=\"contentUrl\"><img decoding=\"async\" id=\"envira-gallery-image-3939\" class=\"envira-gallery-image envira-gallery-image-5 envira-normal envira-lazy\" data-envira-index=\"5\" src=\"https:\/\/cadetfrancelibre.fr\/wp-content\/uploads\/2026\/02\/Icone_AFPSAS-640x480.jpg\" data-envira-src=\"https:\/\/cadetfrancelibre.fr\/wp-content\/uploads\/2026\/02\/Icone_AFPSAS-640x480.jpg\" data-envira-gallery-id=\"3944\" data-envira-item-id=\"3939\" data-envira-caption=\"Association des familles de Parachutistes SAS\" alt=\"Association des familles de Parachutistes SAS\" title=\"Association des familles de Parachutistes SAS\"  itemprop=\"thumbnailUrl\" data-envira-srcset=\"https:\/\/cadetfrancelibre.fr\/wp-content\/uploads\/2026\/02\/Icone_AFPSAS-640x480.jpg 400w,https:\/\/cadetfrancelibre.fr\/wp-content\/uploads\/2026\/02\/Icone_AFPSAS-640x480.jpg 2x\" data-envira-width=\"153\" data-envira-height=\"102\" srcset=\"data:image\/gif;base64,R0lGODlhAQABAIAAAP\/\/\/\/\/\/\/yH5BAEKAAEALAAAAAABAAEAAAICTAEAOw==\" data-safe-src=\"data:image\/gif;base64,R0lGODlhAQABAIAAAP\/\/\/\/\/\/\/yH5BAEKAAEALAAAAAABAAEAAAICTAEAOw==\" \/><\/a><\/div><\/div><div id=\"envira-gallery-item-3943\" class=\"envira-gallery-item enviratope-item envira-gallery-item-6 envira-lazy-load\" style=\"padding-left: 1px; padding-bottom: 1px; padding-right: 1px;\"  itemscope itemtype=\"https:\/\/schema.org\/ImageObject\"><div class=\"envira-gallery-item-inner\"><div class=\"envira-gallery-position-overlay  envira-gallery-top-left\"><\/div><div class=\"envira-gallery-position-overlay  envira-gallery-top-right\"><\/div><div class=\"envira-gallery-position-overlay  envira-gallery-bottom-left\"><\/div><div class=\"envira-gallery-position-overlay  envira-gallery-bottom-right\"><\/div><a href=\"https:\/\/www.museedelofficier-asso.fr\/le-musee\" class=\"envira-gallery-link\" rel=\"enviragallery3944\" title=\"Mus&eacute;e de l&amp;#039;Officier SAINT-CYR\" data-envira-caption=\"Mus&eacute;e de l&amp;#039;Officier SAINT-CYR\" data-envira-retina=\"\" data-thumbnail=\"\" target=\"_blank\"  itemprop=\"contentUrl\"><img decoding=\"async\" id=\"envira-gallery-image-3943\" class=\"envira-gallery-image envira-gallery-image-6 envira-normal envira-lazy\" data-envira-index=\"6\" src=\"https:\/\/cadetfrancelibre.fr\/wp-content\/uploads\/2026\/02\/Icone_Musee_de_Lofficier-640x480.jpg\" data-envira-src=\"https:\/\/cadetfrancelibre.fr\/wp-content\/uploads\/2026\/02\/Icone_Musee_de_Lofficier-640x480.jpg\" data-envira-gallery-id=\"3944\" data-envira-item-id=\"3943\" data-envira-caption=\"Mus&eacute;e de l&amp;#039;Officier SAINT-CYR\" alt=\"Mus\u00e9e de l&#039;Officier SAINT-CYR\" title=\"Mus\u00e9e de l&#039;Officier SAINT-CYR\"  itemprop=\"thumbnailUrl\" data-envira-srcset=\"https:\/\/cadetfrancelibre.fr\/wp-content\/uploads\/2026\/02\/Icone_Musee_de_Lofficier-640x480.jpg 400w,https:\/\/cadetfrancelibre.fr\/wp-content\/uploads\/2026\/02\/Icone_Musee_de_Lofficier-640x480.jpg 2x\" data-envira-width=\"262\" data-envira-height=\"271\" srcset=\"data:image\/gif;base64,R0lGODlhAQABAIAAAP\/\/\/\/\/\/\/yH5BAEKAAEALAAAAAABAAEAAAICTAEAOw==\" data-safe-src=\"data:image\/gif;base64,R0lGODlhAQABAIAAAP\/\/\/\/\/\/\/yH5BAEKAAEALAAAAAABAAEAAAICTAEAOw==\" \/><\/a><\/div><\/div><div id=\"envira-gallery-item-3941\" class=\"envira-gallery-item enviratope-item envira-gallery-item-7 envira-lazy-load\" style=\"padding-left: 1px; padding-bottom: 1px; padding-right: 1px;\"  itemscope itemtype=\"https:\/\/schema.org\/ImageObject\"><div class=\"envira-gallery-item-inner\"><div class=\"envira-gallery-position-overlay  envira-gallery-top-left\"><\/div><div class=\"envira-gallery-position-overlay  envira-gallery-top-right\"><\/div><div class=\"envira-gallery-position-overlay  envira-gallery-bottom-left\"><\/div><div class=\"envira-gallery-position-overlay  envira-gallery-bottom-right\"><\/div><a href=\"https:\/\/www.2edb-leclerc.fr\/la-fondation-marechal-leclerc-de-hauteclocque\/\" class=\"envira-gallery-link\" rel=\"enviragallery3944\" title=\"Fondation du mar&eacute;chal LECLERC\" data-envira-caption=\"Fondation du mar&eacute;chal LECLERC\" data-envira-retina=\"\" data-thumbnail=\"\" target=\"_blank\"  itemprop=\"contentUrl\"><img decoding=\"async\" id=\"envira-gallery-image-3941\" class=\"envira-gallery-image envira-gallery-image-7 envira-normal envira-lazy\" data-envira-index=\"7\" src=\"https:\/\/cadetfrancelibre.fr\/wp-content\/uploads\/2026\/02\/Icone_Fondation_Leclerc-640x480.jpg\" data-envira-src=\"https:\/\/cadetfrancelibre.fr\/wp-content\/uploads\/2026\/02\/Icone_Fondation_Leclerc-640x480.jpg\" data-envira-gallery-id=\"3944\" data-envira-item-id=\"3941\" data-envira-caption=\"Fondation du mar&eacute;chal LECLERC\" alt=\"Fondation du mar\u00e9chal LECLERC\" title=\"Fondation du mar\u00e9chal LECLERC\"  itemprop=\"thumbnailUrl\" data-envira-srcset=\"https:\/\/cadetfrancelibre.fr\/wp-content\/uploads\/2026\/02\/Icone_Fondation_Leclerc-640x480.jpg 400w,https:\/\/cadetfrancelibre.fr\/wp-content\/uploads\/2026\/02\/Icone_Fondation_Leclerc-640x480.jpg 2x\" data-envira-width=\"125\" data-envira-height=\"146\" srcset=\"data:image\/gif;base64,R0lGODlhAQABAIAAAP\/\/\/\/\/\/\/yH5BAEKAAEALAAAAAABAAEAAAICTAEAOw==\" data-safe-src=\"data:image\/gif;base64,R0lGODlhAQABAIAAAP\/\/\/\/\/\/\/yH5BAEKAAEALAAAAAABAAEAAAICTAEAOw==\" \/><\/a><\/div><\/div><div id=\"envira-gallery-item-3937\" class=\"envira-gallery-item enviratope-item envira-gallery-item-8 envira-lazy-load\" style=\"padding-left: 1px; padding-bottom: 1px; padding-right: 1px;\"  itemscope itemtype=\"https:\/\/schema.org\/ImageObject\"><div class=\"envira-gallery-item-inner\"><div class=\"envira-gallery-position-overlay  envira-gallery-top-left\"><\/div><div class=\"envira-gallery-position-overlay  envira-gallery-top-right\"><\/div><div class=\"envira-gallery-position-overlay  envira-gallery-bottom-left\"><\/div><div class=\"envira-gallery-position-overlay  envira-gallery-bottom-right\"><\/div><a href=\"https:\/\/1dfl.fr\/\" class=\"envira-gallery-link\" rel=\"enviragallery3944\" title=\"M&eacute;moire de la 1&egrave;re DFL\" data-envira-caption=\"M&eacute;moire de la 1&egrave;re DFL\" data-envira-retina=\"\" data-thumbnail=\"\" target=\"_blank\"  itemprop=\"contentUrl\"><img decoding=\"async\" id=\"envira-gallery-image-3937\" class=\"envira-gallery-image envira-gallery-image-8 envira-normal envira-lazy\" data-envira-index=\"8\" src=\"https:\/\/cadetfrancelibre.fr\/wp-content\/uploads\/2026\/02\/Icone-1DFL-640x480.jpg\" data-envira-src=\"https:\/\/cadetfrancelibre.fr\/wp-content\/uploads\/2026\/02\/Icone-1DFL-640x480.jpg\" data-envira-gallery-id=\"3944\" data-envira-item-id=\"3937\" data-envira-caption=\"M&eacute;moire de la 1&egrave;re DFL\" alt=\"M\u00e9moire de la 1\u00e8re DFL\" title=\"M\u00e9moire de la 1\u00e8re DFL\"  itemprop=\"thumbnailUrl\" data-envira-srcset=\"https:\/\/cadetfrancelibre.fr\/wp-content\/uploads\/2026\/02\/Icone-1DFL-640x480.jpg 400w,https:\/\/cadetfrancelibre.fr\/wp-content\/uploads\/2026\/02\/Icone-1DFL-640x480.jpg 2x\" data-envira-width=\"112\" data-envira-height=\"143\" srcset=\"data:image\/gif;base64,R0lGODlhAQABAIAAAP\/\/\/\/\/\/\/yH5BAEKAAEALAAAAAABAAEAAAICTAEAOw==\" data-safe-src=\"data:image\/gif;base64,R0lGODlhAQABAIAAAP\/\/\/\/\/\/\/yH5BAEKAAEALAAAAAABAAEAAAICTAEAOw==\" \/><\/a><\/div><\/div><\/div><\/div><noscript><img decoding=\"async\" src=\"https:\/\/cadetfrancelibre.fr\/wp-content\/uploads\/2026\/02\/ICONE_CDG.jpg\" alt=\"Fondation Charles de GAULLE\" \/><img decoding=\"async\" src=\"https:\/\/cadetfrancelibre.fr\/wp-content\/uploads\/2026\/02\/Icone_France_Libre.jpg\" alt=\"Fondation de la France Libre\" \/><img decoding=\"async\" src=\"https:\/\/cadetfrancelibre.fr\/wp-content\/uploads\/2026\/02\/Icone_Ordre_Liberation.jpg\" alt=\"Mus\u00e9e de l&#039;Ordre de la Lib\u00e9ration\" \/><img decoding=\"async\" src=\"https:\/\/cadetfrancelibre.fr\/wp-content\/uploads\/2026\/02\/Icone_2DB.jpg\" alt=\"Association des anciens de la 2DB\" \/><img decoding=\"async\" src=\"https:\/\/cadetfrancelibre.fr\/wp-content\/uploads\/2026\/02\/Icone_AFPSAS.jpg\" alt=\"Association des familles de Parachutistes SAS\" \/><img decoding=\"async\" src=\"https:\/\/cadetfrancelibre.fr\/wp-content\/uploads\/2026\/02\/Icone_Musee_de_Lofficier.jpg\" alt=\"Mus\u00e9e de l&#039;Officier SAINT-CYR\" \/><img decoding=\"async\" src=\"https:\/\/cadetfrancelibre.fr\/wp-content\/uploads\/2026\/02\/Icone_Fondation_Leclerc.jpg\" alt=\"Fondation du mar\u00e9chal LECLERC\" \/><img decoding=\"async\" src=\"https:\/\/cadetfrancelibre.fr\/wp-content\/uploads\/2026\/02\/Icone-1DFL.jpg\" alt=\"M\u00e9moire de la 1\u00e8re DFL\" \/><\/noscript><\/div>\n\n\n\n<p>Outre les grandes associations dont le nom figurent ci-dessus,  d&rsquo;autres associations participent avec nous \u00e0 la conservation et \u00e0 la transmission d&rsquo;une histoire, mais aussi de cet esprit et de cet id\u00e9al de d\u00e9vouement et de solidarit\u00e9, d&rsquo;initiatives et de courage magnifiquement illustr\u00e9 par l&rsquo;histoire des volontaires de la France Libre.<\/p>\n\n\n\n<p><\/p>\n","protected":false},"excerpt":{"rendered":"<p>Les cadets n&rsquo;\u00e9taient pas seuls et notre association, \u00e0 leur image entretient des liens r\u00e9guliers avec les associations consacr\u00e9es \u00e0 la m\u00e9moire des Fran\u00e7ais Libres. Outre les grandes associations dont le nom figurent ci-dessus, d&rsquo;autres associations participent avec nous \u00e0 &hellip; <a href=\"https:\/\/cadetfrancelibre.fr\/index.php\/accueil\/nos-partenaires\/\">Continuer la lecture <span class=\"meta-nav\">&rarr;<\/span><\/a><\/p>\n","protected":false},"author":1,"featured_media":0,"parent":6,"menu_order":10,"comment_status":"closed","ping_status":"closed","template":"","meta":{"footnotes":""},"class_list":["post-3946","page","type-page","status-publish","hentry"],"_links":{"self":[{"href":"https:\/\/cadetfrancelibre.fr\/index.php\/wp-json\/wp\/v2\/pages\/3946","targetHints":{"allow":["GET"]}}],"collection":[{"href":"https:\/\/cadetfrancelibre.fr\/index.php\/wp-json\/wp\/v2\/pages"}],"about":[{"href":"https:\/\/cadetfrancelibre.fr\/index.php\/wp-json\/wp\/v2\/types\/page"}],"author":[{"embeddable":true,"href":"https:\/\/cadetfrancelibre.fr\/index.php\/wp-json\/wp\/v2\/users\/1"}],"replies":[{"embeddable":true,"href":"https:\/\/cadetfrancelibre.fr\/index.php\/wp-json\/wp\/v2\/comments?post=3946"}],"version-history":[{"count":3,"href":"https:\/\/cadetfrancelibre.fr\/index.php\/wp-json\/wp\/v2\/pages\/3946\/revisions"}],"predecessor-version":[{"id":3949,"href":"https:\/\/cadetfrancelibre.fr\/index.php\/wp-json\/wp\/v2\/pages\/3946\/revisions\/3949"}],"up":[{"embeddable":true,"href":"https:\/\/cadetfrancelibre.fr\/index.php\/wp-json\/wp\/v2\/pages\/6"}],"wp:attachment":[{"href":"https:\/\/cadetfrancelibre.fr\/index.php\/wp-json\/wp\/v2\/media?parent=3946"}],"curies":[{"name":"wp","href":"https:\/\/api.w.org\/{rel}","templated":true}]}}