{"id":448,"date":"2016-05-12T13:26:03","date_gmt":"2016-05-12T12:26:03","guid":{"rendered":"http:\/\/cadetfrancelibre.fr\/?page_id=448"},"modified":"2024-10-22T18:18:50","modified_gmt":"2024-10-22T17:18:50","slug":"la-deuxieme-db","status":"publish","type":"page","link":"https:\/\/cadetfrancelibre.fr\/index.php\/laction\/la-deuxieme-db\/","title":{"rendered":"La Deuxi\u00e8me DB"},"content":{"rendered":"<p>La naissance et l&rsquo;\u00e9pop\u00e9e de la 2\u00e8me DB sont li\u00e9es \u00e0 la personnalit\u00e9 du Mar\u00e9chal Leclerc (au d\u00e9part simple capitaine!)<\/p>\n<h3><strong>Textes de r\u00e9f\u00e9rence<\/strong><\/h3>\n<p>On peut lire un r\u00e9cit tr\u00e8s factuel dans <a href=\"https:\/\/fr.wikipedia.org\/wiki\/2e_division_blind%C3%A9e_(France)\" target=\"_blank\" rel=\"noopener noreferrer\">Wikip\u00e9dia <\/a><br \/>\nou un r\u00e9cit plus \u00e9pique sur le site de la fondation Charles De Gaulle (<a href=\"http:\/\/www.charles-de-gaulle.org\/pages\/l-homme\/dossiers-thematiques\/1940-1944-la-seconde-guerre-mondiale\/les-forces-francaises-libres\/les-ffl\/la-2e-db--de-douala-a-berchtesgaden.php\" target=\"_blank\" rel=\"noopener noreferrer\">De Douala \u00e0 Bertchesgaden<\/a>)<br \/>\net bien s\u00fbr consulter le site de la fondation LECLERC <a href=\"https:\/\/www.2edb-leclerc.fr\/\">site<\/a><\/p>\n<h3><strong>Des films<\/strong><\/h3>\n<p>Il en existe beaucoup! En voici quelques-uns:<\/p>\n<ul>\n<li>Film1 (<a href=\"https:\/\/www.youtube.com\/watch?v=TATzt6wRvY4\" target=\"_blank\" rel=\"noopener noreferrer\">La saga<\/a>) 50&prime;<\/li>\n<li>Film2 (<a href=\"https:\/\/www.youtube.com\/watch?v=wM-JQ9DFHRk\" target=\"_blank\" rel=\"noopener noreferrer\">De Douala \u00e0 Berchtesgaden<\/a>)&lt; 7&prime;<\/li>\n<li>Film3 (<a href=\"https:\/\/www.youtube.com\/watch?v=TRlR3qUqQlQ\" target=\"_blank\" rel=\"noopener noreferrer\">Le d\u00e9barquement le 1er ao\u00fbt<\/a>) 10&prime;<\/li>\n<li>Film4 (<a href=\"https:\/\/www.youtube.com\/watch?v=MLEYVN-ab7c\" target=\"_blank\" rel=\"noopener noreferrer\">sur les traces de Leclerc<\/a>) 18&prime;<\/li>\n<\/ul>\n<h3><strong>Quelques dates:<\/strong><\/h3>\n<ul>\n<li>1er mars 1941 : la colonne Leclerc remporte sa premi\u00e8re victoire \u00e0 Koufra et fait serment de ne d\u00e9poser les armes que \u00ab <em>quand les belles couleurs fran\u00e7aises flotteront sur la cath\u00e9drale de Strasbourg<\/em> \u00bb.<\/li>\n<li>\u00a0F\u00e9vrier 1943 : la colonne Leclerc devient la \u00ab\u00a0Force L\u00a0\u00bb (comme Leclerc) dans le cadre de la 8e arm\u00e9e britannique.<\/li>\n<li>\u00a0Mars 1943 : la \u00ab\u00a0Force L\u00a0\u00bb int\u00e8gre la \u00ab\u00a0Colonne volante\u00a0\u00bb, command\u00e9e par le commandant Jean R\u00e9my.<\/li>\n<li>\u00a030 mai 1943\u00a0\u00a0 : la \u00ab\u00a0Force L\u00a0\u00bb devient officiellement la 2e DFL (division fran\u00e7aise libre).<\/li>\n<li>\u00a024 ao\u00fbt 1943\u00a0 : la 2e DFL devient la 2e DB (division blind\u00e9e).<\/li>\n<li>\u00a01er ao\u00fbt 1944 : d\u00e9barquement en France<\/li>\n<li>\u00a012 ao\u00fbt 1944 \u00a0: lib\u00e9ration D&rsquo;Alen\u00e7on et d&rsquo;Argentan<\/li>\n<li>\u00a024 ao\u00fbt 1944 :\u00a0 entr\u00e9e dans PARIS<\/li>\n<li>\u00a013 septembre 1944 : combats de Dompaire<\/li>\n<li>\u00a031 octobre 1944\u00a0\u00a0\u00a0\u00a0\u00a0\u00a0 : prise de Baccarat<\/li>\n<li>\u00a023 novembre 1944\u00a0 : lib\u00e9ration de Strasbourg<\/li>\n<li>\u00a04 mai 1945\u00a0\u00a0\u00a0\u00a0\u00a0\u00a0\u00a0\u00a0\u00a0\u00a0\u00a0\u00a0\u00a0\u00a0\u00a0 : Berchtesgaten<\/li>\n<\/ul>\n<h3><strong>44\u00a0cadets dont 33 aspirants vont servir dans la deuxi\u00e8me DB<\/strong><\/h3>\n<ul>\n<li><strong>Promo Lib\u00e9ration:<\/strong><br \/>\nGustave LESPAGNOL, Robert MULSANT, Marius TARAVEL<\/li>\n<li><strong>Promo Bir-Hakem:<\/strong><br \/>\nYves LANCIEN<\/li>\n<li><strong>Promo Fezzan-Tunisie:<\/strong><br \/>\nJacques HERLAUT, Jean-Pierre NOUVEAU, Alexandre GALLI\u00e9(BRAULT)<\/li>\n<li><strong>Promo Corse et Savoie:<\/strong><br \/>\nClaude BOULANGER, Thomas CURTIS, Roger CEUGNIET, Guy DIGO, Ralph FIRTH, Fran\u00e7ois LOCUFIER, James POOLE, Marcel RUFF, Jean-Luc SCHERDLIN, Samuel TUROVER<\/li>\n<li><strong>Promo 18 juin:<\/strong><br \/>\nChristian BILLET, Jean BOSCQ, Charles BRIAULT, Yves-Bertrand CORTADELLAS, Andr\u00e9 de GANAY, Andr\u00e9 GERARD, Alain de GUNSBURG, Gilles LYON, Jean-Gabriel MEYER, Philippe NICOT (HAUSSMANN),\u00a0 Denis de RICCI, Andr\u00e9 TENSORER, Louis BOUZOLS, Michel IRIART Anthony KURK, Fran\u00e7ois DEMAISON<\/li>\n<li><strong>Autres anciens cadets<\/strong><br \/>\nMichel D&rsquo;ARCANGUES, Enzo BONOPERA, Jean BOUCLET, Bernard FOULQUIES,\u00a0 Jean-GIRAUD-VINET, Ren\u00e9 HAINAUT, Jean-Paul LAVOIX, Roger LEBRUN, Bernard PRIGL D&rsquo;ONDL, Georges TORRES, Pierre REMLINGER<\/li>\n<li>Nicole et Monique de ROTHSCHILD<\/li>\n<li><strong>Et parmi les cadres de l&rsquo;\u00e9cole, on trouve:<\/strong><br \/>\nAlain DESFORGES, Jacques CHAMBON, Pierre SANDRENAN, Jean-Marie SOURIEAU<\/li>\n<\/ul>\n<p>Quelques r\u00e9cits de ces cadets concernant leur s\u00e9jour \u00e0 la 2DB ou une rencontre avec le g\u00e9n\u00e9ral LECLERC<\/p>\n<ul>\n<li>Premi\u00e8re rencontre avec Leclerc par <a href=\"https:\/\/cadetfrancelibre.fr\/wp-content\/uploads\/2019\/05\/ASCFL_WP159_Fossarieu_LECLERC.pdf\" target=\"_blank\" rel=\"noopener noreferrer\">Louis Lucy de Fossarieu<\/a><\/li>\n<li>Comment les cadets de Corse et Savoie ont organis\u00e9 leur affectation \u00e0 la 2DB, un r\u00e9cit de <a href=\"https:\/\/cadetfrancelibre.fr\/wp-content\/uploads\/2019\/05\/ASCFL_WP151_FIRTH_La-2DB-ou-rien.pdf\" target=\"_blank\" rel=\"noopener noreferrer\">Ralph FIRTH<\/a><\/li>\n<li>L&rsquo;arriv\u00e9e \u00e0 la 2DB racont\u00e9e par\u00a0<a href=\"https:\/\/cadetfrancelibre.fr\/wp-content\/uploads\/2016\/11\/ASCFL_2DB_Tensorer.pdf\" target=\"_blank\" rel=\"noopener noreferrer\">Andr\u00e9 TENSORER<\/a><\/li>\n<li>Embuscade \u00e0 Louvigny par <a href=\"https:\/\/cadetfrancelibre.fr\/wp-content\/uploads\/2020\/01\/ASCFL_WP163_Embuscade_a_Louvigny.pdf\" target=\"_blank\" rel=\"noopener noreferrer\">Roger CEUGNET<\/a><\/li>\n<li>\u00a01800 prisoniers \u00e0 Palaiseau o\u00f9 l&rsquo;on parle de <a href=\"https:\/\/cadetfrancelibre.fr\/wp-content\/uploads\/2020\/01\/ASCFL_WP162_1800_prisonniers_a_Palaiseau.pdf\" target=\"_blank\" rel=\"noopener noreferrer\">Fran\u00e7ois LOCUFIER<\/a><\/li>\n<li>\u00a0Affectation \u00e0 la Nueve de\u00a0<a href=\"https:\/\/cadetfrancelibre.fr\/wp-content\/uploads\/2019\/06\/ASCFL_WP161_Souvenirs_Michel_IRIART.pdf\" target=\"_blank\" rel=\"noopener noreferrer\">Michel Iriart<\/a><\/li>\n<li>La fin du cadet <a href=\"https:\/\/cadetfrancelibre.fr\/wp-content\/uploads\/2019\/05\/ASCFL_WP157_2DB_DONCIERES_TORRES.pdf\" target=\"_blank\" rel=\"noopener noreferrer\">Georges TORRES<\/a><\/li>\n<li>\u00a0Arriv\u00e9e \u00e0 Strasbourg le r\u00e9cit de <a href=\"https:\/\/cadetfrancelibre.fr\/wp-content\/uploads\/2016\/11\/ASCFL_2DB_Jean_MEYER.pdf\" target=\"_blank\" rel=\"noopener noreferrer\">Jean-Gabriel MEYER<\/a><\/li>\n<\/ul>\n<p><a href=\"https:\/\/cadetfrancelibre.fr\/index.php\/laction\/les-officiers-de-liaison\/\"><img loading=\"lazy\" decoding=\"async\" class=\"alignright wp-image-1393 size-full\" src=\"https:\/\/cadetfrancelibre.fr\/wp-content\/uploads\/2019\/01\/lien_page.jpg\" alt=\"lien_page\" width=\"98\" height=\"54\" \/><\/a><\/p>\n","protected":false},"excerpt":{"rendered":"<p>La naissance et l&rsquo;\u00e9pop\u00e9e de la 2\u00e8me DB sont li\u00e9es \u00e0 la personnalit\u00e9 du Mar\u00e9chal Leclerc (au d\u00e9part simple capitaine!) Textes de r\u00e9f\u00e9rence On peut lire un r\u00e9cit tr\u00e8s factuel dans Wikip\u00e9dia ou un r\u00e9cit plus \u00e9pique sur le site &hellip; <a href=\"https:\/\/cadetfrancelibre.fr\/index.php\/laction\/la-deuxieme-db\/\">Continuer la lecture <span class=\"meta-nav\">&rarr;<\/span><\/a><\/p>\n","protected":false},"author":1,"featured_media":0,"parent":20,"menu_order":2,"comment_status":"closed","ping_status":"closed","template":"","meta":{"footnotes":""},"class_list":["post-448","page","type-page","status-publish","hentry"],"_links":{"self":[{"href":"https:\/\/cadetfrancelibre.fr\/index.php\/wp-json\/wp\/v2\/pages\/448","targetHints":{"allow":["GET"]}}],"collection":[{"href":"https:\/\/cadetfrancelibre.fr\/index.php\/wp-json\/wp\/v2\/pages"}],"about":[{"href":"https:\/\/cadetfrancelibre.fr\/index.php\/wp-json\/wp\/v2\/types\/page"}],"author":[{"embeddable":true,"href":"https:\/\/cadetfrancelibre.fr\/index.php\/wp-json\/wp\/v2\/users\/1"}],"replies":[{"embeddable":true,"href":"https:\/\/cadetfrancelibre.fr\/index.php\/wp-json\/wp\/v2\/comments?post=448"}],"version-history":[{"count":34,"href":"https:\/\/cadetfrancelibre.fr\/index.php\/wp-json\/wp\/v2\/pages\/448\/revisions"}],"predecessor-version":[{"id":3505,"href":"https:\/\/cadetfrancelibre.fr\/index.php\/wp-json\/wp\/v2\/pages\/448\/revisions\/3505"}],"up":[{"embeddable":true,"href":"https:\/\/cadetfrancelibre.fr\/index.php\/wp-json\/wp\/v2\/pages\/20"}],"wp:attachment":[{"href":"https:\/\/cadetfrancelibre.fr\/index.php\/wp-json\/wp\/v2\/media?parent=448"}],"curies":[{"name":"wp","href":"https:\/\/api.w.org\/{rel}","templated":true}]}}