{"id":457,"date":"2016-05-13T19:13:55","date_gmt":"2016-05-13T18:13:55","guid":{"rendered":"http:\/\/cadetfrancelibre.fr\/?page_id=457"},"modified":"2025-12-06T14:12:42","modified_gmt":"2025-12-06T13:12:42","slug":"adhesion","status":"publish","type":"page","link":"https:\/\/cadetfrancelibre.fr\/index.php\/accueil\/adhesion\/","title":{"rendered":"Rejoignez-nous"},"content":{"rendered":"<p>L&rsquo;association est ouverte \u00e0 toute personne int\u00e9ress\u00e9e par les valeurs et l&rsquo;histoire des Cadets<br \/>sous r\u00e9serve d&rsquo;approbation par les membres du bureaux<\/p>\n<p>Pour adh\u00e9rer, t\u00e9l\u00e9chargez le <a href=\"https:\/\/cadetfrancelibre.fr\/wp-content\/uploads\/2025\/12\/ASCFL__Formulaire-ADHESION_2026.pdf\" target=\"_blank\" rel=\"noopener\">bulletin d&rsquo;adh\u00e9sion<\/a> et adressez le avec le r\u00e8glement de la cotisation par ch\u00e8que ou par virement<\/p>\n<p>Vous pouvez aussi t\u00e9l\u00e9charger les <a href=\"https:\/\/cadetfrancelibre.fr\/wp-content\/uploads\/2016\/05\/ASCFL_141215_Statuts.pdf\" target=\"_blank\" rel=\"noopener noreferrer\">statuts de l&rsquo;association<\/a><\/p>\n\n\n<p><\/p>\n","protected":false},"excerpt":{"rendered":"<p>L&rsquo;association est ouverte \u00e0 toute personne int\u00e9ress\u00e9e par les valeurs et l&rsquo;histoire des Cadetssous r\u00e9serve d&rsquo;approbation par les membres du bureaux Pour adh\u00e9rer, t\u00e9l\u00e9chargez le bulletin d&rsquo;adh\u00e9sion et adressez le avec le r\u00e8glement de la cotisation par ch\u00e8que ou par &hellip; <a href=\"https:\/\/cadetfrancelibre.fr\/index.php\/accueil\/adhesion\/\">Continuer la lecture <span class=\"meta-nav\">&rarr;<\/span><\/a><\/p>\n","protected":false},"author":1,"featured_media":0,"parent":6,"menu_order":2,"comment_status":"closed","ping_status":"closed","template":"","meta":{"footnotes":""},"class_list":["post-457","page","type-page","status-publish","hentry"],"_links":{"self":[{"href":"https:\/\/cadetfrancelibre.fr\/index.php\/wp-json\/wp\/v2\/pages\/457","targetHints":{"allow":["GET"]}}],"collection":[{"href":"https:\/\/cadetfrancelibre.fr\/index.php\/wp-json\/wp\/v2\/pages"}],"about":[{"href":"https:\/\/cadetfrancelibre.fr\/index.php\/wp-json\/wp\/v2\/types\/page"}],"author":[{"embeddable":true,"href":"https:\/\/cadetfrancelibre.fr\/index.php\/wp-json\/wp\/v2\/users\/1"}],"replies":[{"embeddable":true,"href":"https:\/\/cadetfrancelibre.fr\/index.php\/wp-json\/wp\/v2\/comments?post=457"}],"version-history":[{"count":17,"href":"https:\/\/cadetfrancelibre.fr\/index.php\/wp-json\/wp\/v2\/pages\/457\/revisions"}],"predecessor-version":[{"id":3855,"href":"https:\/\/cadetfrancelibre.fr\/index.php\/wp-json\/wp\/v2\/pages\/457\/revisions\/3855"}],"up":[{"embeddable":true,"href":"https:\/\/cadetfrancelibre.fr\/index.php\/wp-json\/wp\/v2\/pages\/6"}],"wp:attachment":[{"href":"https:\/\/cadetfrancelibre.fr\/index.php\/wp-json\/wp\/v2\/media?parent=457"}],"curies":[{"name":"wp","href":"https:\/\/api.w.org\/{rel}","templated":true}]}}