{"id":575,"date":"2016-05-16T16:29:27","date_gmt":"2016-05-16T15:29:27","guid":{"rendered":"http:\/\/cadetfrancelibre.fr\/?page_id=575"},"modified":"2020-12-04T08:01:56","modified_gmt":"2020-12-04T07:01:56","slug":"les-officiers-de-liaison","status":"publish","type":"page","link":"https:\/\/cadetfrancelibre.fr\/index.php\/laction\/les-officiers-de-liaison\/","title":{"rendered":"Les officiers de liaison"},"content":{"rendered":"<p>Les missions militaires de liaison permettaient de faire la liaison entre L&rsquo;arm\u00e9e Fran\u00e7aise et les autorit\u00e9s militaires Am\u00e9ricaines ou Anglaises. Durant la lib\u00e9ration de la France, cela facilitait \u00e9galement l&rsquo;installation d&rsquo;une autorit\u00e9 civile l\u00e9gale dans les territoires lib\u00e9r\u00e9s. Apr\u00e8s Mai 1945, cela concernait l&rsquo;occupation de l&rsquo;Allemagne.<\/p>\n<p>L&rsquo;une des qualit\u00e9s indispensables \u00e9tait bien sur la ma\u00eetrise parfaite de la langue anglaise<\/p>\n<h3><strong>Liaison avec les Britanniques<\/strong> (<a href=\"https:\/\/fr.wikipedia.org\/wiki\/21e_Groupe_d%27arm%C3%A9es_(Royaume-Uni)\" target=\"_blank\" rel=\"noopener noreferrer\">21\u00e8me groupe d&rsquo;arm\u00e9e<\/a>)<\/h3>\n<ul>\n<li>R\u00e9my Dreyfus (6\u00e8me division airborne anglaise)<\/li>\n<li>Henri Chevrier (50\u00e8me DI britannique) bless\u00e9 5 fois pr\u00e8s d&rsquo;Albert (Somme)<\/li>\n<li>Jean Wahl (15th Scottish Reconnaissance\u00a0 R\u00e9giment) (<a href=\"https:\/\/cadetfrancelibre.fr\/wp-content\/uploads\/2020\/12\/ASCFL_WP185_Jean-WAHL-et-les-\u00e9cossais.pdf\" target=\"_blank\" rel=\"noopener noreferrer\">R\u00e9cit<\/a>)<\/li>\n<\/ul>\n<h3><strong>Mission militaire aupr\u00e8s<\/strong> du <a href=\"https:\/\/fr.wikipedia.org\/wiki\/12e_groupe_d%27arm%C3%A9es_(%C3%89tats-Unis)\" target=\"_blank\" rel=\"noopener noreferrer\">12\u00e8me\u00a0groupe d&rsquo;arm\u00e9e<\/a><\/h3>\n<p>Dans ce <a href=\"https:\/\/cadetfrancelibre.fr\/wp-content\/uploads\/2016\/05\/ASCFL_Liste_Attach\u00e9s_Liaison_1944.pdf\" target=\"_blank\" rel=\"noopener noreferrer\">document<\/a> de septembre 1944, on trouve les cadets affect\u00e9 \u00e0 la 1\u00e8re arm\u00e9e US:<br \/>\n-Bernard DUPREZ, Jean DARCHIVES (de son vrai nom Sabatier), J\u00e9r\u00f4me DUCHESNE, Alain de GUNZBURG, Michel L&rsquo;HUILLIER, Marcel THOUVIOT<br \/>\net ceux affect\u00e9s \u00e0 la 3\u00e8me arm\u00e9e US:<br \/>\nRaymont BANZET, Ange GEILLON, <a href=\"https:\/\/cadetfrancelibre.fr\/wp-content\/uploads\/2019\/06\/ASCFL_WP158_R\u00e9cit_Kauffmann.pdf\" target=\"_blank\" rel=\"noopener noreferrer\">Jacques KAUFMANN<\/a>, Raymond VITTE, Charles VOELCKEL, Louis WEISS<\/p>\n<p>Apr\u00e8s l&rsquo;armistice de 1945, on retrouve quelques cadets dans le <a href=\"https:\/\/cadetfrancelibre.fr\/wp-content\/uploads\/2016\/05\/ASCFL_Liste_Attach\u00e9s_Liaison.pdf\" target=\"_blank\" rel=\"noopener noreferrer\">d\u00e9cret<\/a> dat\u00e9 du 22 juin 1945:<br \/>\nPaul GUIBERTEAU, Michel TREBUCQ, Jacques KAUFMANN, Serge ARVENGAS, Raymond VITTE<\/p>\n<p><a href=\"https:\/\/cadetfrancelibre.fr\/index.php\/laction\/le-bcra\/\"><img loading=\"lazy\" decoding=\"async\" class=\"alignright wp-image-1393 size-full\" src=\"https:\/\/cadetfrancelibre.fr\/wp-content\/uploads\/2019\/01\/lien_page.jpg\" alt=\"lien_page\" width=\"98\" height=\"54\" \/><\/a><\/p>\n","protected":false},"excerpt":{"rendered":"<p>Les missions militaires de liaison permettaient de faire la liaison entre L&rsquo;arm\u00e9e Fran\u00e7aise et les autorit\u00e9s militaires Am\u00e9ricaines ou Anglaises. Durant la lib\u00e9ration de la France, cela facilitait \u00e9galement l&rsquo;installation d&rsquo;une autorit\u00e9 civile l\u00e9gale dans les territoires lib\u00e9r\u00e9s. Apr\u00e8s Mai &hellip; <a href=\"https:\/\/cadetfrancelibre.fr\/index.php\/laction\/les-officiers-de-liaison\/\">Continuer la lecture <span class=\"meta-nav\">&rarr;<\/span><\/a><\/p>\n","protected":false},"author":1,"featured_media":0,"parent":20,"menu_order":3,"comment_status":"closed","ping_status":"closed","template":"","meta":{"footnotes":""},"class_list":["post-575","page","type-page","status-publish","hentry"],"_links":{"self":[{"href":"https:\/\/cadetfrancelibre.fr\/index.php\/wp-json\/wp\/v2\/pages\/575","targetHints":{"allow":["GET"]}}],"collection":[{"href":"https:\/\/cadetfrancelibre.fr\/index.php\/wp-json\/wp\/v2\/pages"}],"about":[{"href":"https:\/\/cadetfrancelibre.fr\/index.php\/wp-json\/wp\/v2\/types\/page"}],"author":[{"embeddable":true,"href":"https:\/\/cadetfrancelibre.fr\/index.php\/wp-json\/wp\/v2\/users\/1"}],"replies":[{"embeddable":true,"href":"https:\/\/cadetfrancelibre.fr\/index.php\/wp-json\/wp\/v2\/comments?post=575"}],"version-history":[{"count":14,"href":"https:\/\/cadetfrancelibre.fr\/index.php\/wp-json\/wp\/v2\/pages\/575\/revisions"}],"predecessor-version":[{"id":2142,"href":"https:\/\/cadetfrancelibre.fr\/index.php\/wp-json\/wp\/v2\/pages\/575\/revisions\/2142"}],"up":[{"embeddable":true,"href":"https:\/\/cadetfrancelibre.fr\/index.php\/wp-json\/wp\/v2\/pages\/20"}],"wp:attachment":[{"href":"https:\/\/cadetfrancelibre.fr\/index.php\/wp-json\/wp\/v2\/media?parent=575"}],"curies":[{"name":"wp","href":"https:\/\/api.w.org\/{rel}","templated":true}]}}