{"id":62,"date":"2016-02-10T10:38:49","date_gmt":"2016-02-10T09:38:49","guid":{"rendered":"http:\/\/cadetfrancelibre.fr\/?page_id=62"},"modified":"2020-12-26T20:22:07","modified_gmt":"2020-12-26T19:22:07","slug":"brymbach","status":"publish","type":"page","link":"https:\/\/cadetfrancelibre.fr\/index.php\/formation\/brymbach\/","title":{"rendered":"BRYNBACH"},"content":{"rendered":"<p><img loading=\"lazy\" decoding=\"async\" src=\"https:\/\/cadetfrancelibre.fr\/wp-content\/uploads\/2016\/02\/Brymbach.jpg\" alt=\"Brymbach\" width=\"595\" height=\"350\" class=\"alignleft size-full wp-image-68\" srcset=\"https:\/\/cadetfrancelibre.fr\/wp-content\/uploads\/2016\/02\/Brymbach.jpg 595w, https:\/\/cadetfrancelibre.fr\/wp-content\/uploads\/2016\/02\/Brymbach-300x176.jpg 300w\" sizes=\"auto, (max-width: 595px) 100vw, 595px\" \/><\/p>\n<h3>BRYNBACH CAMP &#8211; la \u00ab\u00a0LEGION DES JEUNES VOLONTAIRES FRANCAIS\u00a0\u00bb<\/h3>\n<p>Parmi les volontaires qui ralli\u00e8rent la France Libre incarn\u00e9e par le g\u00e9n\u00e9ral de GAULLE en juin et juillet 1940 se trouvaient de nombreux jeunes gens \u00e2g\u00e9s de 15 \u00e0 17 ans.<br \/>\nDirig\u00e9s d\u2019abord vers le camp de Norwood, celui d\u2019Anerley ou d\u2019autres puis sur l\u2019Olympia (Empire Hall) pr\u00e8s de Hammersmith, la question de leur devenir imm\u00e9diat se posa rapidement.<br \/>\nTous, bien entendu, voulaient s\u2019engager le plus rapidement possible. On assista alors \u00e0 un festival de d\u00e9clarations fantaisistes par ceux d\u2019entre nous qui avaient perdu leurs papiers, expr\u00e8s ou non, ou d\u2019essais de ce qu\u2019il faut bien appeler de falsification de passeports pour d\u2019autres.<br \/>\nSauf exception notre mine juv\u00e9nile ne trompa personne bien entendu.<br \/>\nLa d\u00e9cision d\u2019envoyer tout ce jeune monde hors de Londres fut assez rapidement prise et la \u00ab L\u00e9gion des Jeunes Volontaires Fran\u00e7ais \u00bb fut cr\u00e9\u00e9e \u00e0 BRYNBACH CAMP, site d\u2019un camp scout au Pays de Galles.<br \/>\nFinanci\u00e8rement et mat\u00e9riellement la charge de l\u2019entreprise fut support\u00e9e par des organisations scoutes de toutes confessions.<br \/>\nNous y rest\u00e2mes deux mois, juillet et ao\u00fbt, nous \u00e9tions pr\u00e8s de deux cent.<\/p>\n<h3>BRYNBACH CAMP.<\/h3>\n<p>Le camp \u00e9tait situ\u00e9 en pleine r\u00e9gion montagneuse du Pays de Calles \u00e0 environ 14 kilom\u00e8tres de DENBIGH, la ville la plus proche du comt\u00e9 de Denbighshire. \u00ab C\u2019est le calme et le silence. Qui pouvait penser que nous \u00e9tions en guerre avec ses bombardements et ses menaces d\u2019invasion? \u00bb<\/p>\n<p>Ces jeunes de conditions tr\u00e8s vari\u00e9es et venus de tous horizons, sont command\u00e9s par le capitaine Fr\u00e9d\u00e9ric LESCURE( rescap\u00e9 de Dunkerque), second\u00e9 par quatre \u00e9tudiants de 20 \u00e0 24 ans qui avaient re\u00e7u leur galon pour la circonstance: <a href=\"http:\/\/www.francaislibres.net\/liste\/fiche.php?index=77189\" target=\"_blank\" rel=\"noopener noreferrer\">Andr\u00e9 KUHNER<\/a>, <a href=\"http:\/\/www.francaislibres.net\/liste\/fiche.php?index=76467\" target=\"_blank\" rel=\"noopener noreferrer\">de KERGORLAY<\/a>, <a href=\"http:\/\/www.francaislibres.net\/liste\/fiche.php?index=77921\" target=\"_blank\" rel=\"noopener noreferrer\">LAMODIERE<\/a> et <a href=\"http:\/\/www.ordredelaliberation.fr\/fr\/les-compagnons\/589\/joel-le-tac\" target=\"_blank\" rel=\"noopener noreferrer\">Jo\u00ebl LE TAC<\/a>. Cet encadrement fut compl\u00e9t\u00e9 \u00e0 partir du 8 ao\u00fbt par le sergent-chef Joseph LE GUEVEL qui suivra les futurs Cadets \u00e0 RAKEMANOR puis \u00e0 MALVERN.<br \/>\nLe camp est \u00e0 flanc de coteau. Les tentes coniques sont r\u00e9parties en quatre groupes correspondant aux sections qui portent chacune une couleur distincte: 3 sur les pentes, une, en bas, pr\u00e8s d\u2019un ruisseau. Cinq ou six tentes formaient une section et chaque tente abritait huit volontaires qui, la nuit, dormaient en \u00e9ventail autour du m\u00e2t central. Paillasses et foug\u00e8res nous fournissaient une couche odorante.<br \/>\nLes chefs de section avaient une tente commune.<br \/>\nLe capitaine LESCURE avait refus\u00e9 d\u2019occuper un pavillon tout proche et disposait d\u2019une tente.<br \/>\nPr\u00e8s du ruisseau deux baraques en bois, assez mis\u00e9rables servent, l\u2019une de r\u00e9fectoire, l\u2019autre de r\u00e9serve.<br \/>\nAu centre du camp, un m\u00e2t sur lequel flottait le drapeau fran\u00e7ais.<br \/>\nL\u2019uniforme est en gros celui des scouts anglais. Eh oui ! B\u00e9ret (fran\u00e7ais) chemise et culotte courte kaki, grosses chaussettes beige clair et espadrilles en attendant de recevoir plus tard de traditionnels \u00ab boots \u00bb de l\u2019arm\u00e9e britannique; l\u2019ensemble est compl\u00e9t\u00e9 par un foulard aux couleurs de la section et un \u00e9cusson tricolore frapp\u00e9 des lettres F.0.F. ( Fight On France! ) sur l\u2019\u00e9paule.<br \/>\n<a href=\"https:\/\/cadetfrancelibre.fr\/wp-content\/uploads\/2016\/02\/ASCFL_Brymbach_Nourriture.pdf\">La nourriture<\/a> &#8211; <a href=\"https:\/\/cadetfrancelibre.fr\/wp-content\/uploads\/2016\/02\/ASCFL_Brymbach_La-grande-marche.pdf\">La grande marche<\/a> &#8211; La <a href=\"https:\/\/cadetfrancelibre.fr\/wp-content\/uploads\/2016\/02\/ASCFL_Brymbach_La-visite-du-G\u00e9n\u00e9ral.pdf\" target=\"_blank\" rel=\"noopener noreferrer\">visite du G\u00e9n\u00e9ral De Gaulle<\/a><\/p>\n<h3>La dispersion<\/h3>\n<p>En Septembre 1940, le camp est abandonn\u00e9<\/p>\n<p>Une partie des volontaires s&rsquo;engage dans la Marine qui accepte les volontaires d\u00e8s 17 ans<br \/>\nCeux qui sont susceptibles de <a href=\"https:\/\/cadetfrancelibre.fr\/index.php\/2016\/02\/13\/passer-le-bac-a-londres-en-1940\">passer le baccalaur\u00e9at <\/a>vont \u00e0 Londres et sont h\u00e9berg\u00e9s \u00e0 Eaton square pour pr\u00e9parer la session d&rsquo;octobre du Baccalaur\u00e9at<br \/>\nL&rsquo;\u00e9tape suivante sera Rake-Manor<\/p>\n<p><a href=\"https:\/\/cadetfrancelibre.fr\/index.php\/formation\/rake-manor\/\"><img loading=\"lazy\" decoding=\"async\" class=\"alignright wp-image-1393 size-full\" src=\"https:\/\/cadetfrancelibre.fr\/wp-content\/uploads\/2019\/01\/lien_page.jpg\" alt=\"lien_page\" width=\"98\" height=\"54\"><\/a><\/p>\n","protected":false},"excerpt":{"rendered":"<p>BRYNBACH CAMP &#8211; la \u00ab\u00a0LEGION DES JEUNES VOLONTAIRES FRANCAIS\u00a0\u00bb Parmi les volontaires qui ralli\u00e8rent la France Libre incarn\u00e9e par le g\u00e9n\u00e9ral de GAULLE en juin et juillet 1940 se trouvaient de nombreux jeunes gens \u00e2g\u00e9s de 15 \u00e0 17 ans. &hellip; <a href=\"https:\/\/cadetfrancelibre.fr\/index.php\/formation\/brymbach\/\">Continuer la lecture <span class=\"meta-nav\">&rarr;<\/span><\/a><\/p>\n","protected":false},"author":1,"featured_media":68,"parent":14,"menu_order":2,"comment_status":"closed","ping_status":"closed","template":"","meta":{"footnotes":""},"class_list":["post-62","page","type-page","status-publish","has-post-thumbnail","hentry"],"_links":{"self":[{"href":"https:\/\/cadetfrancelibre.fr\/index.php\/wp-json\/wp\/v2\/pages\/62","targetHints":{"allow":["GET"]}}],"collection":[{"href":"https:\/\/cadetfrancelibre.fr\/index.php\/wp-json\/wp\/v2\/pages"}],"about":[{"href":"https:\/\/cadetfrancelibre.fr\/index.php\/wp-json\/wp\/v2\/types\/page"}],"author":[{"embeddable":true,"href":"https:\/\/cadetfrancelibre.fr\/index.php\/wp-json\/wp\/v2\/users\/1"}],"replies":[{"embeddable":true,"href":"https:\/\/cadetfrancelibre.fr\/index.php\/wp-json\/wp\/v2\/comments?post=62"}],"version-history":[{"count":19,"href":"https:\/\/cadetfrancelibre.fr\/index.php\/wp-json\/wp\/v2\/pages\/62\/revisions"}],"predecessor-version":[{"id":2170,"href":"https:\/\/cadetfrancelibre.fr\/index.php\/wp-json\/wp\/v2\/pages\/62\/revisions\/2170"}],"up":[{"embeddable":true,"href":"https:\/\/cadetfrancelibre.fr\/index.php\/wp-json\/wp\/v2\/pages\/14"}],"wp:featuredmedia":[{"embeddable":true,"href":"https:\/\/cadetfrancelibre.fr\/index.php\/wp-json\/wp\/v2\/media\/68"}],"wp:attachment":[{"href":"https:\/\/cadetfrancelibre.fr\/index.php\/wp-json\/wp\/v2\/media?parent=62"}],"curies":[{"name":"wp","href":"https:\/\/api.w.org\/{rel}","templated":true}]}}