{"id":620,"date":"2016-05-23T17:59:28","date_gmt":"2016-05-23T16:59:28","guid":{"rendered":"http:\/\/cadetfrancelibre.fr\/?page_id=620"},"modified":"2022-05-06T12:14:09","modified_gmt":"2022-05-06T11:14:09","slug":"les-cadets-venus-du-bout-du-monde","status":"publish","type":"page","link":"https:\/\/cadetfrancelibre.fr\/index.php\/levasion\/les-cadets-venus-du-bout-du-monde\/","title":{"rendered":"Les Cadets venus du bout du Monde"},"content":{"rendered":"<p>Fran\u00e7ais fils d&rsquo;expatri\u00e9s ou de diplomates, parfois dot\u00e9s d&rsquo;une double nationalit\u00e9, mais Fran\u00e7ais de c\u0153ur, ils n&rsquo;h\u00e9sitent pas \u00e0 traverser les mers pour rejoindre l&rsquo;Angleterre et combattre pour lib\u00e9rer\u00a0la France. beaucoup d&rsquo;entre eux vont m\u00eame y laisser leur vie.<\/p>\n<ul>\n<li>D&rsquo;<strong>Angola<\/strong> comme Gaston Viguier<\/li>\n<li>D&rsquo;<strong>Argentine<\/strong> comme\u00a0Michel Iriart, Patrick Agsteribbe, Pierre Lag\u00e8ze<\/li>\n<li>Du <strong>Br\u00e9sil<\/strong> comme Lucien Armengaud<\/li>\n<li>D&rsquo;<strong>Egypte<\/strong> comme Jean Berberian, Raymond Cassel, Pierre Cera<\/li>\n<li>Des <strong>Etats-Unis<\/strong> comme Claude Barr\u00e8s, Patrick Beaufr\u00e8re, Fran\u00e7ois Chapman ou Fran\u00e7ois Mariani ou Jean-Jacques Demorest (<a href=\"https:\/\/cadetfrancelibre.fr\/wp-content\/uploads\/2016\/12\/ASCFL_DEMOREST_1940.pdf\" target=\"_blank\" rel=\"noopener noreferrer\">R\u00e9cit<\/a>) ou <a href=\"https:\/\/cadetfrancelibre.fr\/wp-content\/uploads\/2022\/05\/ASCFL_WP160_La_fugue_des_fr\u00e8res_Lacloche.pdf\" target=\"_blank\" rel=\"noopener noreferrer\">les fr\u00e8res Lacloche<\/a><\/li>\n<li>D&rsquo;<strong>Ha\u00efti<\/strong> comme Henri Heynes<\/li>\n<li>Du <strong>Liban<\/strong> comme\u00a0 Claude Albenois, Bernard Blouin,\u00a0Charles Bosman, Marcel Charles, Yves-Bertrand Cortadellas, Joseph Engels, Pierre Kriegel, Pierre Le Hericy, Ren\u00e9 Marbot, Maurice Nidelet, Bernard Prigl d&rsquo;Ondl, Raymond Richert, Jacques Roux, Michel Royer, Jean-Luc Scherdlin<\/li>\n<li>du <strong>Mexique<\/strong> comme Serge Arvengas, Henry Bernier, Andr\u00e9 G\u00e9rard (<a href=\"https:\/\/cadetfrancelibre.fr\/wp-content\/uploads\/2017\/12\/ASCFL_Ralliement_G\u00e9rard_Fr.pdf\" target=\"_blank\" rel=\"noopener noreferrer\">r\u00e9cit<\/a>), Marcel Ruff, Jean Servi\u00e8re<\/li>\n<li>de <strong>Madagascar<\/strong> comme Paul Barbier, Raymond Bartoli, Fran\u00e7ois Berthoumeau, Jacques Bernard, Marc BOYE, Jean Buissi\u00e8re, Brice Darrieux, Marcel et Roger Edme, Jean Eymond, Jean Giraud-Vinet, Marcel Gonthier, Jacques Hannebicque, Michel L&rsquo;Huillier, Louis Paoli et Jacques Rabec (<a href=\"https:\/\/cadetfrancelibre.fr\/wp-content\/uploads\/2016\/06\/ASCFL_Les-GACHE.pdf\" target=\"_blank\" rel=\"noopener noreferrer\">R\u00e9cit<\/a>)<\/li>\n<li>De <strong>la Martinique<\/strong> comme Louis Bailly, Louis Lucy de Fossarieu, Bernard Duprez, Pierre Calonne Le Camus, Jo\u00ebl Nicol, Jean Volny<\/li>\n<li>De l&rsquo;ile <strong>Maurice<\/strong> comme Jacques Bernard, Yves Cantin<\/li>\n<li>Des <strong>Nouvelles H\u00e9brides<\/strong> comme Jacques Naturel<\/li>\n<li>De la <strong>R\u00e9union<\/strong> comme Louis Paoli, Paul Verg\u00e8s<\/li>\n<li>De <strong>Syrie<\/strong> comme Jean Kling, Jean Premel, Fernand Triolet<\/li>\n<li>De <strong>Turquie<\/strong> comme Jean Wagner<\/li>\n<\/ul>\n<p><em>S&rsquo;ils n&rsquo;ont pas \u00e0 passer par l&rsquo;Espagne, ils doivent souvent combattre des r\u00e9ticences diplomatiques et affronter une travers\u00e9e en mer au p\u00e9ril des U-Bootes<\/em><\/p>\n<p><a href=\"https:\/\/cadetfrancelibre.fr\/index.php\/levasion\/lyceens-ou-etudiants-avides-de-liberte\/\"><img loading=\"lazy\" decoding=\"async\" class=\"alignright wp-image-1393 size-full\" src=\"https:\/\/cadetfrancelibre.fr\/wp-content\/uploads\/2019\/01\/lien_page.jpg\" alt=\"lien_page\" width=\"98\" height=\"54\" \/><\/a><\/p>\n","protected":false},"excerpt":{"rendered":"<p>Fran\u00e7ais fils d&rsquo;expatri\u00e9s ou de diplomates, parfois dot\u00e9s d&rsquo;une double nationalit\u00e9, mais Fran\u00e7ais de c\u0153ur, ils n&rsquo;h\u00e9sitent pas \u00e0 traverser les mers pour rejoindre l&rsquo;Angleterre et combattre pour lib\u00e9rer\u00a0la France. beaucoup d&rsquo;entre eux vont m\u00eame y laisser leur vie. D&rsquo;Angola &hellip; <a href=\"https:\/\/cadetfrancelibre.fr\/index.php\/levasion\/les-cadets-venus-du-bout-du-monde\/\">Continuer la lecture <span class=\"meta-nav\">&rarr;<\/span><\/a><\/p>\n","protected":false},"author":1,"featured_media":0,"parent":12,"menu_order":6,"comment_status":"closed","ping_status":"closed","template":"","meta":{"footnotes":""},"class_list":["post-620","page","type-page","status-publish","hentry"],"_links":{"self":[{"href":"https:\/\/cadetfrancelibre.fr\/index.php\/wp-json\/wp\/v2\/pages\/620","targetHints":{"allow":["GET"]}}],"collection":[{"href":"https:\/\/cadetfrancelibre.fr\/index.php\/wp-json\/wp\/v2\/pages"}],"about":[{"href":"https:\/\/cadetfrancelibre.fr\/index.php\/wp-json\/wp\/v2\/types\/page"}],"author":[{"embeddable":true,"href":"https:\/\/cadetfrancelibre.fr\/index.php\/wp-json\/wp\/v2\/users\/1"}],"replies":[{"embeddable":true,"href":"https:\/\/cadetfrancelibre.fr\/index.php\/wp-json\/wp\/v2\/comments?post=620"}],"version-history":[{"count":22,"href":"https:\/\/cadetfrancelibre.fr\/index.php\/wp-json\/wp\/v2\/pages\/620\/revisions"}],"predecessor-version":[{"id":2608,"href":"https:\/\/cadetfrancelibre.fr\/index.php\/wp-json\/wp\/v2\/pages\/620\/revisions\/2608"}],"up":[{"embeddable":true,"href":"https:\/\/cadetfrancelibre.fr\/index.php\/wp-json\/wp\/v2\/pages\/12"}],"wp:attachment":[{"href":"https:\/\/cadetfrancelibre.fr\/index.php\/wp-json\/wp\/v2\/media?parent=620"}],"curies":[{"name":"wp","href":"https:\/\/api.w.org\/{rel}","templated":true}]}}