{"id":629,"date":"2016-05-25T17:12:29","date_gmt":"2016-05-25T16:12:29","guid":{"rendered":"http:\/\/cadetfrancelibre.fr\/?page_id=629"},"modified":"2019-06-12T11:46:56","modified_gmt":"2019-06-12T10:46:56","slug":"le-bcra","status":"publish","type":"page","link":"https:\/\/cadetfrancelibre.fr\/index.php\/laction\/le-bcra\/","title":{"rendered":"LE BCRA"},"content":{"rendered":"<p>Ces initiales myst\u00e9rieuses d\u00e9signent le Bureau Central de Renseignement et d&rsquo;Action. (<a href=\"https:\/\/fr.wikipedia.org\/wiki\/Bureau_central_de_renseignements_et_d%27action\" target=\"_blank\">WIKI<\/a>)<br \/>\nCette entit\u00e9 \u00e0 chang\u00e9 plusieurs fois de nom et l&rsquo;on peut consulter les sites qui en racontent l&rsquo;histoire mouvement\u00e9e<br \/>\n<a href=\"http:\/\/www.defense.gouv.fr\/dgse\/tout-le-site\/le-bcra\" target=\"_blank\">site d\u00e9fense<\/a> &#8211; <a href=\"http:\/\/www.charles-de-gaulle.org\/pages\/revue-espoir\/articles-comptes-rendus-et-chroniques\/le-bcra-organe-essentiel-de-la-france-libre-entretien-avec-sebastien-albertelli.php\" target=\"_blank\">Fondation Charles De Gaulle<\/a>\u00a0&#8211; <a href=\"http:\/\/www.marianne.net\/blogsecretdefense\/La-DGSE-rend-hommage-au-BCRA_a488.html\" target=\"_blank\">DGSE<\/a><\/p>\n<h3><strong>Les cadets au BCRA<\/strong><\/h3>\n<h3>D&rsquo;abord impliqu\u00e9s dans des missions de Renseignement, les cadets sont envoy\u00e9s de fa\u00e7on plus massive en encadrement des maquis \u00e0 partir du d\u00e9barquement en Normandie. A partir de ce moment, c&rsquo;est l&rsquo;encadrement militaire des maquis qui mobilise les comp\u00e9tences des Cadets:<\/h3>\n<ul>\n<li>\u00a0Encadrement militaire des maquis (formation des volontaires &#8211; contr\u00f4le de l&rsquo;utilisation des armes)<\/li>\n<li>\u00a0Appui des offensives alli\u00e9es &#8211; sabotages, retardement des mouvements des troupes allemandes<\/li>\n<li>\u00a0Aide \u00e0 la mise en place d&rsquo;une administration officielle d\u00e8s la lib\u00e9ration (pour \u00e9viter aussi bien l&rsquo;administration Am\u00e9ricaine que des \u00ab\u00a0autonomies\u00a0\u00bb communistes.<\/li>\n<\/ul>\n<p><strong>R\u00e9cit de Cadets<\/strong><\/p>\n<ul>\n<li>Albert BLIN sur la poche de Saint-Nazaire (<a href=\"https:\/\/cadetfrancelibre.fr\/wp-content\/uploads\/2017\/03\/ASCFL_RECIT_Albert-Blin.pdf\" target=\"_blank\">lire<\/a>) ou intervient \u00e9galement Raymond <a href=\"https:\/\/cadetfrancelibre.fr\/wp-content\/uploads\/2019\/05\/ASCFL_WP155_THALMANN_souvenirs.pdf\" rel=\"noopener\" target=\"_blank\">THALMAN<\/a><\/li>\n<li>Claude VOILLERY encadre un maquis en Bourgogne (<a href=\"https:\/\/cadetfrancelibre.fr\/wp-content\/uploads\/2017\/05\/ASCFL_Un-Maquis-en-Bourgogne.pdf\" target=\"_blank\">lire<\/a>)<\/li>\n<li>Louis LUCY de FOSSARIEU\u00a0dans le Jura (<a href=\"https:\/\/cadetfrancelibre.fr\/wp-content\/uploads\/2017\/12\/ASCFL_BCRA_Fossarieux.pdf\" target=\"_blank\" rel=\"noopener\">lire<\/a>)<\/li>\n<li>Andr\u00e9 GERARD Un combat du maquis pr\u00e8s de La Bresse (<a href=\"https:\/\/cadetfrancelibre.fr\/wp-content\/uploads\/2018\/02\/ASCFL_GERARD_Vosges_fran\u00e7ais.pdf\" target=\"_blank\" rel=\"noopener\">lire<\/a>)<\/li>\n<\/ul>\n<p>&nbsp;<\/p>\n<p><strong>Prochainement:\u00a0D&rsquo;autres r\u00e9cits<\/strong><\/p>\n<p><a href=\"https:\/\/cadetfrancelibre.fr\/index.php\/laction\/les-parachutistes-des-3eme-et-4eme-s-a-s-2eme-et-4eme-rcp\/\"><img loading=\"lazy\" decoding=\"async\" class=\"alignright wp-image-1393 size-full\" src=\"https:\/\/cadetfrancelibre.fr\/wp-content\/uploads\/2019\/01\/lien_page.jpg\" alt=\"lien_page\" width=\"98\" height=\"54\" \/><\/a><\/p>\n","protected":false},"excerpt":{"rendered":"<p>Ces initiales myst\u00e9rieuses d\u00e9signent le Bureau Central de Renseignement et d&rsquo;Action. (WIKI) Cette entit\u00e9 \u00e0 chang\u00e9 plusieurs fois de nom et l&rsquo;on peut consulter les sites qui en racontent l&rsquo;histoire mouvement\u00e9e site d\u00e9fense &#8211; Fondation Charles De Gaulle\u00a0&#8211; DGSE Les &hellip; <a href=\"https:\/\/cadetfrancelibre.fr\/index.php\/laction\/le-bcra\/\">Continuer la lecture <span class=\"meta-nav\">&rarr;<\/span><\/a><\/p>\n","protected":false},"author":1,"featured_media":0,"parent":20,"menu_order":8,"comment_status":"closed","ping_status":"closed","template":"","meta":{"footnotes":""},"class_list":["post-629","page","type-page","status-publish","hentry"],"_links":{"self":[{"href":"https:\/\/cadetfrancelibre.fr\/index.php\/wp-json\/wp\/v2\/pages\/629","targetHints":{"allow":["GET"]}}],"collection":[{"href":"https:\/\/cadetfrancelibre.fr\/index.php\/wp-json\/wp\/v2\/pages"}],"about":[{"href":"https:\/\/cadetfrancelibre.fr\/index.php\/wp-json\/wp\/v2\/types\/page"}],"author":[{"embeddable":true,"href":"https:\/\/cadetfrancelibre.fr\/index.php\/wp-json\/wp\/v2\/users\/1"}],"replies":[{"embeddable":true,"href":"https:\/\/cadetfrancelibre.fr\/index.php\/wp-json\/wp\/v2\/comments?post=629"}],"version-history":[{"count":9,"href":"https:\/\/cadetfrancelibre.fr\/index.php\/wp-json\/wp\/v2\/pages\/629\/revisions"}],"predecessor-version":[{"id":1590,"href":"https:\/\/cadetfrancelibre.fr\/index.php\/wp-json\/wp\/v2\/pages\/629\/revisions\/1590"}],"up":[{"embeddable":true,"href":"https:\/\/cadetfrancelibre.fr\/index.php\/wp-json\/wp\/v2\/pages\/20"}],"wp:attachment":[{"href":"https:\/\/cadetfrancelibre.fr\/index.php\/wp-json\/wp\/v2\/media?parent=629"}],"curies":[{"name":"wp","href":"https:\/\/api.w.org\/{rel}","templated":true}]}}