{"id":634,"date":"2016-05-26T16:08:04","date_gmt":"2016-05-26T15:08:04","guid":{"rendered":"http:\/\/cadetfrancelibre.fr\/?page_id=634"},"modified":"2019-01-29T16:43:41","modified_gmt":"2019-01-29T15:43:41","slug":"les-officiers-qui-ont-assure-linstruction","status":"publish","type":"page","link":"https:\/\/cadetfrancelibre.fr\/index.php\/formation\/les-officiers-qui-ont-assure-linstruction\/","title":{"rendered":"Les officiers qui ont assur\u00e9 l&rsquo;instruction"},"content":{"rendered":"<p>Si l&rsquo;\u00e9cole fut une belle r\u00e9ussite, c&rsquo;est sans doute du aux qualit\u00e9s des \u00e9l\u00e8ves qui avaient tous montr\u00e9 de fortes personnalit\u00e9s avant m\u00eame leur arriv\u00e9e. Mais la formations de chefs, capable d&rsquo;entrainer des homme, capables de se sacrifier, mais aussi d&rsquo;\u00e9pargner les vies qui leurs sont confi\u00e9es est due \u00e0 la qualit\u00e9 de l&rsquo;encadrement.<br \/>\nD\u00e8s le d\u00e9but, le G\u00e9n\u00e9ral De Gaulle avait voulu que l&rsquo;\u00e9cole se situe de fa\u00e7on indiscutable dans la tradition de Saint-Cyr et les officiers choisis pour encadrer la formations \u00e9taient soit des p\u00e9dagogues reconnus, soit des officiers non seulement sortis du moule saint-cyriens, mais ayant eux aussi fait la preuve de leurs qualit\u00e9s combatives et de leurs volont\u00e9 de vaincre.<\/p>\n<p><img decoding=\"async\" src=\"https:\/\/cadetfrancelibre.fr\/wp-content\/uploads\/2016\/09\/ASCFL_PROMO_Cadres2.jpg\" alt=\"Les Cadres de l'Ecole des Cadets de la France libre en 1943\" \/><\/p>\n<p><strong>Au 1er rang:<\/strong> Le M\u00e9decin-Lieutenant ROZENZWEIG, le Lieutenant <a href=\"http:\/\/www.francaislibres.net\/liste\/fiche.php?index=52824\" target=\"_blank\" rel=\"noopener\">BACONNAIS<\/a>, L&rsquo;aspirant <a href=\"http:\/\/www.francaislibres.net\/liste\/fiche.php?index=8064\" target=\"_blank\" rel=\"noopener\">LEHRMAN<\/a>, le Sous-lieutenant <a href=\"http:\/\/www.francaislibres.net\/liste\/fiche.php?index=97809\" target=\"_blank\" rel=\"noopener\">TARAVEL<\/a>, le capitaine FAURE, le chef d&rsquo;escadron <a href=\"http:\/\/www.francaislibres.net\/liste\/fiche.php?index=58829\" target=\"_blank\" rel=\"noopener\">de CABROL<\/a>, le chef de bataillon <a href=\"http:\/\/www.francaislibres.net\/liste\/fiche.php?index=54055\" target=\"_blank\" rel=\"noopener\">BEAUDOUIN<\/a>, le capitaine <a href=\"http:\/\/www.francaislibres.net\/liste\/fiche.php?index=77755\" target=\"_blank\" rel=\"noopener\">de LAJUDIE<\/a>, le lieutenant <a href=\"http:\/\/www.francaislibres.net\/liste\/fiche.php?index=115277\" target=\"_blank\" rel=\"noopener\">SOURIEAU<\/a>, le lieutenant <a href=\"http:\/\/www.francaislibres.net\/liste\/fiche.php?index=86813\" target=\"_blank\" rel=\"noopener\">MOULIE<\/a>, le lieutenant <a href=\"http:\/\/www.francaislibres.net\/liste\/fiche.php?index=90724\" target=\"_blank\" rel=\"noopener\">PICHON<\/a>, le R.P. O&rsquo;HARA<\/p>\n<p><strong>Au 2\u00e8me rang:<\/strong> L&rsquo;adjudant <a href=\"http:\/\/www.francaislibres.net\/liste\/fiche.php?index=60219\" target=\"_blank\" rel=\"noopener\">CHADRIN<\/a>, les auxiliaires f\u00e9minines, le lieutenant <a href=\"http:\/\/www.francaislibres.net\/liste\/fiche.php?index=84111\" target=\"_blank\" rel=\"noopener\">MASSON<\/a><\/p>\n<p>Les 10 volontaires f\u00e9minines sont: Betty LOYNES, Jacqueline <a href=\"http:\/\/www.francaislibres.net\/liste\/fiche.php?index=111258\" rel=\"noopener\" target=\"_blank\">JOST<\/a>, Mrs KIDD, Monique de <a href=\"http:\/\/www.francaislibres.net\/liste\/fiche.php?index=94166\" rel=\"noopener\" target=\"_blank\">Rothschild<\/a>, Jeanne <a href=\"http:\/\/www.francaislibres.net\/liste\/fiche.php?index=81343\" rel=\"noopener\" target=\"_blank\">LEVEQUE<\/a>, Suzanne <a href=\"http:\/\/www.francaislibres.net\/liste\/fiche.php?index=76689\" rel=\"noopener\" target=\"_blank\">KIDD<\/a>, Ren\u00e9e <a href=\"http:\/\/www.francaislibres.net\/liste\/fiche.php?index=83178\" rel=\"noopener\" target=\"_blank\">MANKEL<\/a>, Betty MELLORS, C\u00e9cile FACQ, Jacqueline <a href=\"http:\/\/www.francaislibres.net\/liste\/fiche.php?index=53780\" rel=\"noopener\" target=\"_blank\">BATICLE<\/a><\/p>\n<p><a href=\"https:\/\/cadetfrancelibre.fr\/index.php\/formation\/\/luniforme-des-cadets\/\"><img loading=\"lazy\" decoding=\"async\" class=\"alignright wp-image-1393 size-full\" src=\"https:\/\/cadetfrancelibre.fr\/wp-content\/uploads\/2019\/01\/lien_page.jpg\" alt=\"lien_page\" width=\"98\" height=\"54\" \/><\/a><\/p>\n","protected":false},"excerpt":{"rendered":"<p>Si l&rsquo;\u00e9cole fut une belle r\u00e9ussite, c&rsquo;est sans doute du aux qualit\u00e9s des \u00e9l\u00e8ves qui avaient tous montr\u00e9 de fortes personnalit\u00e9s avant m\u00eame leur arriv\u00e9e. Mais la formations de chefs, capable d&rsquo;entrainer des homme, capables de se sacrifier, mais aussi &hellip; <a href=\"https:\/\/cadetfrancelibre.fr\/index.php\/formation\/les-officiers-qui-ont-assure-linstruction\/\">Continuer la lecture <span class=\"meta-nav\">&rarr;<\/span><\/a><\/p>\n","protected":false},"author":1,"featured_media":0,"parent":14,"menu_order":20,"comment_status":"closed","ping_status":"closed","template":"","meta":{"footnotes":""},"class_list":["post-634","page","type-page","status-publish","hentry"],"_links":{"self":[{"href":"https:\/\/cadetfrancelibre.fr\/index.php\/wp-json\/wp\/v2\/pages\/634","targetHints":{"allow":["GET"]}}],"collection":[{"href":"https:\/\/cadetfrancelibre.fr\/index.php\/wp-json\/wp\/v2\/pages"}],"about":[{"href":"https:\/\/cadetfrancelibre.fr\/index.php\/wp-json\/wp\/v2\/types\/page"}],"author":[{"embeddable":true,"href":"https:\/\/cadetfrancelibre.fr\/index.php\/wp-json\/wp\/v2\/users\/1"}],"replies":[{"embeddable":true,"href":"https:\/\/cadetfrancelibre.fr\/index.php\/wp-json\/wp\/v2\/comments?post=634"}],"version-history":[{"count":8,"href":"https:\/\/cadetfrancelibre.fr\/index.php\/wp-json\/wp\/v2\/pages\/634\/revisions"}],"predecessor-version":[{"id":1421,"href":"https:\/\/cadetfrancelibre.fr\/index.php\/wp-json\/wp\/v2\/pages\/634\/revisions\/1421"}],"up":[{"embeddable":true,"href":"https:\/\/cadetfrancelibre.fr\/index.php\/wp-json\/wp\/v2\/pages\/14"}],"wp:attachment":[{"href":"https:\/\/cadetfrancelibre.fr\/index.php\/wp-json\/wp\/v2\/media?parent=634"}],"curies":[{"name":"wp","href":"https:\/\/api.w.org\/{rel}","templated":true}]}}