{"id":86,"date":"2016-02-10T13:46:40","date_gmt":"2016-02-10T12:46:40","guid":{"rendered":"http:\/\/cadetfrancelibre.fr\/?page_id=86"},"modified":"2019-01-29T10:23:40","modified_gmt":"2019-01-29T09:23:40","slug":"rake-manor","status":"publish","type":"page","link":"https:\/\/cadetfrancelibre.fr\/index.php\/formation\/rake-manor\/","title":{"rendered":"Rake Manor"},"content":{"rendered":"<h3>Rake Manor Prytan\u00e9e militaire<\/h3>\n<p>Les bombardements s&rsquo;intensifiant sur Londres, on \u00e9vacue les \u00e9tudiants d\u00e8s la fin des \u00e9preuves du bac et on commence \u00e0 organiser une formation militaire<\/p>\n<p>Mais Rake-manor, petit cottage du Surrey s&rsquo;av\u00e8re peu adapt\u00e9 \u00e0 la vie du groupe.<\/p>\n<p>Les \u00e9tudiants sont log\u00e9s dans les d\u00e9pendances de la r\u00e9sidence de Madame Talia GAGE du \u00ab\u00a0Comit\u00e9 international\u00a0d&rsquo;aide aux Fran\u00e7ais Libres\u00a0\u00bb.<br \/>\nIls y sont rejoints un peu plus tard par de plus jeunes.<\/p>\n<p>Etienne Laurent raconte<\/p>\n<p align=\"LEFT\"><em><span style=\"font-family: CharterBT-Roman;\">Le premier contact avec les gens, les choses et l&rsquo;environnement, n&rsquo;est pas r\u00e9jouissant. C&rsquo;est donc l\u00e0, dans de vieilles b\u00e2tisses, des d\u00e9pendances aux baraquements d\u00e9labr\u00e9s, que nous sommes suppos\u00e9s poursuivre nos \u00e9tudes, vivre et travailler.<\/span><\/em><\/p>\n<p align=\"LEFT\"><em><span style=\"font-family: CharterBT-Roman;\">D&rsquo;anciennes \u00e9curies ou \u00e9tables, depuis longtemps abandonn\u00e9es aux intemp\u00e9ries vont servir de dortoirs et de lieux de travail. Les murs sont faits de planches disjointes qui reposent sur un soubassement de briques. Pas de fen\u00eatre, une ou deux ampoules \u00e9clairent faiblement les lieux, un apport de bougies est indispensable pour voir un peu clair. sur un sol presque en terre battue, des lits superpos\u00e9s, un tuyau avec un unique robinet d&rsquo;eau froide qui sera ult\u00e9rieurement multipli\u00e9 par 4 et six cuvettes pour se laver.<\/span><\/em><\/p>\n<p align=\"LEFT\"><em><span style=\"font-family: CharterBT-Roman;\">Il fait un froid particuli\u00e8rement vif en ce mois d&rsquo;Octobre 1940. Sur les dix couvertures allou\u00e9es \u00e0 chacun de nous, cinq servent de materas, l&rsquo;unique po\u00eale \u00e0 charbon, toujours pouss\u00e9 \u00e0 fond fait de son mieux pour chauffer nos deux dortoirs mais faute de combustible suffisant, il s&rsquo;\u00e9teint au milieu de la nuit. Nous n&rsquo;arrivons pas \u00e0 nous r\u00e9chauffer. Nous n&rsquo;enlevons gu\u00e8re d&rsquo;effets pour dormir. Les r\u00e9veils sont tr\u00e8s lents et douloureux, les exhortations de nos grad\u00e9s n&rsquo;y peuvent rien. Se laver? Pas question. Nous sommes, je suis comme les autres, tr\u00e8s sale. Un seul espoir dans ce domaine, mais le chemin est encore long, l&rsquo;arriv\u00e9e des beaux jours avec son soleil, mais malheureusement pas proche.<\/span> <\/em><\/p>\n<p><em><span style=\"font-family: CharterBT-Roman;\">Cette poign\u00e9e d&rsquo;adolescents en \u00ab Battle dress \u00bb, soumis \u00e0 une discipline militaire sans grisante contre partie, plong\u00e9s jour et nuit dans une atmosph\u00e8re de guerre n&rsquo;avaient plus la mentalit\u00e9 ni les pr\u00e9occupations ordinaires des coll\u00e9giens. Nous n&rsquo;avons qu&rsquo;une id\u00e9e en t\u00eate, celle de nous engager pour aller combattre l&rsquo;allemand. Nous nous sentons humili\u00e9s et abandonn\u00e9s. Nous \u00ab r\u00e2lons \u00bb en permanence. Un rayon de soleil tout de m\u00eame dans cette grisaille, nous aide \u00e0 supporter ces temps difficiles, la tr\u00e8s grande camaraderie qui r\u00e8gne entre nous.<\/span><\/em><\/p>\n<p>D&rsquo;abord con\u00e7u dans une optique d&rsquo;instruction g\u00e9n\u00e9rale, l&rsquo;enseignement ne r\u00e9ponds pas aux attentes des jeunes volontaires. Avec l&rsquo;arriv\u00e9e du Sous-Lieutenant Beaudoin, puis du sous-Lieutenant Louis de Cabrol, l&rsquo;enseignement prend un caract\u00e8re plus militaire.<\/p>\n<p>Un examen permet de s\u00e9lectionner ceux des volontaires ayant la capacit\u00e9 de devenir officiers<\/p>\n<p>Une inspection ordonn\u00e9e par le G\u00e9n\u00e9ral De Gaulle met en \u00e9vidence l&rsquo;inadaptation des locaux et au d\u00e9but de F\u00e9vrier 1941, c&rsquo;est l&rsquo;installation \u00e0 la maison 5 du coll\u00e8ge de MALVERN<\/p>\n<p>Le 30 d\u00e9cembre 1940, le G\u00e9n\u00e9ral De Gaulle vient \u00e0 Rake Manor et annonce la cr\u00e9ation de \u00ab\u00a0l&rsquo;Ecole des Cadets\u00a0\u00bb en m\u00eame temps qu&rsquo;il annonce un prochain d\u00e9m\u00e9nagement.<\/p>\n<h4>C&rsquo;est quoi \u00e7a ?<\/h4>\n<p>Le <a href=\"https:\/\/fr.wikipedia.org\/wiki\/Prytan%C3%A9e\">Prytan\u00e9e<\/a><br \/>\nLe <a href=\"https:\/\/fr.wikipedia.org\/wiki\/Prytan%C3%A9e_national_militaire\">prytan\u00e9e militaire<\/a>, c&rsquo;est le nom donn\u00e9 aux lyc\u00e9es fran\u00e7ais d\u00e9pendant du minist\u00e8re de la d\u00e9fense<\/p>\n<p><a href=\"https:\/\/cadetfrancelibre.fr\/index.php\/formation\/le-college-de-malvern\/\"><img loading=\"lazy\" decoding=\"async\" class=\"alignright wp-image-1393 size-full\" src=\"https:\/\/cadetfrancelibre.fr\/wp-content\/uploads\/2019\/01\/lien_page.jpg\" alt=\"lien_page\" width=\"98\" height=\"54\" \/><\/a><\/p>\n","protected":false},"excerpt":{"rendered":"<p>Rake Manor Prytan\u00e9e militaire Les bombardements s&rsquo;intensifiant sur Londres, on \u00e9vacue les \u00e9tudiants d\u00e8s la fin des \u00e9preuves du bac et on commence \u00e0 organiser une formation militaire Mais Rake-manor, petit cottage du Surrey s&rsquo;av\u00e8re peu adapt\u00e9 \u00e0 la vie &hellip; <a href=\"https:\/\/cadetfrancelibre.fr\/index.php\/formation\/rake-manor\/\">Continuer la lecture <span class=\"meta-nav\">&rarr;<\/span><\/a><\/p>\n","protected":false},"author":1,"featured_media":0,"parent":14,"menu_order":4,"comment_status":"closed","ping_status":"closed","template":"","meta":{"footnotes":""},"class_list":["post-86","page","type-page","status-publish","hentry"],"_links":{"self":[{"href":"https:\/\/cadetfrancelibre.fr\/index.php\/wp-json\/wp\/v2\/pages\/86","targetHints":{"allow":["GET"]}}],"collection":[{"href":"https:\/\/cadetfrancelibre.fr\/index.php\/wp-json\/wp\/v2\/pages"}],"about":[{"href":"https:\/\/cadetfrancelibre.fr\/index.php\/wp-json\/wp\/v2\/types\/page"}],"author":[{"embeddable":true,"href":"https:\/\/cadetfrancelibre.fr\/index.php\/wp-json\/wp\/v2\/users\/1"}],"replies":[{"embeddable":true,"href":"https:\/\/cadetfrancelibre.fr\/index.php\/wp-json\/wp\/v2\/comments?post=86"}],"version-history":[{"count":8,"href":"https:\/\/cadetfrancelibre.fr\/index.php\/wp-json\/wp\/v2\/pages\/86\/revisions"}],"predecessor-version":[{"id":1405,"href":"https:\/\/cadetfrancelibre.fr\/index.php\/wp-json\/wp\/v2\/pages\/86\/revisions\/1405"}],"up":[{"embeddable":true,"href":"https:\/\/cadetfrancelibre.fr\/index.php\/wp-json\/wp\/v2\/pages\/14"}],"wp:attachment":[{"href":"https:\/\/cadetfrancelibre.fr\/index.php\/wp-json\/wp\/v2\/media?parent=86"}],"curies":[{"name":"wp","href":"https:\/\/api.w.org\/{rel}","templated":true}]}}